{"id":230408,"date":"2021-06-11T07:48:30","date_gmt":"2021-06-11T07:48:30","guid":{"rendered":"https:\/\/airtificial.com\/aerospace-defense\/?page_id=230408"},"modified":"2021-10-05T08:37:05","modified_gmt":"2021-10-05T08:37:05","slug":"avionica","status":"publish","type":"page","link":"https:\/\/airtificial.com\/aerospace-defense\/avionica\/","title":{"rendered":"Avi\u00f3nica"},"content":{"rendered":"<p>Airtificial A&amp;D desarrolla equipos electr\u00f3nicos a medida bajo los m\u00e1s estrictos est\u00e1ndares de calidad y regulaciones civiles aplicables.<!--more--><\/p>\n<p>Nuestra experiencia en desarrollos certificados bajo las normativas DO-160, DO-178 o DO-254 ofrece a nuestros clientes soluciones completas ante necesidad espec\u00edficas que no puede ser resueltas mediante equipos comerciales.<\/p>\n<p>La obsolescencia, las nuevas plataformas a\u00e9reas o aspectos t\u00e9cnicos como los rangos de funcionamiento, el tama\u00f1o o la precisi\u00f3n, son algunos de los aspectos que conducen a nuestros clientes hasta nuestras soluciones<\/p>\n","protected":false},"excerpt":{"rendered":"<p>Airtificial A&amp;D desarrolla equipos electr\u00f3nicos a medida bajo los m\u00e1s estrictos est\u00e1ndares de calidad y regulaciones civiles aplicables.<\/p>\n","protected":false},"author":1,"featured_media":0,"parent":0,"menu_order":18,"comment_status":"closed","ping_status":"closed","template":"t-aerospace-defense\/template-avionica.php","meta":{"_acf_changed":false,"inline_featured_image":false,"footnotes":""},"class_list":["post-230408","page","type-page","status-publish","hentry"],"acf":[],"yoast_head":"<!-- This site is optimized with the Yoast SEO plugin v27.4 - https:\/\/yoast.com\/product\/yoast-seo-wordpress\/ -->\n<title>Avi\u00f3nica - Aerospace &amp; Defense<\/title>\n<meta name=\"robots\" content=\"index, follow, max-snippet:-1, max-image-preview:large, max-video-preview:-1\" \/>\n<link rel=\"canonical\" href=\"https:\/\/airtificial.com\/aerospace-defense\/avionica\/\" \/>\n<meta property=\"og:locale\" content=\"es_ES\" \/>\n<meta property=\"og:type\" content=\"article\" \/>\n<meta property=\"og:title\" content=\"Avi\u00f3nica - Aerospace &amp; Defense\" \/>\n<meta property=\"og:description\" content=\"Airtificial A&amp;D desarrolla equipos electr\u00f3nicos a medida bajo los m\u00e1s estrictos est\u00e1ndares de calidad y regulaciones civiles aplicables.\" \/>\n<meta property=\"og:url\" content=\"https:\/\/airtificial.com\/aerospace-defense\/avionica\/\" \/>\n<meta property=\"og:site_name\" content=\"Aerospace &amp; Defense\" \/>\n<meta property=\"article:modified_time\" content=\"2021-10-05T08:37:05+00:00\" \/>\n<meta name=\"twitter:card\" content=\"summary_large_image\" \/>\n<meta name=\"twitter:label1\" content=\"Tiempo de lectura\" \/>\n\t<meta name=\"twitter:data1\" content=\"1 minuto\" \/>\n<!-- \/ Yoast SEO plugin. -->","yoast_head_json":{"title":"Avi\u00f3nica - Aerospace &amp; Defense","robots":{"index":"index","follow":"follow","max-snippet":"max-snippet:-1","max-image-preview":"max-image-preview:large","max-video-preview":"max-video-preview:-1"},"canonical":"https:\/\/airtificial.com\/aerospace-defense\/avionica\/","og_locale":"es_ES","og_type":"article","og_title":"Avi\u00f3nica - Aerospace &amp; Defense","og_description":"Airtificial A&amp;D desarrolla equipos electr\u00f3nicos a medida bajo los m\u00e1s estrictos est\u00e1ndares de calidad y regulaciones civiles aplicables.","og_url":"https:\/\/airtificial.com\/aerospace-defense\/avionica\/","og_site_name":"Aerospace &amp; Defense","article_modified_time":"2021-10-05T08:37:05+00:00","twitter_card":"summary_large_image","twitter_misc":{"Tiempo de lectura":"1 minuto"},"schema":{"@context":"https:\/\/schema.org","@graph":[{"@type":"WebPage","@id":"https:\/\/airtificial.com\/aerospace-defense\/avionica\/","url":"https:\/\/airtificial.com\/aerospace-defense\/avionica\/","name":"Avi\u00f3nica - Aerospace &amp; Defense","isPartOf":{"@id":"https:\/\/airtificial.com\/aerospace-defense\/#website"},"datePublished":"2021-06-11T07:48:30+00:00","dateModified":"2021-10-05T08:37:05+00:00","breadcrumb":{"@id":"https:\/\/airtificial.com\/aerospace-defense\/avionica\/#breadcrumb"},"inLanguage":"es","potentialAction":[{"@type":"ReadAction","target":["https:\/\/airtificial.com\/aerospace-defense\/avionica\/"]}]},{"@type":"BreadcrumbList","@id":"https:\/\/airtificial.com\/aerospace-defense\/avionica\/#breadcrumb","itemListElement":[{"@type":"ListItem","position":1,"name":"Portada","item":"https:\/\/airtificial.com\/aerospace-defense\/"},{"@type":"ListItem","position":2,"name":"Avi\u00f3nica"}]},{"@type":"WebSite","@id":"https:\/\/airtificial.com\/aerospace-defense\/#website","url":"https:\/\/airtificial.com\/aerospace-defense\/","name":"Aerospace &amp; Defense","description":"Otro sitio m\u00e1s de Airtificial sitios","potentialAction":[{"@type":"SearchAction","target":{"@type":"EntryPoint","urlTemplate":"https:\/\/airtificial.com\/aerospace-defense\/?s={search_term_string}"},"query-input":{"@type":"PropertyValueSpecification","valueRequired":true,"valueName":"search_term_string"}}],"inLanguage":"es"}]}},"_links":{"self":[{"href":"https:\/\/airtificial.com\/aerospace-defense\/wp-json\/wp\/v2\/pages\/230408","targetHints":{"allow":["GET"]}}],"collection":[{"href":"https:\/\/airtificial.com\/aerospace-defense\/wp-json\/wp\/v2\/pages"}],"about":[{"href":"https:\/\/airtificial.com\/aerospace-defense\/wp-json\/wp\/v2\/types\/page"}],"author":[{"embeddable":true,"href":"https:\/\/airtificial.com\/aerospace-defense\/wp-json\/wp\/v2\/users\/1"}],"replies":[{"embeddable":true,"href":"https:\/\/airtificial.com\/aerospace-defense\/wp-json\/wp\/v2\/comments?post=230408"}],"version-history":[{"count":28,"href":"https:\/\/airtificial.com\/aerospace-defense\/wp-json\/wp\/v2\/pages\/230408\/revisions"}],"predecessor-version":[{"id":231704,"href":"https:\/\/airtificial.com\/aerospace-defense\/wp-json\/wp\/v2\/pages\/230408\/revisions\/231704"}],"wp:attachment":[{"href":"https:\/\/airtificial.com\/aerospace-defense\/wp-json\/wp\/v2\/media?parent=230408"}],"curies":[{"name":"wp","href":"https:\/\/api.w.org\/{rel}","templated":true}]}}