{"id":230410,"date":"2021-06-11T07:48:42","date_gmt":"2021-06-11T07:48:42","guid":{"rendered":"https:\/\/airtificial.com\/aerospace-defense\/?page_id=230410"},"modified":"2021-09-21T10:30:59","modified_gmt":"2021-09-21T10:30:59","slug":"robotica","status":"publish","type":"page","link":"https:\/\/airtificial.com\/aerospace-defense\/robotica\/","title":{"rendered":"Rob\u00f3tica"},"content":{"rendered":"<p>Gracias a su experiencia en la implantaci\u00f3n, ejecuci\u00f3n y optimizaci\u00f3n de procesos productivos en el sector aeroespacial, Airtificial A&amp;D es un socio ideal para la automatizaci\u00f3n de dichos procesos mediante el desarrollo de soluciones rob\u00f3ticas.<\/p>\n","protected":false},"excerpt":{"rendered":"<p>Gracias a su experiencia en la implantaci\u00f3n, ejecuci\u00f3n y optimizaci\u00f3n de procesos productivos en el sector aeroespacial, Airtificial A&amp;D es un socio ideal para la automatizaci\u00f3n de dichos procesos mediante el desarrollo de soluciones rob\u00f3ticas.<\/p>\n","protected":false},"author":1,"featured_media":0,"parent":0,"menu_order":19,"comment_status":"closed","ping_status":"closed","template":"t-aerospace-defense\/template-robotica.php","meta":{"_acf_changed":false,"inline_featured_image":false,"footnotes":""},"class_list":["post-230410","page","type-page","status-publish","hentry"],"acf":[],"yoast_head":"<!-- This site is optimized with the Yoast SEO plugin v27.3 - https:\/\/yoast.com\/product\/yoast-seo-wordpress\/ -->\n<title>Rob\u00f3tica - Aerospace &amp; Defense<\/title>\n<meta name=\"robots\" content=\"index, follow, max-snippet:-1, max-image-preview:large, max-video-preview:-1\" \/>\n<link rel=\"canonical\" href=\"https:\/\/airtificial.com\/aerospace-defense\/robotica\/\" \/>\n<meta property=\"og:locale\" content=\"es_ES\" \/>\n<meta property=\"og:type\" content=\"article\" \/>\n<meta property=\"og:title\" content=\"Rob\u00f3tica - Aerospace &amp; Defense\" \/>\n<meta property=\"og:description\" content=\"Gracias a su experiencia en la implantaci\u00f3n, ejecuci\u00f3n y optimizaci\u00f3n de procesos productivos en el sector aeroespacial, Airtificial A&amp;D es un socio ideal para la automatizaci\u00f3n de dichos procesos mediante el desarrollo de soluciones rob\u00f3ticas.\" \/>\n<meta property=\"og:url\" content=\"https:\/\/airtificial.com\/aerospace-defense\/robotica\/\" \/>\n<meta property=\"og:site_name\" content=\"Aerospace &amp; Defense\" \/>\n<meta property=\"article:modified_time\" content=\"2021-09-21T10:30:59+00:00\" \/>\n<meta name=\"twitter:card\" content=\"summary_large_image\" \/>\n<meta name=\"twitter:label1\" content=\"Tiempo de lectura\" \/>\n\t<meta name=\"twitter:data1\" content=\"1 minuto\" \/>\n<!-- \/ Yoast SEO plugin. -->","yoast_head_json":{"title":"Rob\u00f3tica - Aerospace &amp; Defense","robots":{"index":"index","follow":"follow","max-snippet":"max-snippet:-1","max-image-preview":"max-image-preview:large","max-video-preview":"max-video-preview:-1"},"canonical":"https:\/\/airtificial.com\/aerospace-defense\/robotica\/","og_locale":"es_ES","og_type":"article","og_title":"Rob\u00f3tica - Aerospace &amp; Defense","og_description":"Gracias a su experiencia en la implantaci\u00f3n, ejecuci\u00f3n y optimizaci\u00f3n de procesos productivos en el sector aeroespacial, Airtificial A&amp;D es un socio ideal para la automatizaci\u00f3n de dichos procesos mediante el desarrollo de soluciones rob\u00f3ticas.","og_url":"https:\/\/airtificial.com\/aerospace-defense\/robotica\/","og_site_name":"Aerospace &amp; Defense","article_modified_time":"2021-09-21T10:30:59+00:00","twitter_card":"summary_large_image","twitter_misc":{"Tiempo de lectura":"1 minuto"},"schema":{"@context":"https:\/\/schema.org","@graph":[{"@type":"WebPage","@id":"https:\/\/airtificial.com\/aerospace-defense\/robotica\/","url":"https:\/\/airtificial.com\/aerospace-defense\/robotica\/","name":"Rob\u00f3tica - Aerospace &amp; Defense","isPartOf":{"@id":"https:\/\/airtificial.com\/aerospace-defense\/#website"},"datePublished":"2021-06-11T07:48:42+00:00","dateModified":"2021-09-21T10:30:59+00:00","breadcrumb":{"@id":"https:\/\/airtificial.com\/aerospace-defense\/robotica\/#breadcrumb"},"inLanguage":"es","potentialAction":[{"@type":"ReadAction","target":["https:\/\/airtificial.com\/aerospace-defense\/robotica\/"]}]},{"@type":"BreadcrumbList","@id":"https:\/\/airtificial.com\/aerospace-defense\/robotica\/#breadcrumb","itemListElement":[{"@type":"ListItem","position":1,"name":"Portada","item":"https:\/\/airtificial.com\/aerospace-defense\/"},{"@type":"ListItem","position":2,"name":"Rob\u00f3tica"}]},{"@type":"WebSite","@id":"https:\/\/airtificial.com\/aerospace-defense\/#website","url":"https:\/\/airtificial.com\/aerospace-defense\/","name":"Aerospace &amp; Defense","description":"Otro sitio m\u00e1s de Airtificial sitios","potentialAction":[{"@type":"SearchAction","target":{"@type":"EntryPoint","urlTemplate":"https:\/\/airtificial.com\/aerospace-defense\/?s={search_term_string}"},"query-input":{"@type":"PropertyValueSpecification","valueRequired":true,"valueName":"search_term_string"}}],"inLanguage":"es"}]}},"_links":{"self":[{"href":"https:\/\/airtificial.com\/aerospace-defense\/wp-json\/wp\/v2\/pages\/230410","targetHints":{"allow":["GET"]}}],"collection":[{"href":"https:\/\/airtificial.com\/aerospace-defense\/wp-json\/wp\/v2\/pages"}],"about":[{"href":"https:\/\/airtificial.com\/aerospace-defense\/wp-json\/wp\/v2\/types\/page"}],"author":[{"embeddable":true,"href":"https:\/\/airtificial.com\/aerospace-defense\/wp-json\/wp\/v2\/users\/1"}],"replies":[{"embeddable":true,"href":"https:\/\/airtificial.com\/aerospace-defense\/wp-json\/wp\/v2\/comments?post=230410"}],"version-history":[{"count":15,"href":"https:\/\/airtificial.com\/aerospace-defense\/wp-json\/wp\/v2\/pages\/230410\/revisions"}],"predecessor-version":[{"id":231692,"href":"https:\/\/airtificial.com\/aerospace-defense\/wp-json\/wp\/v2\/pages\/230410\/revisions\/231692"}],"wp:attachment":[{"href":"https:\/\/airtificial.com\/aerospace-defense\/wp-json\/wp\/v2\/media?parent=230410"}],"curies":[{"name":"wp","href":"https:\/\/api.w.org\/{rel}","templated":true}]}}