{"id":230412,"date":"2021-06-11T07:49:07","date_gmt":"2021-06-11T07:49:07","guid":{"rendered":"https:\/\/airtificial.com\/aerospace-defense\/?page_id=230412"},"modified":"2021-07-02T06:34:19","modified_gmt":"2021-07-02T06:34:19","slug":"equipos-de-soportes-en-tierra","status":"publish","type":"page","link":"https:\/\/airtificial.com\/aerospace-defense\/equipos-de-soportes-en-tierra\/","title":{"rendered":"Equipos de soporte en tierra"},"content":{"rendered":"<h3>Tenemos casi 20 a\u00f1os de experiencia en el desarrollo de sistemas de soporte en tierra que incluyen medios de prueba (celdas de test, kits portables, bancos de prueba), utillaje mec\u00e1nico, gradas e incluso sistemas propios para la conducci\u00f3n aut\u00f3noma<\/h3>\n","protected":false},"excerpt":{"rendered":"<p>Tenemos casi 20 a\u00f1os de experiencia en el desarrollo de sistemas de soporte en tierra que incluyen medios de prueba (celdas de test, kits portables, bancos de prueba), utillaje mec\u00e1nico, gradas e incluso sistemas propios para la conducci\u00f3n aut\u00f3noma<\/p>\n","protected":false},"author":1,"featured_media":0,"parent":0,"menu_order":21,"comment_status":"closed","ping_status":"closed","template":"t-intelligent-robots\/template-products.php","meta":{"_acf_changed":false,"inline_featured_image":false,"footnotes":""},"class_list":["post-230412","page","type-page","status-publish","hentry"],"acf":[],"yoast_head":"<!-- This site is optimized with the Yoast SEO plugin v27.4 - https:\/\/yoast.com\/product\/yoast-seo-wordpress\/ -->\n<title>Equipos de soporte en tierra - Aerospace &amp; Defense<\/title>\n<meta name=\"robots\" content=\"index, follow, max-snippet:-1, max-image-preview:large, max-video-preview:-1\" \/>\n<link rel=\"canonical\" href=\"https:\/\/airtificial.com\/aerospace-defense\/equipos-de-soportes-en-tierra\/\" \/>\n<meta property=\"og:locale\" content=\"es_ES\" \/>\n<meta property=\"og:type\" content=\"article\" \/>\n<meta property=\"og:title\" content=\"Equipos de soporte en tierra - Aerospace &amp; Defense\" \/>\n<meta property=\"og:description\" content=\"Tenemos casi 20 a\u00f1os de experiencia en el desarrollo de sistemas de soporte en tierra que incluyen medios de prueba (celdas de test, kits portables, bancos de prueba), utillaje mec\u00e1nico, gradas e incluso sistemas propios para la conducci\u00f3n aut\u00f3noma\" \/>\n<meta property=\"og:url\" content=\"https:\/\/airtificial.com\/aerospace-defense\/equipos-de-soportes-en-tierra\/\" \/>\n<meta property=\"og:site_name\" content=\"Aerospace &amp; Defense\" \/>\n<meta property=\"article:modified_time\" content=\"2021-07-02T06:34:19+00:00\" \/>\n<meta name=\"twitter:card\" content=\"summary_large_image\" \/>\n<meta name=\"twitter:label1\" content=\"Tiempo de lectura\" \/>\n\t<meta name=\"twitter:data1\" content=\"1 minuto\" \/>\n<!-- \/ Yoast SEO plugin. -->","yoast_head_json":{"title":"Equipos de soporte en tierra - Aerospace &amp; Defense","robots":{"index":"index","follow":"follow","max-snippet":"max-snippet:-1","max-image-preview":"max-image-preview:large","max-video-preview":"max-video-preview:-1"},"canonical":"https:\/\/airtificial.com\/aerospace-defense\/equipos-de-soportes-en-tierra\/","og_locale":"es_ES","og_type":"article","og_title":"Equipos de soporte en tierra - Aerospace &amp; Defense","og_description":"Tenemos casi 20 a\u00f1os de experiencia en el desarrollo de sistemas de soporte en tierra que incluyen medios de prueba (celdas de test, kits portables, bancos de prueba), utillaje mec\u00e1nico, gradas e incluso sistemas propios para la conducci\u00f3n aut\u00f3noma","og_url":"https:\/\/airtificial.com\/aerospace-defense\/equipos-de-soportes-en-tierra\/","og_site_name":"Aerospace &amp; Defense","article_modified_time":"2021-07-02T06:34:19+00:00","twitter_card":"summary_large_image","twitter_misc":{"Tiempo de lectura":"1 minuto"},"schema":{"@context":"https:\/\/schema.org","@graph":[{"@type":"WebPage","@id":"https:\/\/airtificial.com\/aerospace-defense\/equipos-de-soportes-en-tierra\/","url":"https:\/\/airtificial.com\/aerospace-defense\/equipos-de-soportes-en-tierra\/","name":"Equipos de soporte en tierra - Aerospace &amp; Defense","isPartOf":{"@id":"https:\/\/airtificial.com\/aerospace-defense\/#website"},"datePublished":"2021-06-11T07:49:07+00:00","dateModified":"2021-07-02T06:34:19+00:00","breadcrumb":{"@id":"https:\/\/airtificial.com\/aerospace-defense\/equipos-de-soportes-en-tierra\/#breadcrumb"},"inLanguage":"es","potentialAction":[{"@type":"ReadAction","target":["https:\/\/airtificial.com\/aerospace-defense\/equipos-de-soportes-en-tierra\/"]}]},{"@type":"BreadcrumbList","@id":"https:\/\/airtificial.com\/aerospace-defense\/equipos-de-soportes-en-tierra\/#breadcrumb","itemListElement":[{"@type":"ListItem","position":1,"name":"Portada","item":"https:\/\/airtificial.com\/aerospace-defense\/"},{"@type":"ListItem","position":2,"name":"Equipos de soporte en tierra"}]},{"@type":"WebSite","@id":"https:\/\/airtificial.com\/aerospace-defense\/#website","url":"https:\/\/airtificial.com\/aerospace-defense\/","name":"Aerospace &amp; Defense","description":"Otro sitio m\u00e1s de Airtificial sitios","potentialAction":[{"@type":"SearchAction","target":{"@type":"EntryPoint","urlTemplate":"https:\/\/airtificial.com\/aerospace-defense\/?s={search_term_string}"},"query-input":{"@type":"PropertyValueSpecification","valueRequired":true,"valueName":"search_term_string"}}],"inLanguage":"es"}]}},"_links":{"self":[{"href":"https:\/\/airtificial.com\/aerospace-defense\/wp-json\/wp\/v2\/pages\/230412","targetHints":{"allow":["GET"]}}],"collection":[{"href":"https:\/\/airtificial.com\/aerospace-defense\/wp-json\/wp\/v2\/pages"}],"about":[{"href":"https:\/\/airtificial.com\/aerospace-defense\/wp-json\/wp\/v2\/types\/page"}],"author":[{"embeddable":true,"href":"https:\/\/airtificial.com\/aerospace-defense\/wp-json\/wp\/v2\/users\/1"}],"replies":[{"embeddable":true,"href":"https:\/\/airtificial.com\/aerospace-defense\/wp-json\/wp\/v2\/comments?post=230412"}],"version-history":[{"count":4,"href":"https:\/\/airtificial.com\/aerospace-defense\/wp-json\/wp\/v2\/pages\/230412\/revisions"}],"predecessor-version":[{"id":230659,"href":"https:\/\/airtificial.com\/aerospace-defense\/wp-json\/wp\/v2\/pages\/230412\/revisions\/230659"}],"wp:attachment":[{"href":"https:\/\/airtificial.com\/aerospace-defense\/wp-json\/wp\/v2\/media?parent=230412"}],"curies":[{"name":"wp","href":"https:\/\/api.w.org\/{rel}","templated":true}]}}