{"id":230430,"date":"2021-06-14T09:40:29","date_gmt":"2021-06-14T09:40:29","guid":{"rendered":"https:\/\/airtificial.com\/aerospace-defense\/?page_id=230430"},"modified":"2021-09-21T09:47:15","modified_gmt":"2021-09-21T09:47:15","slug":"tecnologias","status":"publish","type":"page","link":"https:\/\/airtificial.com\/aerospace-defense\/composites\/tecnologias\/","title":{"rendered":"Tecnolog\u00edas"},"content":{"rendered":"<p>Airtificial A&amp;D integra in-house todas las actividades del proceso productivo: desde la recepci\u00f3n de la materia prima y el utillaje hasta la verificaci\u00f3n completa de las piezas antes de su entrega, pasando por los sub-procesos de corte y mecanizado de n\u00facleo, laminado, mecanizado (manual y autom\u00e1tico), curado en autoclave, inspecci\u00f3n de ultrasonidos o ensamblaje<\/p>\n","protected":false},"excerpt":{"rendered":"<p>Airtificial A&amp;D integra in-house todas las actividades del proceso productivo: desde la recepci\u00f3n de la materia prima y el utillaje hasta la verificaci\u00f3n completa de las piezas antes de su entrega, pasando por los sub-procesos de corte y mecanizado de n\u00facleo, laminado, mecanizado (manual y autom\u00e1tico), curado en autoclave, inspecci\u00f3n de ultrasonidos o ensamblaje<\/p>\n","protected":false},"author":1,"featured_media":0,"parent":230406,"menu_order":13,"comment_status":"closed","ping_status":"closed","template":"t-intelligent-robots\/template-product-index.php","meta":{"_acf_changed":false,"inline_featured_image":false,"footnotes":""},"class_list":["post-230430","page","type-page","status-publish","hentry"],"acf":[],"yoast_head":"<!-- This site is optimized with the Yoast SEO plugin v27.3 - https:\/\/yoast.com\/product\/yoast-seo-wordpress\/ -->\n<title>Tecnolog\u00edas - Aerospace &amp; Defense<\/title>\n<meta name=\"robots\" content=\"index, follow, max-snippet:-1, max-image-preview:large, max-video-preview:-1\" \/>\n<link rel=\"canonical\" href=\"https:\/\/airtificial.com\/aerospace-defense\/composites\/tecnologias\/\" \/>\n<meta property=\"og:locale\" content=\"es_ES\" \/>\n<meta property=\"og:type\" content=\"article\" \/>\n<meta property=\"og:title\" content=\"Tecnolog\u00edas - Aerospace &amp; Defense\" \/>\n<meta property=\"og:description\" content=\"Airtificial A&amp;D integra in-house todas las actividades del proceso productivo: desde la recepci\u00f3n de la materia prima y el utillaje hasta la verificaci\u00f3n completa de las piezas antes de su entrega, pasando por los sub-procesos de corte y mecanizado de n\u00facleo, laminado, mecanizado (manual y autom\u00e1tico), curado en autoclave, inspecci\u00f3n de ultrasonidos o ensamblaje\" \/>\n<meta property=\"og:url\" content=\"https:\/\/airtificial.com\/aerospace-defense\/composites\/tecnologias\/\" \/>\n<meta property=\"og:site_name\" content=\"Aerospace &amp; Defense\" \/>\n<meta property=\"article:modified_time\" content=\"2021-09-21T09:47:15+00:00\" \/>\n<meta name=\"twitter:card\" content=\"summary_large_image\" \/>\n<meta name=\"twitter:label1\" content=\"Tiempo de lectura\" \/>\n\t<meta name=\"twitter:data1\" content=\"1 minuto\" \/>\n<!-- \/ Yoast SEO plugin. -->","yoast_head_json":{"title":"Tecnolog\u00edas - Aerospace &amp; Defense","robots":{"index":"index","follow":"follow","max-snippet":"max-snippet:-1","max-image-preview":"max-image-preview:large","max-video-preview":"max-video-preview:-1"},"canonical":"https:\/\/airtificial.com\/aerospace-defense\/composites\/tecnologias\/","og_locale":"es_ES","og_type":"article","og_title":"Tecnolog\u00edas - Aerospace &amp; Defense","og_description":"Airtificial A&amp;D integra in-house todas las actividades del proceso productivo: desde la recepci\u00f3n de la materia prima y el utillaje hasta la verificaci\u00f3n completa de las piezas antes de su entrega, pasando por los sub-procesos de corte y mecanizado de n\u00facleo, laminado, mecanizado (manual y autom\u00e1tico), curado en autoclave, inspecci\u00f3n de ultrasonidos o ensamblaje","og_url":"https:\/\/airtificial.com\/aerospace-defense\/composites\/tecnologias\/","og_site_name":"Aerospace &amp; Defense","article_modified_time":"2021-09-21T09:47:15+00:00","twitter_card":"summary_large_image","twitter_misc":{"Tiempo de lectura":"1 minuto"},"schema":{"@context":"https:\/\/schema.org","@graph":[{"@type":"WebPage","@id":"https:\/\/airtificial.com\/aerospace-defense\/composites\/tecnologias\/","url":"https:\/\/airtificial.com\/aerospace-defense\/composites\/tecnologias\/","name":"Tecnolog\u00edas - Aerospace &amp; Defense","isPartOf":{"@id":"https:\/\/airtificial.com\/aerospace-defense\/#website"},"datePublished":"2021-06-14T09:40:29+00:00","dateModified":"2021-09-21T09:47:15+00:00","breadcrumb":{"@id":"https:\/\/airtificial.com\/aerospace-defense\/composites\/tecnologias\/#breadcrumb"},"inLanguage":"es","potentialAction":[{"@type":"ReadAction","target":["https:\/\/airtificial.com\/aerospace-defense\/composites\/tecnologias\/"]}]},{"@type":"BreadcrumbList","@id":"https:\/\/airtificial.com\/aerospace-defense\/composites\/tecnologias\/#breadcrumb","itemListElement":[{"@type":"ListItem","position":1,"name":"Portada","item":"https:\/\/airtificial.com\/aerospace-defense\/"},{"@type":"ListItem","position":2,"name":"Composites","item":"https:\/\/airtificial.com\/aerospace-defense\/composites\/"},{"@type":"ListItem","position":3,"name":"Tecnolog\u00edas"}]},{"@type":"WebSite","@id":"https:\/\/airtificial.com\/aerospace-defense\/#website","url":"https:\/\/airtificial.com\/aerospace-defense\/","name":"Aerospace &amp; Defense","description":"Otro sitio m\u00e1s de Airtificial sitios","potentialAction":[{"@type":"SearchAction","target":{"@type":"EntryPoint","urlTemplate":"https:\/\/airtificial.com\/aerospace-defense\/?s={search_term_string}"},"query-input":{"@type":"PropertyValueSpecification","valueRequired":true,"valueName":"search_term_string"}}],"inLanguage":"es"}]}},"_links":{"self":[{"href":"https:\/\/airtificial.com\/aerospace-defense\/wp-json\/wp\/v2\/pages\/230430","targetHints":{"allow":["GET"]}}],"collection":[{"href":"https:\/\/airtificial.com\/aerospace-defense\/wp-json\/wp\/v2\/pages"}],"about":[{"href":"https:\/\/airtificial.com\/aerospace-defense\/wp-json\/wp\/v2\/types\/page"}],"author":[{"embeddable":true,"href":"https:\/\/airtificial.com\/aerospace-defense\/wp-json\/wp\/v2\/users\/1"}],"replies":[{"embeddable":true,"href":"https:\/\/airtificial.com\/aerospace-defense\/wp-json\/wp\/v2\/comments?post=230430"}],"version-history":[{"count":23,"href":"https:\/\/airtificial.com\/aerospace-defense\/wp-json\/wp\/v2\/pages\/230430\/revisions"}],"predecessor-version":[{"id":231679,"href":"https:\/\/airtificial.com\/aerospace-defense\/wp-json\/wp\/v2\/pages\/230430\/revisions\/231679"}],"up":[{"embeddable":true,"href":"https:\/\/airtificial.com\/aerospace-defense\/wp-json\/wp\/v2\/pages\/230406"}],"wp:attachment":[{"href":"https:\/\/airtificial.com\/aerospace-defense\/wp-json\/wp\/v2\/media?parent=230430"}],"curies":[{"name":"wp","href":"https:\/\/api.w.org\/{rel}","templated":true}]}}