{"id":230448,"date":"2021-06-14T10:40:50","date_gmt":"2021-06-14T10:40:50","guid":{"rendered":"https:\/\/airtificial.com\/aerospace-defense\/?page_id=230448"},"modified":"2021-09-21T10:01:33","modified_gmt":"2021-09-21T10:01:33","slug":"sistemas-de-prueba","status":"publish","type":"page","link":"https:\/\/airtificial.com\/aerospace-defense\/equipos-de-soportes-en-tierra\/sistemas-de-prueba\/","title":{"rendered":"Sistemas de prueba"},"content":{"rendered":"<p>Nuestros medios de prueba ofrecen al usuario una r\u00e9plica del entorno en el que el equipo bajo prueba debe trabajar, mediante control y distribuci\u00f3n de potencia, generaci\u00f3n, monitorizaci\u00f3n y adaptaci\u00f3n de se\u00f1ales, gesti\u00f3n de comunicaciones (el\u00e9ctricas y buses), integraci\u00f3n mec\u00e1nica y desarrollo software (simulaci\u00f3n de equipos, HMIs, sistemas SCADA,\u2026)\u201d<\/p>\n","protected":false},"excerpt":{"rendered":"<p>Nuestros medios de prueba ofrecen al usuario una r\u00e9plica del entorno en el que el equipo bajo prueba debe trabajar, mediante control y distribuci\u00f3n de potencia, generaci\u00f3n, monitorizaci\u00f3n y adaptaci\u00f3n de se\u00f1ales, gesti\u00f3n de comunicaciones (el\u00e9ctricas y buses), integraci\u00f3n mec\u00e1nica y desarrollo software (simulaci\u00f3n de equipos, HMIs, sistemas SCADA,\u2026)\u201d<\/p>\n","protected":false},"author":1,"featured_media":0,"parent":230412,"menu_order":23,"comment_status":"closed","ping_status":"closed","template":"t-intelligent-robots\/template-product-index.php","meta":{"_acf_changed":false,"inline_featured_image":false,"footnotes":""},"class_list":["post-230448","page","type-page","status-publish","hentry"],"acf":[],"yoast_head":"<!-- This site is optimized with the Yoast SEO plugin v27.3 - https:\/\/yoast.com\/product\/yoast-seo-wordpress\/ -->\n<title>Sistemas de prueba - Aerospace &amp; Defense<\/title>\n<meta name=\"robots\" content=\"index, follow, max-snippet:-1, max-image-preview:large, max-video-preview:-1\" \/>\n<link rel=\"canonical\" href=\"https:\/\/airtificial.com\/aerospace-defense\/equipos-de-soportes-en-tierra\/sistemas-de-prueba\/\" \/>\n<meta property=\"og:locale\" content=\"es_ES\" \/>\n<meta property=\"og:type\" content=\"article\" \/>\n<meta property=\"og:title\" content=\"Sistemas de prueba - Aerospace &amp; Defense\" \/>\n<meta property=\"og:description\" content=\"Nuestros medios de prueba ofrecen al usuario una r\u00e9plica del entorno en el que el equipo bajo prueba debe trabajar, mediante control y distribuci\u00f3n de potencia, generaci\u00f3n, monitorizaci\u00f3n y adaptaci\u00f3n de se\u00f1ales, gesti\u00f3n de comunicaciones (el\u00e9ctricas y buses), integraci\u00f3n mec\u00e1nica y desarrollo software (simulaci\u00f3n de equipos, HMIs, sistemas SCADA,\u2026)\u201d\" \/>\n<meta property=\"og:url\" content=\"https:\/\/airtificial.com\/aerospace-defense\/equipos-de-soportes-en-tierra\/sistemas-de-prueba\/\" \/>\n<meta property=\"og:site_name\" content=\"Aerospace &amp; Defense\" \/>\n<meta property=\"article:modified_time\" content=\"2021-09-21T10:01:33+00:00\" \/>\n<meta name=\"twitter:card\" content=\"summary_large_image\" \/>\n<meta name=\"twitter:label1\" content=\"Tiempo de lectura\" \/>\n\t<meta name=\"twitter:data1\" content=\"1 minuto\" \/>\n<!-- \/ Yoast SEO plugin. -->","yoast_head_json":{"title":"Sistemas de prueba - Aerospace &amp; Defense","robots":{"index":"index","follow":"follow","max-snippet":"max-snippet:-1","max-image-preview":"max-image-preview:large","max-video-preview":"max-video-preview:-1"},"canonical":"https:\/\/airtificial.com\/aerospace-defense\/equipos-de-soportes-en-tierra\/sistemas-de-prueba\/","og_locale":"es_ES","og_type":"article","og_title":"Sistemas de prueba - Aerospace &amp; Defense","og_description":"Nuestros medios de prueba ofrecen al usuario una r\u00e9plica del entorno en el que el equipo bajo prueba debe trabajar, mediante control y distribuci\u00f3n de potencia, generaci\u00f3n, monitorizaci\u00f3n y adaptaci\u00f3n de se\u00f1ales, gesti\u00f3n de comunicaciones (el\u00e9ctricas y buses), integraci\u00f3n mec\u00e1nica y desarrollo software (simulaci\u00f3n de equipos, HMIs, sistemas SCADA,\u2026)\u201d","og_url":"https:\/\/airtificial.com\/aerospace-defense\/equipos-de-soportes-en-tierra\/sistemas-de-prueba\/","og_site_name":"Aerospace &amp; Defense","article_modified_time":"2021-09-21T10:01:33+00:00","twitter_card":"summary_large_image","twitter_misc":{"Tiempo de lectura":"1 minuto"},"schema":{"@context":"https:\/\/schema.org","@graph":[{"@type":"WebPage","@id":"https:\/\/airtificial.com\/aerospace-defense\/equipos-de-soportes-en-tierra\/sistemas-de-prueba\/","url":"https:\/\/airtificial.com\/aerospace-defense\/equipos-de-soportes-en-tierra\/sistemas-de-prueba\/","name":"Sistemas de prueba - Aerospace &amp; Defense","isPartOf":{"@id":"https:\/\/airtificial.com\/aerospace-defense\/#website"},"datePublished":"2021-06-14T10:40:50+00:00","dateModified":"2021-09-21T10:01:33+00:00","breadcrumb":{"@id":"https:\/\/airtificial.com\/aerospace-defense\/equipos-de-soportes-en-tierra\/sistemas-de-prueba\/#breadcrumb"},"inLanguage":"es","potentialAction":[{"@type":"ReadAction","target":["https:\/\/airtificial.com\/aerospace-defense\/equipos-de-soportes-en-tierra\/sistemas-de-prueba\/"]}]},{"@type":"BreadcrumbList","@id":"https:\/\/airtificial.com\/aerospace-defense\/equipos-de-soportes-en-tierra\/sistemas-de-prueba\/#breadcrumb","itemListElement":[{"@type":"ListItem","position":1,"name":"Portada","item":"https:\/\/airtificial.com\/aerospace-defense\/"},{"@type":"ListItem","position":2,"name":"Equipos de soporte en tierra","item":"https:\/\/airtificial.com\/aerospace-defense\/equipos-de-soportes-en-tierra\/"},{"@type":"ListItem","position":3,"name":"Sistemas de prueba"}]},{"@type":"WebSite","@id":"https:\/\/airtificial.com\/aerospace-defense\/#website","url":"https:\/\/airtificial.com\/aerospace-defense\/","name":"Aerospace &amp; Defense","description":"Otro sitio m\u00e1s de Airtificial sitios","potentialAction":[{"@type":"SearchAction","target":{"@type":"EntryPoint","urlTemplate":"https:\/\/airtificial.com\/aerospace-defense\/?s={search_term_string}"},"query-input":{"@type":"PropertyValueSpecification","valueRequired":true,"valueName":"search_term_string"}}],"inLanguage":"es"}]}},"_links":{"self":[{"href":"https:\/\/airtificial.com\/aerospace-defense\/wp-json\/wp\/v2\/pages\/230448","targetHints":{"allow":["GET"]}}],"collection":[{"href":"https:\/\/airtificial.com\/aerospace-defense\/wp-json\/wp\/v2\/pages"}],"about":[{"href":"https:\/\/airtificial.com\/aerospace-defense\/wp-json\/wp\/v2\/types\/page"}],"author":[{"embeddable":true,"href":"https:\/\/airtificial.com\/aerospace-defense\/wp-json\/wp\/v2\/users\/1"}],"replies":[{"embeddable":true,"href":"https:\/\/airtificial.com\/aerospace-defense\/wp-json\/wp\/v2\/comments?post=230448"}],"version-history":[{"count":22,"href":"https:\/\/airtificial.com\/aerospace-defense\/wp-json\/wp\/v2\/pages\/230448\/revisions"}],"predecessor-version":[{"id":231682,"href":"https:\/\/airtificial.com\/aerospace-defense\/wp-json\/wp\/v2\/pages\/230448\/revisions\/231682"}],"up":[{"embeddable":true,"href":"https:\/\/airtificial.com\/aerospace-defense\/wp-json\/wp\/v2\/pages\/230412"}],"wp:attachment":[{"href":"https:\/\/airtificial.com\/aerospace-defense\/wp-json\/wp\/v2\/media?parent=230448"}],"curies":[{"name":"wp","href":"https:\/\/api.w.org\/{rel}","templated":true}]}}