{"id":230452,"date":"2021-06-14T10:41:21","date_gmt":"2021-06-14T10:41:21","guid":{"rendered":"https:\/\/airtificial.com\/aerospace-defense\/?page_id=230452"},"modified":"2021-09-13T11:50:27","modified_gmt":"2021-09-13T11:50:27","slug":"sistemas-no-tripulados","status":"publish","type":"page","link":"https:\/\/airtificial.com\/aerospace-defense\/equipos-de-soportes-en-tierra\/sistemas-no-tripulados\/","title":{"rendered":"Sistemas no tripulados"},"content":{"rendered":"<p>Airtificial A&amp;D se ha posicionado como un socio de referencia para aquellas empresas que, o bien disponen de un parque de veh\u00edculos que quieren convertir en plataformas aut\u00f3nomas, o bien ofrecen determinados servicios (aeroportuarios o log\u00edsticos, por ejemplo) cuyos costes pueden verse reducidos mediante el uso de veh\u00edculos no tripulados<\/p>\n","protected":false},"excerpt":{"rendered":"<p>Airtificial A&amp;D se ha posicionado como un socio de referencia para aquellas empresas que, o bien disponen de un parque de veh\u00edculos que quieren convertir en plataformas aut\u00f3nomas, o bien ofrecen determinados servicios (aeroportuarios o log\u00edsticos, por ejemplo) cuyos costes pueden verse reducidos mediante el uso de veh\u00edculos no tripulados<\/p>\n","protected":false},"author":1,"featured_media":0,"parent":230412,"menu_order":27,"comment_status":"closed","ping_status":"closed","template":"t-intelligent-robots\/template-product-index.php","meta":{"_acf_changed":false,"inline_featured_image":false,"footnotes":""},"class_list":["post-230452","page","type-page","status-publish","hentry"],"acf":[],"yoast_head":"<!-- This site is optimized with the Yoast SEO plugin v27.3 - https:\/\/yoast.com\/product\/yoast-seo-wordpress\/ -->\n<title>Sistemas no tripulados - Aerospace &amp; Defense<\/title>\n<meta name=\"robots\" content=\"index, follow, max-snippet:-1, max-image-preview:large, max-video-preview:-1\" \/>\n<link rel=\"canonical\" href=\"https:\/\/airtificial.com\/aerospace-defense\/equipos-de-soportes-en-tierra\/sistemas-no-tripulados\/\" \/>\n<meta property=\"og:locale\" content=\"es_ES\" \/>\n<meta property=\"og:type\" content=\"article\" \/>\n<meta property=\"og:title\" content=\"Sistemas no tripulados - Aerospace &amp; Defense\" \/>\n<meta property=\"og:description\" content=\"Airtificial A&amp;D se ha posicionado como un socio de referencia para aquellas empresas que, o bien disponen de un parque de veh\u00edculos que quieren convertir en plataformas aut\u00f3nomas, o bien ofrecen determinados servicios (aeroportuarios o log\u00edsticos, por ejemplo) cuyos costes pueden verse reducidos mediante el uso de veh\u00edculos no tripulados\" \/>\n<meta property=\"og:url\" content=\"https:\/\/airtificial.com\/aerospace-defense\/equipos-de-soportes-en-tierra\/sistemas-no-tripulados\/\" \/>\n<meta property=\"og:site_name\" content=\"Aerospace &amp; Defense\" \/>\n<meta property=\"article:modified_time\" content=\"2021-09-13T11:50:27+00:00\" \/>\n<meta name=\"twitter:card\" content=\"summary_large_image\" \/>\n<meta name=\"twitter:label1\" content=\"Tiempo de lectura\" \/>\n\t<meta name=\"twitter:data1\" content=\"1 minuto\" \/>\n<!-- \/ Yoast SEO plugin. -->","yoast_head_json":{"title":"Sistemas no tripulados - Aerospace &amp; Defense","robots":{"index":"index","follow":"follow","max-snippet":"max-snippet:-1","max-image-preview":"max-image-preview:large","max-video-preview":"max-video-preview:-1"},"canonical":"https:\/\/airtificial.com\/aerospace-defense\/equipos-de-soportes-en-tierra\/sistemas-no-tripulados\/","og_locale":"es_ES","og_type":"article","og_title":"Sistemas no tripulados - Aerospace &amp; Defense","og_description":"Airtificial A&amp;D se ha posicionado como un socio de referencia para aquellas empresas que, o bien disponen de un parque de veh\u00edculos que quieren convertir en plataformas aut\u00f3nomas, o bien ofrecen determinados servicios (aeroportuarios o log\u00edsticos, por ejemplo) cuyos costes pueden verse reducidos mediante el uso de veh\u00edculos no tripulados","og_url":"https:\/\/airtificial.com\/aerospace-defense\/equipos-de-soportes-en-tierra\/sistemas-no-tripulados\/","og_site_name":"Aerospace &amp; Defense","article_modified_time":"2021-09-13T11:50:27+00:00","twitter_card":"summary_large_image","twitter_misc":{"Tiempo de lectura":"1 minuto"},"schema":{"@context":"https:\/\/schema.org","@graph":[{"@type":"WebPage","@id":"https:\/\/airtificial.com\/aerospace-defense\/equipos-de-soportes-en-tierra\/sistemas-no-tripulados\/","url":"https:\/\/airtificial.com\/aerospace-defense\/equipos-de-soportes-en-tierra\/sistemas-no-tripulados\/","name":"Sistemas no tripulados - Aerospace &amp; Defense","isPartOf":{"@id":"https:\/\/airtificial.com\/aerospace-defense\/#website"},"datePublished":"2021-06-14T10:41:21+00:00","dateModified":"2021-09-13T11:50:27+00:00","breadcrumb":{"@id":"https:\/\/airtificial.com\/aerospace-defense\/equipos-de-soportes-en-tierra\/sistemas-no-tripulados\/#breadcrumb"},"inLanguage":"es","potentialAction":[{"@type":"ReadAction","target":["https:\/\/airtificial.com\/aerospace-defense\/equipos-de-soportes-en-tierra\/sistemas-no-tripulados\/"]}]},{"@type":"BreadcrumbList","@id":"https:\/\/airtificial.com\/aerospace-defense\/equipos-de-soportes-en-tierra\/sistemas-no-tripulados\/#breadcrumb","itemListElement":[{"@type":"ListItem","position":1,"name":"Portada","item":"https:\/\/airtificial.com\/aerospace-defense\/"},{"@type":"ListItem","position":2,"name":"Equipos de soporte en tierra","item":"https:\/\/airtificial.com\/aerospace-defense\/equipos-de-soportes-en-tierra\/"},{"@type":"ListItem","position":3,"name":"Sistemas no tripulados"}]},{"@type":"WebSite","@id":"https:\/\/airtificial.com\/aerospace-defense\/#website","url":"https:\/\/airtificial.com\/aerospace-defense\/","name":"Aerospace &amp; Defense","description":"Otro sitio m\u00e1s de Airtificial sitios","potentialAction":[{"@type":"SearchAction","target":{"@type":"EntryPoint","urlTemplate":"https:\/\/airtificial.com\/aerospace-defense\/?s={search_term_string}"},"query-input":{"@type":"PropertyValueSpecification","valueRequired":true,"valueName":"search_term_string"}}],"inLanguage":"es"}]}},"_links":{"self":[{"href":"https:\/\/airtificial.com\/aerospace-defense\/wp-json\/wp\/v2\/pages\/230452","targetHints":{"allow":["GET"]}}],"collection":[{"href":"https:\/\/airtificial.com\/aerospace-defense\/wp-json\/wp\/v2\/pages"}],"about":[{"href":"https:\/\/airtificial.com\/aerospace-defense\/wp-json\/wp\/v2\/types\/page"}],"author":[{"embeddable":true,"href":"https:\/\/airtificial.com\/aerospace-defense\/wp-json\/wp\/v2\/users\/1"}],"replies":[{"embeddable":true,"href":"https:\/\/airtificial.com\/aerospace-defense\/wp-json\/wp\/v2\/comments?post=230452"}],"version-history":[{"count":8,"href":"https:\/\/airtificial.com\/aerospace-defense\/wp-json\/wp\/v2\/pages\/230452\/revisions"}],"predecessor-version":[{"id":231546,"href":"https:\/\/airtificial.com\/aerospace-defense\/wp-json\/wp\/v2\/pages\/230452\/revisions\/231546"}],"up":[{"embeddable":true,"href":"https:\/\/airtificial.com\/aerospace-defense\/wp-json\/wp\/v2\/pages\/230412"}],"wp:attachment":[{"href":"https:\/\/airtificial.com\/aerospace-defense\/wp-json\/wp\/v2\/media?parent=230452"}],"curies":[{"name":"wp","href":"https:\/\/api.w.org\/{rel}","templated":true}]}}