{"id":230454,"date":"2021-06-14T10:42:22","date_gmt":"2021-06-14T10:42:22","guid":{"rendered":"https:\/\/airtificial.com\/aerospace-defense\/?page_id=230454"},"modified":"2021-09-13T11:51:23","modified_gmt":"2021-09-13T11:51:23","slug":"ingenieria-de-fabricacion","status":"publish","type":"page","link":"https:\/\/airtificial.com\/aerospace-defense\/servicios\/ingenieria-de-fabricacion\/","title":{"rendered":"Ingenier\u00eda de fabricaci\u00f3n"},"content":{"rendered":"<p>Gracias a su equipo de m\u00e1s de 150 personas con amplia experiencia en la ingenier\u00eda de fabricaci\u00f3n, Airtificial A&amp;D se presenta como un socio ideal para acometer nuevas industrializaciones que impliquen la puesta en marcha de nuevos procesos, la reestructuraci\u00f3n de las plantas de producci\u00f3n o el desarrollo de un sistema completo de gesti\u00f3n de producci\u00f3n<\/p>\n","protected":false},"excerpt":{"rendered":"<p>Gracias a su equipo de m\u00e1s de 150 personas con amplia experiencia en la ingenier\u00eda de fabricaci\u00f3n, Airtificial A&amp;D se presenta como un socio ideal para acometer nuevas industrializaciones que impliquen la puesta en marcha de nuevos procesos, la reestructuraci\u00f3n de las plantas de producci\u00f3n o el desarrollo de un sistema completo de gesti\u00f3n de [&hellip;]<\/p>\n","protected":false},"author":1,"featured_media":0,"parent":230414,"menu_order":31,"comment_status":"closed","ping_status":"closed","template":"t-intelligent-robots\/template-product-index.php","meta":{"_acf_changed":false,"inline_featured_image":false,"footnotes":""},"class_list":["post-230454","page","type-page","status-publish","hentry"],"acf":[],"yoast_head":"<!-- This site is optimized with the Yoast SEO plugin v27.3 - https:\/\/yoast.com\/product\/yoast-seo-wordpress\/ -->\n<title>Ingenier\u00eda de fabricaci\u00f3n - Aerospace &amp; Defense<\/title>\n<meta name=\"robots\" content=\"index, follow, max-snippet:-1, max-image-preview:large, max-video-preview:-1\" \/>\n<link rel=\"canonical\" href=\"https:\/\/airtificial.com\/aerospace-defense\/servicios\/ingenieria-de-fabricacion\/\" \/>\n<meta property=\"og:locale\" content=\"es_ES\" \/>\n<meta property=\"og:type\" content=\"article\" \/>\n<meta property=\"og:title\" content=\"Ingenier\u00eda de fabricaci\u00f3n - Aerospace &amp; Defense\" \/>\n<meta property=\"og:description\" content=\"Gracias a su equipo de m\u00e1s de 150 personas con amplia experiencia en la ingenier\u00eda de fabricaci\u00f3n, Airtificial A&amp;D se presenta como un socio ideal para acometer nuevas industrializaciones que impliquen la puesta en marcha de nuevos procesos, la reestructuraci\u00f3n de las plantas de producci\u00f3n o el desarrollo de un sistema completo de gesti\u00f3n de [&hellip;]\" \/>\n<meta property=\"og:url\" content=\"https:\/\/airtificial.com\/aerospace-defense\/servicios\/ingenieria-de-fabricacion\/\" \/>\n<meta property=\"og:site_name\" content=\"Aerospace &amp; Defense\" \/>\n<meta property=\"article:modified_time\" content=\"2021-09-13T11:51:23+00:00\" \/>\n<meta name=\"twitter:card\" content=\"summary_large_image\" \/>\n<meta name=\"twitter:label1\" content=\"Tiempo de lectura\" \/>\n\t<meta name=\"twitter:data1\" content=\"1 minuto\" \/>\n<!-- \/ Yoast SEO plugin. -->","yoast_head_json":{"title":"Ingenier\u00eda de fabricaci\u00f3n - Aerospace &amp; Defense","robots":{"index":"index","follow":"follow","max-snippet":"max-snippet:-1","max-image-preview":"max-image-preview:large","max-video-preview":"max-video-preview:-1"},"canonical":"https:\/\/airtificial.com\/aerospace-defense\/servicios\/ingenieria-de-fabricacion\/","og_locale":"es_ES","og_type":"article","og_title":"Ingenier\u00eda de fabricaci\u00f3n - Aerospace &amp; Defense","og_description":"Gracias a su equipo de m\u00e1s de 150 personas con amplia experiencia en la ingenier\u00eda de fabricaci\u00f3n, Airtificial A&amp;D se presenta como un socio ideal para acometer nuevas industrializaciones que impliquen la puesta en marcha de nuevos procesos, la reestructuraci\u00f3n de las plantas de producci\u00f3n o el desarrollo de un sistema completo de gesti\u00f3n de [&hellip;]","og_url":"https:\/\/airtificial.com\/aerospace-defense\/servicios\/ingenieria-de-fabricacion\/","og_site_name":"Aerospace &amp; Defense","article_modified_time":"2021-09-13T11:51:23+00:00","twitter_card":"summary_large_image","twitter_misc":{"Tiempo de lectura":"1 minuto"},"schema":{"@context":"https:\/\/schema.org","@graph":[{"@type":"WebPage","@id":"https:\/\/airtificial.com\/aerospace-defense\/servicios\/ingenieria-de-fabricacion\/","url":"https:\/\/airtificial.com\/aerospace-defense\/servicios\/ingenieria-de-fabricacion\/","name":"Ingenier\u00eda de fabricaci\u00f3n - Aerospace &amp; Defense","isPartOf":{"@id":"https:\/\/airtificial.com\/aerospace-defense\/#website"},"datePublished":"2021-06-14T10:42:22+00:00","dateModified":"2021-09-13T11:51:23+00:00","breadcrumb":{"@id":"https:\/\/airtificial.com\/aerospace-defense\/servicios\/ingenieria-de-fabricacion\/#breadcrumb"},"inLanguage":"es","potentialAction":[{"@type":"ReadAction","target":["https:\/\/airtificial.com\/aerospace-defense\/servicios\/ingenieria-de-fabricacion\/"]}]},{"@type":"BreadcrumbList","@id":"https:\/\/airtificial.com\/aerospace-defense\/servicios\/ingenieria-de-fabricacion\/#breadcrumb","itemListElement":[{"@type":"ListItem","position":1,"name":"Portada","item":"https:\/\/airtificial.com\/aerospace-defense\/"},{"@type":"ListItem","position":2,"name":"Servicios","item":"https:\/\/airtificial.com\/aerospace-defense\/servicios\/"},{"@type":"ListItem","position":3,"name":"Ingenier\u00eda de fabricaci\u00f3n"}]},{"@type":"WebSite","@id":"https:\/\/airtificial.com\/aerospace-defense\/#website","url":"https:\/\/airtificial.com\/aerospace-defense\/","name":"Aerospace &amp; Defense","description":"Otro sitio m\u00e1s de Airtificial sitios","potentialAction":[{"@type":"SearchAction","target":{"@type":"EntryPoint","urlTemplate":"https:\/\/airtificial.com\/aerospace-defense\/?s={search_term_string}"},"query-input":{"@type":"PropertyValueSpecification","valueRequired":true,"valueName":"search_term_string"}}],"inLanguage":"es"}]}},"_links":{"self":[{"href":"https:\/\/airtificial.com\/aerospace-defense\/wp-json\/wp\/v2\/pages\/230454","targetHints":{"allow":["GET"]}}],"collection":[{"href":"https:\/\/airtificial.com\/aerospace-defense\/wp-json\/wp\/v2\/pages"}],"about":[{"href":"https:\/\/airtificial.com\/aerospace-defense\/wp-json\/wp\/v2\/types\/page"}],"author":[{"embeddable":true,"href":"https:\/\/airtificial.com\/aerospace-defense\/wp-json\/wp\/v2\/users\/1"}],"replies":[{"embeddable":true,"href":"https:\/\/airtificial.com\/aerospace-defense\/wp-json\/wp\/v2\/comments?post=230454"}],"version-history":[{"count":10,"href":"https:\/\/airtificial.com\/aerospace-defense\/wp-json\/wp\/v2\/pages\/230454\/revisions"}],"predecessor-version":[{"id":231547,"href":"https:\/\/airtificial.com\/aerospace-defense\/wp-json\/wp\/v2\/pages\/230454\/revisions\/231547"}],"up":[{"embeddable":true,"href":"https:\/\/airtificial.com\/aerospace-defense\/wp-json\/wp\/v2\/pages\/230414"}],"wp:attachment":[{"href":"https:\/\/airtificial.com\/aerospace-defense\/wp-json\/wp\/v2\/media?parent=230454"}],"curies":[{"name":"wp","href":"https:\/\/api.w.org\/{rel}","templated":true}]}}