{"id":230656,"date":"2021-07-01T10:12:43","date_gmt":"2021-07-01T10:12:43","guid":{"rendered":"https:\/\/airtificial.com\/aerospace-defense\/?page_id=230656"},"modified":"2026-04-13T13:46:38","modified_gmt":"2026-04-13T13:46:38","slug":"sobre-ad","status":"publish","type":"page","link":"https:\/\/airtificial.com\/aerospace-defense\/sobre-ad\/","title":{"rendered":"Sobre A&amp;D"},"content":{"rendered":"<p><strong>Todas las capacidades de un TIER 1 con la flexibilidad y la competitividad de un TIER 2.<\/strong><\/p>\n<p>Nuestra motivaci\u00f3n es ofrecer a nuestros clientes soluciones completas propias de los retos tecnol\u00f3gicos que se les presentan. Las nuevas plataformas de transporte, la digitalizaci\u00f3n de las factor\u00edas o la automatizaci\u00f3n de los procesos de producci\u00f3n son proyectos de presente y futuro que requieren la implementaci\u00f3n de nuevas tecnolog\u00edas y para los que Airtificial A&amp;D aporta un enorme valor a\u00f1adido basado en la excelencia de sus procesos y la experiencia de su equipo multidisciplinar.<\/p>\n<p>Y no es necesario pensar en grandes empresas de sistemas y\/o estructuras para obtener estas soluciones. Airtificial A&amp;D ofrece completas propuestas de ingenier\u00eda con un balance perfecto entre experiencia, calidad y competitividad.<\/p>\n<p>&nbsp;<\/p>\n","protected":false},"excerpt":{"rendered":"<p>Todas las capacidades de un TIER 1 con la flexibilidad y la competitividad de un TIER 2. Nuestra motivaci\u00f3n es ofrecer a nuestros clientes soluciones completas propias de los retos tecnol\u00f3gicos que se les presentan. Las nuevas plataformas de transporte, la digitalizaci\u00f3n de las factor\u00edas o la automatizaci\u00f3n de los procesos de producci\u00f3n son proyectos [&hellip;]<\/p>\n","protected":false},"author":1,"featured_media":0,"parent":0,"menu_order":5,"comment_status":"closed","ping_status":"closed","template":"template-about-us.php","meta":{"_acf_changed":false,"inline_featured_image":false,"footnotes":""},"class_list":["post-230656","page","type-page","status-publish","hentry"],"acf":[],"yoast_head":"<!-- This site is optimized with the Yoast SEO plugin v27.4 - https:\/\/yoast.com\/product\/yoast-seo-wordpress\/ -->\n<title>Sobre A&amp;D - Aerospace &amp; Defense<\/title>\n<meta name=\"robots\" content=\"index, follow, max-snippet:-1, max-image-preview:large, max-video-preview:-1\" \/>\n<link rel=\"canonical\" href=\"https:\/\/airtificial.com\/aerospace-defense\/sobre-ad\/\" \/>\n<meta property=\"og:locale\" content=\"es_ES\" \/>\n<meta property=\"og:type\" content=\"article\" \/>\n<meta property=\"og:title\" content=\"Sobre A&amp;D - Aerospace &amp; Defense\" \/>\n<meta property=\"og:description\" content=\"Todas las capacidades de un TIER 1 con la flexibilidad y la competitividad de un TIER 2. Nuestra motivaci\u00f3n es ofrecer a nuestros clientes soluciones completas propias de los retos tecnol\u00f3gicos que se les presentan. Las nuevas plataformas de transporte, la digitalizaci\u00f3n de las factor\u00edas o la automatizaci\u00f3n de los procesos de producci\u00f3n son proyectos [&hellip;]\" \/>\n<meta property=\"og:url\" content=\"https:\/\/airtificial.com\/aerospace-defense\/sobre-ad\/\" \/>\n<meta property=\"og:site_name\" content=\"Aerospace &amp; Defense\" \/>\n<meta property=\"article:modified_time\" content=\"2026-04-13T13:46:38+00:00\" \/>\n<meta name=\"twitter:card\" content=\"summary_large_image\" \/>\n<meta name=\"twitter:label1\" content=\"Tiempo de lectura\" \/>\n\t<meta name=\"twitter:data1\" content=\"1 minuto\" \/>\n<!-- \/ Yoast SEO plugin. -->","yoast_head_json":{"title":"Sobre A&amp;D - Aerospace &amp; Defense","robots":{"index":"index","follow":"follow","max-snippet":"max-snippet:-1","max-image-preview":"max-image-preview:large","max-video-preview":"max-video-preview:-1"},"canonical":"https:\/\/airtificial.com\/aerospace-defense\/sobre-ad\/","og_locale":"es_ES","og_type":"article","og_title":"Sobre A&amp;D - Aerospace &amp; Defense","og_description":"Todas las capacidades de un TIER 1 con la flexibilidad y la competitividad de un TIER 2. Nuestra motivaci\u00f3n es ofrecer a nuestros clientes soluciones completas propias de los retos tecnol\u00f3gicos que se les presentan. Las nuevas plataformas de transporte, la digitalizaci\u00f3n de las factor\u00edas o la automatizaci\u00f3n de los procesos de producci\u00f3n son proyectos [&hellip;]","og_url":"https:\/\/airtificial.com\/aerospace-defense\/sobre-ad\/","og_site_name":"Aerospace &amp; Defense","article_modified_time":"2026-04-13T13:46:38+00:00","twitter_card":"summary_large_image","twitter_misc":{"Tiempo de lectura":"1 minuto"},"schema":{"@context":"https:\/\/schema.org","@graph":[{"@type":"WebPage","@id":"https:\/\/airtificial.com\/aerospace-defense\/sobre-ad\/","url":"https:\/\/airtificial.com\/aerospace-defense\/sobre-ad\/","name":"Sobre A&amp;D - Aerospace &amp; Defense","isPartOf":{"@id":"https:\/\/airtificial.com\/aerospace-defense\/#website"},"datePublished":"2021-07-01T10:12:43+00:00","dateModified":"2026-04-13T13:46:38+00:00","breadcrumb":{"@id":"https:\/\/airtificial.com\/aerospace-defense\/sobre-ad\/#breadcrumb"},"inLanguage":"es","potentialAction":[{"@type":"ReadAction","target":["https:\/\/airtificial.com\/aerospace-defense\/sobre-ad\/"]}]},{"@type":"BreadcrumbList","@id":"https:\/\/airtificial.com\/aerospace-defense\/sobre-ad\/#breadcrumb","itemListElement":[{"@type":"ListItem","position":1,"name":"Portada","item":"https:\/\/airtificial.com\/aerospace-defense\/"},{"@type":"ListItem","position":2,"name":"Sobre A&amp;D"}]},{"@type":"WebSite","@id":"https:\/\/airtificial.com\/aerospace-defense\/#website","url":"https:\/\/airtificial.com\/aerospace-defense\/","name":"Aerospace &amp; Defense","description":"Otro sitio m\u00e1s de Airtificial sitios","potentialAction":[{"@type":"SearchAction","target":{"@type":"EntryPoint","urlTemplate":"https:\/\/airtificial.com\/aerospace-defense\/?s={search_term_string}"},"query-input":{"@type":"PropertyValueSpecification","valueRequired":true,"valueName":"search_term_string"}}],"inLanguage":"es"}]}},"_links":{"self":[{"href":"https:\/\/airtificial.com\/aerospace-defense\/wp-json\/wp\/v2\/pages\/230656","targetHints":{"allow":["GET"]}}],"collection":[{"href":"https:\/\/airtificial.com\/aerospace-defense\/wp-json\/wp\/v2\/pages"}],"about":[{"href":"https:\/\/airtificial.com\/aerospace-defense\/wp-json\/wp\/v2\/types\/page"}],"author":[{"embeddable":true,"href":"https:\/\/airtificial.com\/aerospace-defense\/wp-json\/wp\/v2\/users\/1"}],"replies":[{"embeddable":true,"href":"https:\/\/airtificial.com\/aerospace-defense\/wp-json\/wp\/v2\/comments?post=230656"}],"version-history":[{"count":73,"href":"https:\/\/airtificial.com\/aerospace-defense\/wp-json\/wp\/v2\/pages\/230656\/revisions"}],"predecessor-version":[{"id":236022,"href":"https:\/\/airtificial.com\/aerospace-defense\/wp-json\/wp\/v2\/pages\/230656\/revisions\/236022"}],"wp:attachment":[{"href":"https:\/\/airtificial.com\/aerospace-defense\/wp-json\/wp\/v2\/media?parent=230656"}],"curies":[{"name":"wp","href":"https:\/\/api.w.org\/{rel}","templated":true}]}}