{"id":232139,"date":"2024-11-13T07:59:32","date_gmt":"2024-11-13T07:59:32","guid":{"rendered":"https:\/\/airtificial.com\/aerospace-defense\/?page_id=232139"},"modified":"2024-11-13T08:01:26","modified_gmt":"2024-11-13T08:01:26","slug":"safra-sat","status":"publish","type":"page","link":"https:\/\/airtificial.com\/aerospace-defense\/safra-sat\/","title":{"rendered":"SAFRA-SAT"},"content":{"rendered":"<p>Airtificial ha recibido un incentivo de la Agencia de Innovaci\u00f3n y Desarrollo de Andaluc\u00eda IDEA, de la Junta de Andaluc\u00eda, por un importe de 143.267,44 \u20ac, cofinanciado en un 80% por la Uni\u00f3n Europea a trav\u00e9s del Fondo Europeo de Desarrollo Regional FEDER, bajo n\u00famero de expediente 802C1700058, para la realizaci\u00f3n del proyecto SAFRA-SAT (Sistema Aut\u00f3nomo de vigilancia Fronteriza para detecci\u00f3n de amenazas basado en RAdar y SAT\u00e9lite) con el objetivo de promover el desarrollo tecnol\u00f3gico, la innovaci\u00f3n y una investigaci\u00f3n de calidad.<\/p>\n<p>El objetivo general del proyecto es desarrollar sistemas de vigilancia aut\u00f3nomos y flexibles que permitan una detecci\u00f3n r\u00e1pida y prematura de potenciales amenazas o alarmas fronterizas. Una detecci\u00f3n prematura de una posible alarma supone una reducci\u00f3n de los tiempos de acci\u00f3n\/reacci\u00f3n marcados por los protocolos de actuaci\u00f3n, por lo que esto puede suponer un incremento del \u00e9xito de una misi\u00f3n ya bien sea referida al rescate de personas o a la detenci\u00f3n de embarcaciones vinculadas al narcotr\u00e1fico o a la trata ilegal de personas.<\/p>\n","protected":false},"excerpt":{"rendered":"<p>Airtificial ha recibido un incentivo de la Agencia de Innovaci\u00f3n y Desarrollo de Andaluc\u00eda IDEA, de la Junta de Andaluc\u00eda, por un importe de 143.267,44 \u20ac, cofinanciado en un 80% por la Uni\u00f3n Europea a trav\u00e9s del Fondo Europeo de Desarrollo Regional FEDER, bajo n\u00famero de expediente 802C1700058, para la realizaci\u00f3n del proyecto SAFRA-SAT (Sistema [&hellip;]<\/p>\n","protected":false},"author":1,"featured_media":0,"parent":0,"menu_order":8,"comment_status":"closed","ping_status":"closed","template":"","meta":{"_acf_changed":false,"inline_featured_image":false,"footnotes":""},"class_list":["post-232139","page","type-page","status-publish","hentry"],"acf":[],"yoast_head":"<!-- This site is optimized with the Yoast SEO plugin v27.4 - https:\/\/yoast.com\/product\/yoast-seo-wordpress\/ -->\n<title>SAFRA-SAT - Aerospace &amp; Defense<\/title>\n<meta name=\"robots\" content=\"index, follow, max-snippet:-1, max-image-preview:large, max-video-preview:-1\" \/>\n<link rel=\"canonical\" href=\"https:\/\/airtificial.com\/aerospace-defense\/safra-sat\/\" \/>\n<meta property=\"og:locale\" content=\"es_ES\" \/>\n<meta property=\"og:type\" content=\"article\" \/>\n<meta property=\"og:title\" content=\"SAFRA-SAT - Aerospace &amp; Defense\" \/>\n<meta property=\"og:description\" content=\"Airtificial ha recibido un incentivo de la Agencia de Innovaci\u00f3n y Desarrollo de Andaluc\u00eda IDEA, de la Junta de Andaluc\u00eda, por un importe de 143.267,44 \u20ac, cofinanciado en un 80% por la Uni\u00f3n Europea a trav\u00e9s del Fondo Europeo de Desarrollo Regional FEDER, bajo n\u00famero de expediente 802C1700058, para la realizaci\u00f3n del proyecto SAFRA-SAT (Sistema [&hellip;]\" \/>\n<meta property=\"og:url\" content=\"https:\/\/airtificial.com\/aerospace-defense\/safra-sat\/\" \/>\n<meta property=\"og:site_name\" content=\"Aerospace &amp; Defense\" \/>\n<meta property=\"article:modified_time\" content=\"2024-11-13T08:01:26+00:00\" \/>\n<meta name=\"twitter:card\" content=\"summary_large_image\" \/>\n<meta name=\"twitter:label1\" content=\"Tiempo de lectura\" \/>\n\t<meta name=\"twitter:data1\" content=\"1 minuto\" \/>\n<!-- \/ Yoast SEO plugin. -->","yoast_head_json":{"title":"SAFRA-SAT - Aerospace &amp; Defense","robots":{"index":"index","follow":"follow","max-snippet":"max-snippet:-1","max-image-preview":"max-image-preview:large","max-video-preview":"max-video-preview:-1"},"canonical":"https:\/\/airtificial.com\/aerospace-defense\/safra-sat\/","og_locale":"es_ES","og_type":"article","og_title":"SAFRA-SAT - Aerospace &amp; Defense","og_description":"Airtificial ha recibido un incentivo de la Agencia de Innovaci\u00f3n y Desarrollo de Andaluc\u00eda IDEA, de la Junta de Andaluc\u00eda, por un importe de 143.267,44 \u20ac, cofinanciado en un 80% por la Uni\u00f3n Europea a trav\u00e9s del Fondo Europeo de Desarrollo Regional FEDER, bajo n\u00famero de expediente 802C1700058, para la realizaci\u00f3n del proyecto SAFRA-SAT (Sistema [&hellip;]","og_url":"https:\/\/airtificial.com\/aerospace-defense\/safra-sat\/","og_site_name":"Aerospace &amp; Defense","article_modified_time":"2024-11-13T08:01:26+00:00","twitter_card":"summary_large_image","twitter_misc":{"Tiempo de lectura":"1 minuto"},"schema":{"@context":"https:\/\/schema.org","@graph":[{"@type":"WebPage","@id":"https:\/\/airtificial.com\/aerospace-defense\/safra-sat\/","url":"https:\/\/airtificial.com\/aerospace-defense\/safra-sat\/","name":"SAFRA-SAT - Aerospace &amp; Defense","isPartOf":{"@id":"https:\/\/airtificial.com\/aerospace-defense\/#website"},"datePublished":"2024-11-13T07:59:32+00:00","dateModified":"2024-11-13T08:01:26+00:00","breadcrumb":{"@id":"https:\/\/airtificial.com\/aerospace-defense\/safra-sat\/#breadcrumb"},"inLanguage":"es","potentialAction":[{"@type":"ReadAction","target":["https:\/\/airtificial.com\/aerospace-defense\/safra-sat\/"]}]},{"@type":"BreadcrumbList","@id":"https:\/\/airtificial.com\/aerospace-defense\/safra-sat\/#breadcrumb","itemListElement":[{"@type":"ListItem","position":1,"name":"Portada","item":"https:\/\/airtificial.com\/aerospace-defense\/"},{"@type":"ListItem","position":2,"name":"SAFRA-SAT"}]},{"@type":"WebSite","@id":"https:\/\/airtificial.com\/aerospace-defense\/#website","url":"https:\/\/airtificial.com\/aerospace-defense\/","name":"Aerospace &amp; Defense","description":"Otro sitio m\u00e1s de Airtificial sitios","potentialAction":[{"@type":"SearchAction","target":{"@type":"EntryPoint","urlTemplate":"https:\/\/airtificial.com\/aerospace-defense\/?s={search_term_string}"},"query-input":{"@type":"PropertyValueSpecification","valueRequired":true,"valueName":"search_term_string"}}],"inLanguage":"es"}]}},"_links":{"self":[{"href":"https:\/\/airtificial.com\/aerospace-defense\/wp-json\/wp\/v2\/pages\/232139","targetHints":{"allow":["GET"]}}],"collection":[{"href":"https:\/\/airtificial.com\/aerospace-defense\/wp-json\/wp\/v2\/pages"}],"about":[{"href":"https:\/\/airtificial.com\/aerospace-defense\/wp-json\/wp\/v2\/types\/page"}],"author":[{"embeddable":true,"href":"https:\/\/airtificial.com\/aerospace-defense\/wp-json\/wp\/v2\/users\/1"}],"replies":[{"embeddable":true,"href":"https:\/\/airtificial.com\/aerospace-defense\/wp-json\/wp\/v2\/comments?post=232139"}],"version-history":[{"count":1,"href":"https:\/\/airtificial.com\/aerospace-defense\/wp-json\/wp\/v2\/pages\/232139\/revisions"}],"predecessor-version":[{"id":232140,"href":"https:\/\/airtificial.com\/aerospace-defense\/wp-json\/wp\/v2\/pages\/232139\/revisions\/232140"}],"wp:attachment":[{"href":"https:\/\/airtificial.com\/aerospace-defense\/wp-json\/wp\/v2\/media?parent=232139"}],"curies":[{"name":"wp","href":"https:\/\/api.w.org\/{rel}","templated":true}]}}