{"id":232144,"date":"2024-11-18T12:21:51","date_gmt":"2024-11-18T12:21:51","guid":{"rendered":"https:\/\/airtificial.com\/aerospace-defense\/?page_id=232144"},"modified":"2024-11-18T12:21:51","modified_gmt":"2024-11-18T12:21:51","slug":"proyecto-horserpa","status":"publish","type":"page","link":"https:\/\/airtificial.com\/aerospace-defense\/proyecto-horserpa\/","title":{"rendered":"Proyecto HORSERPA"},"content":{"rendered":"<p><strong>SISTEMA ROB\u00d3TICO COLABORATIVO PARA LA MEJORA DE LOS PROCESOS FINALES EN LAS PIEZAS DE MATERIAL COMPUESTO<\/strong><br \/>\nExpediente:\u00a0<strong>ICA-050000-2017-9<\/strong><br \/>\nProyecto financiado por el\u00a0<strong>Ministerio de Econom\u00eda, Industria y Competitividad<\/strong><\/p>\n<p>El proyecto se centra en el desarrollo de un sistema robotizado que permita automatizar y mejorar las tareas de posicionamiento de la pieza, para el recanteo y taladrado. Para ello, habr\u00e1 que dise\u00f1ar un sistema que permita detectar la pieza en base a visi\u00f3n artificial y su posterior colocaci\u00f3n de forma autom\u00e1tica. Adem\u00e1s, tambi\u00e9n se desarrollar\u00e1 un sistema que permita el pintado autom\u00e1tico de la pieza y su verificaci\u00f3n dimensional. El objetivo es llegar a un TRL 5.<\/p>\n<p>Se trata de un proyecto de desarrollo experimental encuadrado dentro de la prioridad tem\u00e1tica de Rob\u00f3tica avanzada.<\/p>\n<p><strong>Objetivos T\u00e9cnicos:<\/strong><\/p>\n<ol>\n<li>Mejorar el posicionamiento de piezas y ayudar al operario en las operaciones de recanteo, taladrado y avellanado de las piezas fabricadas, as\u00ed como su colocaci\u00f3n en un \u00fatil adaptable a cada pieza.<\/li>\n<li>Pintado autom\u00e1tico de la pieza pintada mediante la incorporaci\u00f3n de un robot que se adapte a cada pieza.<\/li>\n<li>Verificaci\u00f3n dimensional autom\u00e1tica, a trav\u00e9s de los ensayos no destructivos.<\/li>\n<\/ol>\n<p><strong>Todo ello para lograr:<\/strong><\/p>\n<ol>\n<li><strong>Reducci\u00f3n del lead time<\/strong>\u00a0(temporal). A trav\u00e9s de la automatizaci\u00f3n de los procesos se pretende reducir el tiempo de trabajo.<\/li>\n<li><strong>Ahorro de costes<\/strong>\u00a0(econ\u00f3mico). Mediante la mejora de la eficiencia en las fases de trabajo de las piezas fabricadas.<\/li>\n<li><strong>Mejora de la trazabilidad<\/strong>\u00a0(temporal). Se pretende obtener una seguridad en el registro del estado de las piezas a fabricar.<\/li>\n<li><strong>Mejora de la calidad del trabajador<\/strong>\u00a0(social). Mediante la automatizaci\u00f3n de los procesos de fabricaci\u00f3n se pretende obtener una mejora de las condiciones de trabajo de los t\u00e9cnicos de producci\u00f3n.<\/li>\n<\/ol>\n","protected":false},"excerpt":{"rendered":"<p>SISTEMA ROB\u00d3TICO COLABORATIVO PARA LA MEJORA DE LOS PROCESOS FINALES EN LAS PIEZAS DE MATERIAL COMPUESTO Expediente:\u00a0ICA-050000-2017-9 Proyecto financiado por el\u00a0Ministerio de Econom\u00eda, Industria y Competitividad El proyecto se centra en el desarrollo de un sistema robotizado que permita automatizar y mejorar las tareas de posicionamiento de la pieza, para el recanteo y taladrado. Para [&hellip;]<\/p>\n","protected":false},"author":1,"featured_media":0,"parent":0,"menu_order":4,"comment_status":"closed","ping_status":"closed","template":"","meta":{"_acf_changed":false,"inline_featured_image":false,"footnotes":""},"class_list":["post-232144","page","type-page","status-publish","hentry"],"acf":[],"yoast_head":"<!-- This site is optimized with the Yoast SEO plugin v27.4 - https:\/\/yoast.com\/product\/yoast-seo-wordpress\/ -->\n<title>Proyecto HORSERPA - Aerospace &amp; Defense<\/title>\n<meta name=\"robots\" content=\"index, follow, max-snippet:-1, max-image-preview:large, max-video-preview:-1\" \/>\n<link rel=\"canonical\" href=\"https:\/\/airtificial.com\/aerospace-defense\/proyecto-horserpa\/\" \/>\n<meta property=\"og:locale\" content=\"es_ES\" \/>\n<meta property=\"og:type\" content=\"article\" \/>\n<meta property=\"og:title\" content=\"Proyecto HORSERPA - Aerospace &amp; Defense\" \/>\n<meta property=\"og:description\" content=\"SISTEMA ROB\u00d3TICO COLABORATIVO PARA LA MEJORA DE LOS PROCESOS FINALES EN LAS PIEZAS DE MATERIAL COMPUESTO Expediente:\u00a0ICA-050000-2017-9 Proyecto financiado por el\u00a0Ministerio de Econom\u00eda, Industria y Competitividad El proyecto se centra en el desarrollo de un sistema robotizado que permita automatizar y mejorar las tareas de posicionamiento de la pieza, para el recanteo y taladrado. Para [&hellip;]\" \/>\n<meta property=\"og:url\" content=\"https:\/\/airtificial.com\/aerospace-defense\/proyecto-horserpa\/\" \/>\n<meta property=\"og:site_name\" content=\"Aerospace &amp; Defense\" \/>\n<meta name=\"twitter:card\" content=\"summary_large_image\" \/>\n<meta name=\"twitter:label1\" content=\"Tiempo de lectura\" \/>\n\t<meta name=\"twitter:data1\" content=\"2 minutos\" \/>\n<!-- \/ Yoast SEO plugin. -->","yoast_head_json":{"title":"Proyecto HORSERPA - Aerospace &amp; Defense","robots":{"index":"index","follow":"follow","max-snippet":"max-snippet:-1","max-image-preview":"max-image-preview:large","max-video-preview":"max-video-preview:-1"},"canonical":"https:\/\/airtificial.com\/aerospace-defense\/proyecto-horserpa\/","og_locale":"es_ES","og_type":"article","og_title":"Proyecto HORSERPA - Aerospace &amp; Defense","og_description":"SISTEMA ROB\u00d3TICO COLABORATIVO PARA LA MEJORA DE LOS PROCESOS FINALES EN LAS PIEZAS DE MATERIAL COMPUESTO Expediente:\u00a0ICA-050000-2017-9 Proyecto financiado por el\u00a0Ministerio de Econom\u00eda, Industria y Competitividad El proyecto se centra en el desarrollo de un sistema robotizado que permita automatizar y mejorar las tareas de posicionamiento de la pieza, para el recanteo y taladrado. Para [&hellip;]","og_url":"https:\/\/airtificial.com\/aerospace-defense\/proyecto-horserpa\/","og_site_name":"Aerospace &amp; Defense","twitter_card":"summary_large_image","twitter_misc":{"Tiempo de lectura":"2 minutos"},"schema":{"@context":"https:\/\/schema.org","@graph":[{"@type":"WebPage","@id":"https:\/\/airtificial.com\/aerospace-defense\/proyecto-horserpa\/","url":"https:\/\/airtificial.com\/aerospace-defense\/proyecto-horserpa\/","name":"Proyecto HORSERPA - Aerospace &amp; Defense","isPartOf":{"@id":"https:\/\/airtificial.com\/aerospace-defense\/#website"},"datePublished":"2024-11-18T12:21:51+00:00","breadcrumb":{"@id":"https:\/\/airtificial.com\/aerospace-defense\/proyecto-horserpa\/#breadcrumb"},"inLanguage":"es","potentialAction":[{"@type":"ReadAction","target":["https:\/\/airtificial.com\/aerospace-defense\/proyecto-horserpa\/"]}]},{"@type":"BreadcrumbList","@id":"https:\/\/airtificial.com\/aerospace-defense\/proyecto-horserpa\/#breadcrumb","itemListElement":[{"@type":"ListItem","position":1,"name":"Portada","item":"https:\/\/airtificial.com\/aerospace-defense\/"},{"@type":"ListItem","position":2,"name":"Proyecto HORSERPA"}]},{"@type":"WebSite","@id":"https:\/\/airtificial.com\/aerospace-defense\/#website","url":"https:\/\/airtificial.com\/aerospace-defense\/","name":"Aerospace &amp; Defense","description":"Otro sitio m\u00e1s de Airtificial sitios","potentialAction":[{"@type":"SearchAction","target":{"@type":"EntryPoint","urlTemplate":"https:\/\/airtificial.com\/aerospace-defense\/?s={search_term_string}"},"query-input":{"@type":"PropertyValueSpecification","valueRequired":true,"valueName":"search_term_string"}}],"inLanguage":"es"}]}},"_links":{"self":[{"href":"https:\/\/airtificial.com\/aerospace-defense\/wp-json\/wp\/v2\/pages\/232144","targetHints":{"allow":["GET"]}}],"collection":[{"href":"https:\/\/airtificial.com\/aerospace-defense\/wp-json\/wp\/v2\/pages"}],"about":[{"href":"https:\/\/airtificial.com\/aerospace-defense\/wp-json\/wp\/v2\/types\/page"}],"author":[{"embeddable":true,"href":"https:\/\/airtificial.com\/aerospace-defense\/wp-json\/wp\/v2\/users\/1"}],"replies":[{"embeddable":true,"href":"https:\/\/airtificial.com\/aerospace-defense\/wp-json\/wp\/v2\/comments?post=232144"}],"version-history":[{"count":1,"href":"https:\/\/airtificial.com\/aerospace-defense\/wp-json\/wp\/v2\/pages\/232144\/revisions"}],"predecessor-version":[{"id":232145,"href":"https:\/\/airtificial.com\/aerospace-defense\/wp-json\/wp\/v2\/pages\/232144\/revisions\/232145"}],"wp:attachment":[{"href":"https:\/\/airtificial.com\/aerospace-defense\/wp-json\/wp\/v2\/media?parent=232144"}],"curies":[{"name":"wp","href":"https:\/\/api.w.org\/{rel}","templated":true}]}}