{"id":232152,"date":"2024-11-19T08:06:27","date_gmt":"2024-11-19T08:06:27","guid":{"rendered":"https:\/\/airtificial.com\/aerospace-defense\/?page_id=232152"},"modified":"2024-11-19T08:06:27","modified_gmt":"2024-11-19T08:06:27","slug":"proyecto-sistema-bpi","status":"publish","type":"page","link":"https:\/\/airtificial.com\/aerospace-defense\/proyecto-sistema-bpi\/","title":{"rendered":"Proyecto SISTEMA BPI"},"content":{"rendered":"<p><strong>DIGITALIZACI\u00d3N DE PROCESOS DE FABRICACI\u00d3N AERON\u00c1UTICA A TRAV\u00c9S DE UN SISTEMA BIDIRECCIONAL DE PRODUCCI\u00d3N INTELIGENTE<\/strong><br \/>\n<strong>Expediente:<\/strong>\u00a0IC4-010000-2017-6<br \/>\n<strong>Proyecto financiado por el Ministerio de Econom\u00eda, Industria y Competitividad<\/strong><\/p>\n<p>El objetivo del proyecto consiste en la\u00a0<strong>integraci\u00f3n de un sistema que permita predecir, controlar, planear y producir de forma inteligente<\/strong>\u00a0para ayudar a reducir los costes productivos y costes de no calidad de la planta a trav\u00e9s de:<\/p>\n<ul>\n<li><strong>La reducci\u00f3n de los plazos de fabricaci\u00f3n:<\/strong>\u00a0Se iniciar\u00e1n los trabajos de fabricaci\u00f3n de cada una de las \u00f3rdenes de fabricaci\u00f3n en el momento justo para cumplir la entrega acordada sin que se interrumpa el flujo de trabajo de la planta y la carga de trabajo que puedan recibir otros procesos, de modo que la mayor\u00eda de las \u00f3rdenes entren en un entorno Just in Time (JIT).<\/li>\n<li><strong>La reducci\u00f3n de los inventarios:<\/strong>\u00a0A trav\u00e9s de un scheduling de producci\u00f3n se reducir\u00e1n todo tipo de stocks de trabajo, pero especialmente el WIP y los MP, pues se producir\u00e1 un menor n\u00famero de lotes en proceso en las plantas, as\u00ed como la reutilizaci\u00f3n y redistribuci\u00f3n de los recursos productivos. La capacidad de predicci\u00f3n del sistema permitir\u00e1 realizar an\u00e1lisis en base a datos para evitar todo compromiso entre eficiencia y flexibilidad.<\/li>\n<li><strong>La mejora en el control y seguimiento de la producci\u00f3n:<\/strong>\u00a0El scheduling de producci\u00f3n permitir\u00e1 realizar simulaciones de la planta, ajustando la planificaci\u00f3n de la producci\u00f3n en caso de cambios inesperados de demanda o fallos de fabricaci\u00f3n.<\/li>\n<li><strong>El control en el uso de los recursos y en la eficiencia de los recursos:<\/strong>\u00a0El hecho de contar con un sistema con el que podemos determinar cu\u00e1l ser\u00e1 el nivel de eficiencia de una operaci\u00f3n en base a los factores de eficiencia de los productos, permitir\u00e1 definir y visualizar escenarios de decisiones en dichas operaciones.<\/li>\n<\/ul>\n<p>El resultado esperado de la integraci\u00f3n de soluciones de software y hardware con el ERP de la planta es la mejora en los procesos de fabricaci\u00f3n y control de recursos, con un objetivo final en el\u00a0<strong>incremento de la productividad de la planta en un 5%, convirti\u00e9ndose en Artificial en un referente de F\u00e1brica 4.0.<\/strong><\/p>\n","protected":false},"excerpt":{"rendered":"<p>DIGITALIZACI\u00d3N DE PROCESOS DE FABRICACI\u00d3N AERON\u00c1UTICA A TRAV\u00c9S DE UN SISTEMA BIDIRECCIONAL DE PRODUCCI\u00d3N INTELIGENTE Expediente:\u00a0IC4-010000-2017-6 Proyecto financiado por el Ministerio de Econom\u00eda, Industria y Competitividad El objetivo del proyecto consiste en la\u00a0integraci\u00f3n de un sistema que permita predecir, controlar, planear y producir de forma inteligente\u00a0para ayudar a reducir los costes productivos y costes de [&hellip;]<\/p>\n","protected":false},"author":1,"featured_media":0,"parent":0,"menu_order":3,"comment_status":"closed","ping_status":"closed","template":"","meta":{"_acf_changed":false,"inline_featured_image":false,"footnotes":""},"class_list":["post-232152","page","type-page","status-publish","hentry"],"acf":[],"yoast_head":"<!-- This site is optimized with the Yoast SEO plugin v27.3 - https:\/\/yoast.com\/product\/yoast-seo-wordpress\/ -->\n<title>Proyecto SISTEMA BPI - Aerospace &amp; Defense<\/title>\n<meta name=\"robots\" content=\"index, follow, max-snippet:-1, max-image-preview:large, max-video-preview:-1\" \/>\n<link rel=\"canonical\" href=\"https:\/\/airtificial.com\/aerospace-defense\/proyecto-sistema-bpi\/\" \/>\n<meta property=\"og:locale\" content=\"es_ES\" \/>\n<meta property=\"og:type\" content=\"article\" \/>\n<meta property=\"og:title\" content=\"Proyecto SISTEMA BPI - Aerospace &amp; Defense\" \/>\n<meta property=\"og:description\" content=\"DIGITALIZACI\u00d3N DE PROCESOS DE FABRICACI\u00d3N AERON\u00c1UTICA A TRAV\u00c9S DE UN SISTEMA BIDIRECCIONAL DE PRODUCCI\u00d3N INTELIGENTE Expediente:\u00a0IC4-010000-2017-6 Proyecto financiado por el Ministerio de Econom\u00eda, Industria y Competitividad El objetivo del proyecto consiste en la\u00a0integraci\u00f3n de un sistema que permita predecir, controlar, planear y producir de forma inteligente\u00a0para ayudar a reducir los costes productivos y costes de [&hellip;]\" \/>\n<meta property=\"og:url\" content=\"https:\/\/airtificial.com\/aerospace-defense\/proyecto-sistema-bpi\/\" \/>\n<meta property=\"og:site_name\" content=\"Aerospace &amp; Defense\" \/>\n<meta name=\"twitter:card\" content=\"summary_large_image\" \/>\n<meta name=\"twitter:label1\" content=\"Tiempo de lectura\" \/>\n\t<meta name=\"twitter:data1\" content=\"2 minutos\" \/>\n<!-- \/ Yoast SEO plugin. -->","yoast_head_json":{"title":"Proyecto SISTEMA BPI - Aerospace &amp; Defense","robots":{"index":"index","follow":"follow","max-snippet":"max-snippet:-1","max-image-preview":"max-image-preview:large","max-video-preview":"max-video-preview:-1"},"canonical":"https:\/\/airtificial.com\/aerospace-defense\/proyecto-sistema-bpi\/","og_locale":"es_ES","og_type":"article","og_title":"Proyecto SISTEMA BPI - Aerospace &amp; Defense","og_description":"DIGITALIZACI\u00d3N DE PROCESOS DE FABRICACI\u00d3N AERON\u00c1UTICA A TRAV\u00c9S DE UN SISTEMA BIDIRECCIONAL DE PRODUCCI\u00d3N INTELIGENTE Expediente:\u00a0IC4-010000-2017-6 Proyecto financiado por el Ministerio de Econom\u00eda, Industria y Competitividad El objetivo del proyecto consiste en la\u00a0integraci\u00f3n de un sistema que permita predecir, controlar, planear y producir de forma inteligente\u00a0para ayudar a reducir los costes productivos y costes de [&hellip;]","og_url":"https:\/\/airtificial.com\/aerospace-defense\/proyecto-sistema-bpi\/","og_site_name":"Aerospace &amp; Defense","twitter_card":"summary_large_image","twitter_misc":{"Tiempo de lectura":"2 minutos"},"schema":{"@context":"https:\/\/schema.org","@graph":[{"@type":"WebPage","@id":"https:\/\/airtificial.com\/aerospace-defense\/proyecto-sistema-bpi\/","url":"https:\/\/airtificial.com\/aerospace-defense\/proyecto-sistema-bpi\/","name":"Proyecto SISTEMA BPI - Aerospace &amp; Defense","isPartOf":{"@id":"https:\/\/airtificial.com\/aerospace-defense\/#website"},"datePublished":"2024-11-19T08:06:27+00:00","breadcrumb":{"@id":"https:\/\/airtificial.com\/aerospace-defense\/proyecto-sistema-bpi\/#breadcrumb"},"inLanguage":"es","potentialAction":[{"@type":"ReadAction","target":["https:\/\/airtificial.com\/aerospace-defense\/proyecto-sistema-bpi\/"]}]},{"@type":"BreadcrumbList","@id":"https:\/\/airtificial.com\/aerospace-defense\/proyecto-sistema-bpi\/#breadcrumb","itemListElement":[{"@type":"ListItem","position":1,"name":"Portada","item":"https:\/\/airtificial.com\/aerospace-defense\/"},{"@type":"ListItem","position":2,"name":"Proyecto SISTEMA BPI"}]},{"@type":"WebSite","@id":"https:\/\/airtificial.com\/aerospace-defense\/#website","url":"https:\/\/airtificial.com\/aerospace-defense\/","name":"Aerospace &amp; Defense","description":"Otro sitio m\u00e1s de Airtificial sitios","potentialAction":[{"@type":"SearchAction","target":{"@type":"EntryPoint","urlTemplate":"https:\/\/airtificial.com\/aerospace-defense\/?s={search_term_string}"},"query-input":{"@type":"PropertyValueSpecification","valueRequired":true,"valueName":"search_term_string"}}],"inLanguage":"es"}]}},"_links":{"self":[{"href":"https:\/\/airtificial.com\/aerospace-defense\/wp-json\/wp\/v2\/pages\/232152","targetHints":{"allow":["GET"]}}],"collection":[{"href":"https:\/\/airtificial.com\/aerospace-defense\/wp-json\/wp\/v2\/pages"}],"about":[{"href":"https:\/\/airtificial.com\/aerospace-defense\/wp-json\/wp\/v2\/types\/page"}],"author":[{"embeddable":true,"href":"https:\/\/airtificial.com\/aerospace-defense\/wp-json\/wp\/v2\/users\/1"}],"replies":[{"embeddable":true,"href":"https:\/\/airtificial.com\/aerospace-defense\/wp-json\/wp\/v2\/comments?post=232152"}],"version-history":[{"count":1,"href":"https:\/\/airtificial.com\/aerospace-defense\/wp-json\/wp\/v2\/pages\/232152\/revisions"}],"predecessor-version":[{"id":232153,"href":"https:\/\/airtificial.com\/aerospace-defense\/wp-json\/wp\/v2\/pages\/232152\/revisions\/232153"}],"wp:attachment":[{"href":"https:\/\/airtificial.com\/aerospace-defense\/wp-json\/wp\/v2\/media?parent=232152"}],"curies":[{"name":"wp","href":"https:\/\/api.w.org\/{rel}","templated":true}]}}