{"id":235859,"date":"2025-06-06T12:37:28","date_gmt":"2025-06-06T12:37:28","guid":{"rendered":"https:\/\/airtificial.com\/aerospace-defense\/?page_id=235859"},"modified":"2025-06-06T12:41:23","modified_gmt":"2025-06-06T12:41:23","slug":"proyecto-hedifica","status":"publish","type":"page","link":"https:\/\/airtificial.com\/aerospace-defense\/proyecto-hedifica\/","title":{"rendered":"Proyecto HEDIFICA"},"content":{"rendered":"<p data-start=\"186\" data-end=\"567\"><strong data-start=\"186\" data-end=\"212\">El proyecto HEDIFICA40<\/strong> (Digitalizaci\u00f3n de estructuras de fibra de Carbono sometidas a vac\u00edo y alta velocidad) ha consistido en el desarrollo de nuevos procesos de integraci\u00f3n de sensores activos dentro de estructuras de composites sometidas a entornos de vac\u00edo y alta velocidad, as\u00ed como el desarrollo de nueva tipolog\u00eda de sensores para la monitorizaci\u00f3n de salud estructural.<\/p>\n<p data-start=\"569\" data-end=\"838\">El proyecto HEDIFICA ha sido financiado por el Ministerio de Industria, Comercio y Turismo en la convocatoria de concesi\u00f3n de apoyo financiero a proyectos de I+D+i en el \u00e1mbito de la Industria Conectada 4.0 en el a\u00f1o 2018 con n\u00famero de expediente <strong data-start=\"816\" data-end=\"837\">IC4-060000-2018-5<\/strong>.<\/p>\n","protected":false},"excerpt":{"rendered":"<p>El proyecto HEDIFICA40 (Digitalizaci\u00f3n de estructuras de fibra de Carbono sometidas a vac\u00edo y alta velocidad) ha consistido en el desarrollo de nuevos procesos de integraci\u00f3n de sensores activos dentro de estructuras de composites sometidas a entornos de vac\u00edo y alta velocidad, as\u00ed como el desarrollo de nueva tipolog\u00eda de sensores para la monitorizaci\u00f3n de [&hellip;]<\/p>\n","protected":false},"author":1,"featured_media":0,"parent":0,"menu_order":2,"comment_status":"closed","ping_status":"closed","template":"","meta":{"_acf_changed":false,"inline_featured_image":false,"footnotes":""},"class_list":["post-235859","page","type-page","status-publish","hentry"],"acf":[],"yoast_head":"<!-- This site is optimized with the Yoast SEO plugin v27.3 - https:\/\/yoast.com\/product\/yoast-seo-wordpress\/ -->\n<title>Proyecto HEDIFICA - Aerospace &amp; Defense<\/title>\n<meta name=\"robots\" content=\"index, follow, max-snippet:-1, max-image-preview:large, max-video-preview:-1\" \/>\n<link rel=\"canonical\" href=\"https:\/\/airtificial.com\/aerospace-defense\/proyecto-hedifica\/\" \/>\n<meta property=\"og:locale\" content=\"es_ES\" \/>\n<meta property=\"og:type\" content=\"article\" \/>\n<meta property=\"og:title\" content=\"Proyecto HEDIFICA - Aerospace &amp; Defense\" \/>\n<meta property=\"og:description\" content=\"El proyecto HEDIFICA40 (Digitalizaci\u00f3n de estructuras de fibra de Carbono sometidas a vac\u00edo y alta velocidad) ha consistido en el desarrollo de nuevos procesos de integraci\u00f3n de sensores activos dentro de estructuras de composites sometidas a entornos de vac\u00edo y alta velocidad, as\u00ed como el desarrollo de nueva tipolog\u00eda de sensores para la monitorizaci\u00f3n de [&hellip;]\" \/>\n<meta property=\"og:url\" content=\"https:\/\/airtificial.com\/aerospace-defense\/proyecto-hedifica\/\" \/>\n<meta property=\"og:site_name\" content=\"Aerospace &amp; Defense\" \/>\n<meta property=\"article:modified_time\" content=\"2025-06-06T12:41:23+00:00\" \/>\n<meta name=\"twitter:card\" content=\"summary_large_image\" \/>\n<!-- \/ Yoast SEO plugin. -->","yoast_head_json":{"title":"Proyecto HEDIFICA - Aerospace &amp; Defense","robots":{"index":"index","follow":"follow","max-snippet":"max-snippet:-1","max-image-preview":"max-image-preview:large","max-video-preview":"max-video-preview:-1"},"canonical":"https:\/\/airtificial.com\/aerospace-defense\/proyecto-hedifica\/","og_locale":"es_ES","og_type":"article","og_title":"Proyecto HEDIFICA - Aerospace &amp; Defense","og_description":"El proyecto HEDIFICA40 (Digitalizaci\u00f3n de estructuras de fibra de Carbono sometidas a vac\u00edo y alta velocidad) ha consistido en el desarrollo de nuevos procesos de integraci\u00f3n de sensores activos dentro de estructuras de composites sometidas a entornos de vac\u00edo y alta velocidad, as\u00ed como el desarrollo de nueva tipolog\u00eda de sensores para la monitorizaci\u00f3n de [&hellip;]","og_url":"https:\/\/airtificial.com\/aerospace-defense\/proyecto-hedifica\/","og_site_name":"Aerospace &amp; Defense","article_modified_time":"2025-06-06T12:41:23+00:00","twitter_card":"summary_large_image","schema":{"@context":"https:\/\/schema.org","@graph":[{"@type":"WebPage","@id":"https:\/\/airtificial.com\/aerospace-defense\/proyecto-hedifica\/","url":"https:\/\/airtificial.com\/aerospace-defense\/proyecto-hedifica\/","name":"Proyecto HEDIFICA - Aerospace &amp; Defense","isPartOf":{"@id":"https:\/\/airtificial.com\/aerospace-defense\/#website"},"datePublished":"2025-06-06T12:37:28+00:00","dateModified":"2025-06-06T12:41:23+00:00","breadcrumb":{"@id":"https:\/\/airtificial.com\/aerospace-defense\/proyecto-hedifica\/#breadcrumb"},"inLanguage":"es","potentialAction":[{"@type":"ReadAction","target":["https:\/\/airtificial.com\/aerospace-defense\/proyecto-hedifica\/"]}]},{"@type":"BreadcrumbList","@id":"https:\/\/airtificial.com\/aerospace-defense\/proyecto-hedifica\/#breadcrumb","itemListElement":[{"@type":"ListItem","position":1,"name":"Portada","item":"https:\/\/airtificial.com\/aerospace-defense\/"},{"@type":"ListItem","position":2,"name":"Proyecto HEDIFICA"}]},{"@type":"WebSite","@id":"https:\/\/airtificial.com\/aerospace-defense\/#website","url":"https:\/\/airtificial.com\/aerospace-defense\/","name":"Aerospace &amp; Defense","description":"Otro sitio m\u00e1s de Airtificial sitios","potentialAction":[{"@type":"SearchAction","target":{"@type":"EntryPoint","urlTemplate":"https:\/\/airtificial.com\/aerospace-defense\/?s={search_term_string}"},"query-input":{"@type":"PropertyValueSpecification","valueRequired":true,"valueName":"search_term_string"}}],"inLanguage":"es"}]}},"_links":{"self":[{"href":"https:\/\/airtificial.com\/aerospace-defense\/wp-json\/wp\/v2\/pages\/235859","targetHints":{"allow":["GET"]}}],"collection":[{"href":"https:\/\/airtificial.com\/aerospace-defense\/wp-json\/wp\/v2\/pages"}],"about":[{"href":"https:\/\/airtificial.com\/aerospace-defense\/wp-json\/wp\/v2\/types\/page"}],"author":[{"embeddable":true,"href":"https:\/\/airtificial.com\/aerospace-defense\/wp-json\/wp\/v2\/users\/1"}],"replies":[{"embeddable":true,"href":"https:\/\/airtificial.com\/aerospace-defense\/wp-json\/wp\/v2\/comments?post=235859"}],"version-history":[{"count":2,"href":"https:\/\/airtificial.com\/aerospace-defense\/wp-json\/wp\/v2\/pages\/235859\/revisions"}],"predecessor-version":[{"id":235866,"href":"https:\/\/airtificial.com\/aerospace-defense\/wp-json\/wp\/v2\/pages\/235859\/revisions\/235866"}],"wp:attachment":[{"href":"https:\/\/airtificial.com\/aerospace-defense\/wp-json\/wp\/v2\/media?parent=235859"}],"curies":[{"name":"wp","href":"https:\/\/api.w.org\/{rel}","templated":true}]}}