{"id":513,"date":"2021-06-07T09:58:38","date_gmt":"2021-06-07T09:58:38","guid":{"rendered":"https:\/\/airtificial.com\/inversores\/comunicacion-de-informacion-privilegiada-y-otra-informacion-relevante\/"},"modified":"2026-03-31T13:20:59","modified_gmt":"2026-03-31T13:20:59","slug":"comunicacion-de-informacion-privilegiada-y-otra-informacion-relevante","status":"publish","type":"page","link":"https:\/\/airtificial.com\/en\/inversores\/comunicacion-de-informacion-privilegiada-y-otra-informacion-relevante\/","title":{"rendered":"Comunicaci\u00f3n de informaci\u00f3n privilegiada y otra informaci\u00f3n relevante"},"content":{"rendered":"<p>La sociedad garantiza que las comunicaciones de informaci\u00f3n que se insertan se corresponden exactamente con las remitidas a la CNMV y difundidas por \u00e9sta.<\/p>\n<p>Para los hechos relevantes del ejercicio 2018 anteriores a 23 noviembre 2018, fecha de inscripci\u00f3n en el Registro Mercantil de la fusi\u00f3n, puede verse en\u00a0<a href=\"https:\/\/inypsa.airtificial.com\/es\/mostrar_pagina\/informacion_general_de_la_sociedad-151252466.html\">www.inypsa.es<\/a> \u2018Informaci\u00f3n general de la sociedad\u2019.<\/p>\n<p>Los hechos relevantes anteriores se encuentran disponibles para su consulta en la web de la CNMV.<\/p>\n","protected":false},"excerpt":{"rendered":"<p>La sociedad garantiza que las comunicaciones de informaci\u00f3n que se insertan se corresponden exactamente con las remitidas a la CNMV y difundidas por \u00e9sta. Para los hechos relevantes del ejercicio 2018 anteriores a 23 noviembre 2018, fecha de inscripci\u00f3n en el Registro Mercantil de la fusi\u00f3n, puede verse en\u00a0www.inypsa.es \u2018Informaci\u00f3n general de la sociedad\u2019. Los [&hellip;]<\/p>\n","protected":false},"author":1,"featured_media":0,"parent":501,"menu_order":49,"comment_status":"closed","ping_status":"closed","template":"t-group\/template-inversores.php","meta":{"_acf_changed":false,"_bbp_topic_count":0,"_bbp_reply_count":0,"_bbp_total_topic_count":0,"_bbp_total_reply_count":0,"_bbp_voice_count":0,"_bbp_anonymous_reply_count":0,"_bbp_topic_count_hidden":0,"_bbp_reply_count_hidden":0,"_bbp_forum_subforum_count":0,"inline_featured_image":false,"footnotes":""},"class_list":["post-513","page","type-page","status-publish","hentry"],"acf":[],"yoast_head":"<!-- This site is optimized with the Yoast SEO plugin v27.4 - https:\/\/yoast.com\/product\/yoast-seo-wordpress\/ -->\n<title>Comunicaci\u00f3n de informaci\u00f3n privilegiada y otra informaci\u00f3n relevante - Airtificial<\/title>\n<meta name=\"robots\" content=\"index, follow, max-snippet:-1, max-image-preview:large, max-video-preview:-1\" \/>\n<link rel=\"canonical\" href=\"https:\/\/airtificial.com\/en\/inversores\/comunicacion-de-informacion-privilegiada-y-otra-informacion-relevante\/\" \/>\n<meta property=\"og:locale\" content=\"en_US\" \/>\n<meta property=\"og:type\" content=\"article\" \/>\n<meta property=\"og:title\" content=\"Comunicaci\u00f3n de informaci\u00f3n privilegiada y otra informaci\u00f3n relevante - Airtificial\" \/>\n<meta property=\"og:description\" content=\"La sociedad garantiza que las comunicaciones de informaci\u00f3n que se insertan se corresponden exactamente con las remitidas a la CNMV y difundidas por \u00e9sta. Para los hechos relevantes del ejercicio 2018 anteriores a 23 noviembre 2018, fecha de inscripci\u00f3n en el Registro Mercantil de la fusi\u00f3n, puede verse en\u00a0www.inypsa.es \u2018Informaci\u00f3n general de la sociedad\u2019. Los [&hellip;]\" \/>\n<meta property=\"og:url\" content=\"https:\/\/airtificial.com\/en\/inversores\/comunicacion-de-informacion-privilegiada-y-otra-informacion-relevante\/\" \/>\n<meta property=\"og:site_name\" content=\"Airtificial\" \/>\n<meta property=\"article:modified_time\" content=\"2026-03-31T13:20:59+00:00\" \/>\n<meta name=\"twitter:card\" content=\"summary_large_image\" \/>\n<meta name=\"twitter:label1\" content=\"Est. reading time\" \/>\n\t<meta name=\"twitter:data1\" content=\"1 minute\" \/>\n<!-- \/ Yoast SEO plugin. -->","yoast_head_json":{"title":"Comunicaci\u00f3n de informaci\u00f3n privilegiada y otra informaci\u00f3n relevante - Airtificial","robots":{"index":"index","follow":"follow","max-snippet":"max-snippet:-1","max-image-preview":"max-image-preview:large","max-video-preview":"max-video-preview:-1"},"canonical":"https:\/\/airtificial.com\/en\/inversores\/comunicacion-de-informacion-privilegiada-y-otra-informacion-relevante\/","og_locale":"en_US","og_type":"article","og_title":"Comunicaci\u00f3n de informaci\u00f3n privilegiada y otra informaci\u00f3n relevante - Airtificial","og_description":"La sociedad garantiza que las comunicaciones de informaci\u00f3n que se insertan se corresponden exactamente con las remitidas a la CNMV y difundidas por \u00e9sta. Para los hechos relevantes del ejercicio 2018 anteriores a 23 noviembre 2018, fecha de inscripci\u00f3n en el Registro Mercantil de la fusi\u00f3n, puede verse en\u00a0www.inypsa.es \u2018Informaci\u00f3n general de la sociedad\u2019. Los [&hellip;]","og_url":"https:\/\/airtificial.com\/en\/inversores\/comunicacion-de-informacion-privilegiada-y-otra-informacion-relevante\/","og_site_name":"Airtificial","article_modified_time":"2026-03-31T13:20:59+00:00","twitter_card":"summary_large_image","twitter_misc":{"Est. reading time":"1 minute"},"schema":{"@context":"https:\/\/schema.org","@graph":[{"@type":"WebPage","@id":"https:\/\/airtificial.com\/en\/inversores\/comunicacion-de-informacion-privilegiada-y-otra-informacion-relevante\/","url":"https:\/\/airtificial.com\/en\/inversores\/comunicacion-de-informacion-privilegiada-y-otra-informacion-relevante\/","name":"Comunicaci\u00f3n de informaci\u00f3n privilegiada y otra informaci\u00f3n relevante - Airtificial","isPartOf":{"@id":"https:\/\/airtificial.com\/#website"},"datePublished":"2021-06-07T09:58:38+00:00","dateModified":"2026-03-31T13:20:59+00:00","breadcrumb":{"@id":"https:\/\/airtificial.com\/en\/inversores\/comunicacion-de-informacion-privilegiada-y-otra-informacion-relevante\/#breadcrumb"},"inLanguage":"en-US","potentialAction":[{"@type":"ReadAction","target":["https:\/\/airtificial.com\/en\/inversores\/comunicacion-de-informacion-privilegiada-y-otra-informacion-relevante\/"]}]},{"@type":"BreadcrumbList","@id":"https:\/\/airtificial.com\/en\/inversores\/comunicacion-de-informacion-privilegiada-y-otra-informacion-relevante\/#breadcrumb","itemListElement":[{"@type":"ListItem","position":1,"name":"Portada","item":"https:\/\/airtificial.com\/en\/"},{"@type":"ListItem","position":2,"name":"Inversores","item":"https:\/\/airtificial.com\/inversores\/?lang=en"},{"@type":"ListItem","position":3,"name":"Comunicaci\u00f3n de informaci\u00f3n privilegiada y otra informaci\u00f3n relevante"}]},{"@type":"WebSite","@id":"https:\/\/airtificial.com\/#website","url":"https:\/\/airtificial.com\/","name":"Airtificial","description":"","potentialAction":[{"@type":"SearchAction","target":{"@type":"EntryPoint","urlTemplate":"https:\/\/airtificial.com\/?s={search_term_string}"},"query-input":{"@type":"PropertyValueSpecification","valueRequired":true,"valueName":"search_term_string"}}],"inLanguage":"en-US"}]}},"_links":{"self":[{"href":"https:\/\/airtificial.com\/en\/wp-json\/wp\/v2\/pages\/513","targetHints":{"allow":["GET"]}}],"collection":[{"href":"https:\/\/airtificial.com\/en\/wp-json\/wp\/v2\/pages"}],"about":[{"href":"https:\/\/airtificial.com\/en\/wp-json\/wp\/v2\/types\/page"}],"author":[{"embeddable":true,"href":"https:\/\/airtificial.com\/en\/wp-json\/wp\/v2\/users\/1"}],"replies":[{"embeddable":true,"href":"https:\/\/airtificial.com\/en\/wp-json\/wp\/v2\/comments?post=513"}],"version-history":[{"count":76,"href":"https:\/\/airtificial.com\/en\/wp-json\/wp\/v2\/pages\/513\/revisions"}],"predecessor-version":[{"id":33951,"href":"https:\/\/airtificial.com\/en\/wp-json\/wp\/v2\/pages\/513\/revisions\/33951"}],"up":[{"embeddable":true,"href":"https:\/\/airtificial.com\/en\/wp-json\/wp\/v2\/pages\/501"}],"wp:attachment":[{"href":"https:\/\/airtificial.com\/en\/wp-json\/wp\/v2\/media?parent=513"}],"curies":[{"name":"wp","href":"https:\/\/api.w.org\/{rel}","templated":true}]}}