{"id":2,"date":"2021-02-23T15:27:59","date_gmt":"2021-02-23T15:27:59","guid":{"rendered":"https:\/\/airtificial.com\/infraestructuras\/?page_id=2"},"modified":"2024-05-27T08:16:15","modified_gmt":"2024-05-27T08:16:15","slug":"inicio","status":"publish","type":"page","link":"https:\/\/airtificial.com\/infrastructures\/","title":{"rendered":"INYPSA CW INFRASTRUCTURES"},"content":{"rendered":"<h3><strong>Inypsa Infrastructures<\/strong> es l\u00edder en el sector de la ingenier\u00eda, <strong>ofreciendo servicios<\/strong> y <strong>desarrollando productos y patentes propias<\/strong> con especial foco en las \u00e1reas de consultor\u00eda (mineria, geolog\u00eda e hidrolog\u00eda, transporte, medio ambiente) y EPC selectivo de alto valor a\u00f1adido.<\/h3>\n<p><!--more--><\/p>\n<p>Inypsa Infraestructures, con oficina central en Espa\u00f1a, tiene una amplia experiencia en m\u00e1s de noventa pa\u00edses de Europa, Am\u00e9rica, \u00c1frica y Asia. Actualmente cuenta con delegaciones permanente en Per\u00fa, Ecuador, Colombia, Bolivia, Honduras, El Salvador y Rep\u00fablica Dominicana.<\/p>\n","protected":false},"excerpt":{"rendered":"<p>Inypsa Infrastructures es l\u00edder en el sector de la ingenier\u00eda, ofreciendo servicios y desarrollando productos y patentes propias con especial foco en las \u00e1reas de consultor\u00eda (mineria, geolog\u00eda e hidrolog\u00eda, transporte, medio ambiente) y EPC selectivo de alto valor a\u00f1adido.<\/p>\n","protected":false},"author":1,"featured_media":0,"parent":0,"menu_order":7,"comment_status":"closed","ping_status":"closed","template":"","meta":{"_acf_changed":false,"inline_featured_image":false,"footnotes":""},"class_list":["post-2","page","type-page","status-publish","hentry"],"acf":[],"yoast_head":"<!-- This site is optimized with the Yoast SEO plugin v27.4 - https:\/\/yoast.com\/product\/yoast-seo-wordpress\/ -->\n<title>INYPSA CW INFRASTRUCTURES - Infrastructures<\/title>\n<meta name=\"robots\" content=\"index, follow, max-snippet:-1, max-image-preview:large, max-video-preview:-1\" \/>\n<link rel=\"canonical\" href=\"https:\/\/airtificial.com\/infrastructures\/\" \/>\n<meta property=\"og:locale\" content=\"es_ES\" \/>\n<meta property=\"og:type\" content=\"article\" \/>\n<meta property=\"og:title\" content=\"INYPSA CW INFRASTRUCTURES - Infrastructures\" \/>\n<meta property=\"og:description\" content=\"Inypsa Infrastructures es l\u00edder en el sector de la ingenier\u00eda, ofreciendo servicios y desarrollando productos y patentes propias con especial foco en las \u00e1reas de consultor\u00eda (mineria, geolog\u00eda e hidrolog\u00eda, transporte, medio ambiente) y EPC selectivo de alto valor a\u00f1adido.\" \/>\n<meta property=\"og:url\" content=\"https:\/\/airtificial.com\/infrastructures\/\" \/>\n<meta property=\"og:site_name\" content=\"Infrastructures\" \/>\n<meta property=\"article:modified_time\" content=\"2024-05-27T08:16:15+00:00\" \/>\n<meta name=\"twitter:card\" content=\"summary_large_image\" \/>\n<meta name=\"twitter:label1\" content=\"Tiempo de lectura\" \/>\n\t<meta name=\"twitter:data1\" content=\"1 minuto\" \/>\n<!-- \/ Yoast SEO plugin. -->","yoast_head_json":{"title":"INYPSA CW INFRASTRUCTURES - Infrastructures","robots":{"index":"index","follow":"follow","max-snippet":"max-snippet:-1","max-image-preview":"max-image-preview:large","max-video-preview":"max-video-preview:-1"},"canonical":"https:\/\/airtificial.com\/infrastructures\/","og_locale":"es_ES","og_type":"article","og_title":"INYPSA CW INFRASTRUCTURES - Infrastructures","og_description":"Inypsa Infrastructures es l\u00edder en el sector de la ingenier\u00eda, ofreciendo servicios y desarrollando productos y patentes propias con especial foco en las \u00e1reas de consultor\u00eda (mineria, geolog\u00eda e hidrolog\u00eda, transporte, medio ambiente) y EPC selectivo de alto valor a\u00f1adido.","og_url":"https:\/\/airtificial.com\/infrastructures\/","og_site_name":"Infrastructures","article_modified_time":"2024-05-27T08:16:15+00:00","twitter_card":"summary_large_image","twitter_misc":{"Tiempo de lectura":"1 minuto"},"schema":{"@context":"https:\/\/schema.org","@graph":[{"@type":"WebPage","@id":"https:\/\/airtificial.com\/infrastructures\/","url":"https:\/\/airtificial.com\/infrastructures\/","name":"INYPSA CW INFRASTRUCTURES - Infrastructures","isPartOf":{"@id":"https:\/\/airtificial.com\/infrastructures\/#website"},"datePublished":"2021-02-23T15:27:59+00:00","dateModified":"2024-05-27T08:16:15+00:00","breadcrumb":{"@id":"https:\/\/airtificial.com\/infrastructures\/#breadcrumb"},"inLanguage":"es","potentialAction":[{"@type":"ReadAction","target":["https:\/\/airtificial.com\/infrastructures\/"]}]},{"@type":"BreadcrumbList","@id":"https:\/\/airtificial.com\/infrastructures\/#breadcrumb","itemListElement":[{"@type":"ListItem","position":1,"name":"Portada","item":"https:\/\/airtificial.com\/infrastructures\/"},{"@type":"ListItem","position":2,"name":"INYPSA CW INFRASTRUCTURES"}]},{"@type":"WebSite","@id":"https:\/\/airtificial.com\/infrastructures\/#website","url":"https:\/\/airtificial.com\/infrastructures\/","name":"Infrastructures","description":"L\u00edder en el sector de la ingenier\u00eda, capaz de implantar servicios y desarrollar tanto productos como patentes propias.","potentialAction":[{"@type":"SearchAction","target":{"@type":"EntryPoint","urlTemplate":"https:\/\/airtificial.com\/infrastructures\/?s={search_term_string}"},"query-input":{"@type":"PropertyValueSpecification","valueRequired":true,"valueName":"search_term_string"}}],"inLanguage":"es"}]}},"_links":{"self":[{"href":"https:\/\/airtificial.com\/infrastructures\/wp-json\/wp\/v2\/pages\/2","targetHints":{"allow":["GET"]}}],"collection":[{"href":"https:\/\/airtificial.com\/infrastructures\/wp-json\/wp\/v2\/pages"}],"about":[{"href":"https:\/\/airtificial.com\/infrastructures\/wp-json\/wp\/v2\/types\/page"}],"author":[{"embeddable":true,"href":"https:\/\/airtificial.com\/infrastructures\/wp-json\/wp\/v2\/users\/1"}],"replies":[{"embeddable":true,"href":"https:\/\/airtificial.com\/infrastructures\/wp-json\/wp\/v2\/comments?post=2"}],"version-history":[{"count":32,"href":"https:\/\/airtificial.com\/infrastructures\/wp-json\/wp\/v2\/pages\/2\/revisions"}],"predecessor-version":[{"id":1374,"href":"https:\/\/airtificial.com\/infrastructures\/wp-json\/wp\/v2\/pages\/2\/revisions\/1374"}],"wp:attachment":[{"href":"https:\/\/airtificial.com\/infrastructures\/wp-json\/wp\/v2\/media?parent=2"}],"curies":[{"name":"wp","href":"https:\/\/api.w.org\/{rel}","templated":true}]}}