{"id":31,"date":"2021-06-16T13:37:59","date_gmt":"2021-06-16T13:37:59","guid":{"rendered":"https:\/\/airtificial.com\/infrastructures\/?page_id=31"},"modified":"2021-09-09T09:03:40","modified_gmt":"2021-09-09T09:03:40","slug":"planificacion-hidrologica","status":"publish","type":"page","link":"https:\/\/airtificial.com\/infrastructures\/ingenieria-del-agua\/planificacion-hidrologica\/","title":{"rendered":"Planificaci\u00f3n hidrol\u00f3gica"},"content":{"rendered":"<p>Estudio del balance h\u00eddrico; Demandas; Modelos de gesti\u00f3n de la explotaci\u00f3n; Estudios de inundabilidad; Gesti\u00f3n del dominio p\u00fablico hidr\u00e1ulico; Redes de monitoreo.<br \/>\nElaboraci\u00f3n de Planes (nacionales, de cuenca y maestros)<\/p>\n<p>&nbsp;<\/p>\n","protected":false},"excerpt":{"rendered":"<p>Estudio del balance h\u00eddrico; Demandas; Modelos de gesti\u00f3n de la explotaci\u00f3n; Estudios de inundabilidad; Gesti\u00f3n del dominio p\u00fablico hidr\u00e1ulico; Redes de monitoreo. Elaboraci\u00f3n de Planes (nacionales, de cuenca y maestros) &nbsp;<\/p>\n","protected":false},"author":1,"featured_media":0,"parent":5,"menu_order":11,"comment_status":"closed","ping_status":"closed","template":"t-infrastructures\/template-ingenieria-agua.php","meta":{"_acf_changed":false,"inline_featured_image":false,"footnotes":""},"class_list":["post-31","page","type-page","status-publish","hentry"],"acf":[],"yoast_head":"<!-- This site is optimized with the Yoast SEO plugin v27.4 - https:\/\/yoast.com\/product\/yoast-seo-wordpress\/ -->\n<title>Planificaci\u00f3n hidrol\u00f3gica - Infrastructures<\/title>\n<meta name=\"robots\" content=\"index, follow, max-snippet:-1, max-image-preview:large, max-video-preview:-1\" \/>\n<link rel=\"canonical\" href=\"https:\/\/airtificial.com\/infrastructures\/ingenieria-del-agua\/planificacion-hidrologica\/\" \/>\n<meta property=\"og:locale\" content=\"es_ES\" \/>\n<meta property=\"og:type\" content=\"article\" \/>\n<meta property=\"og:title\" content=\"Planificaci\u00f3n hidrol\u00f3gica - Infrastructures\" \/>\n<meta property=\"og:description\" content=\"Estudio del balance h\u00eddrico; Demandas; Modelos de gesti\u00f3n de la explotaci\u00f3n; Estudios de inundabilidad; Gesti\u00f3n del dominio p\u00fablico hidr\u00e1ulico; Redes de monitoreo. Elaboraci\u00f3n de Planes (nacionales, de cuenca y maestros) &nbsp;\" \/>\n<meta property=\"og:url\" content=\"https:\/\/airtificial.com\/infrastructures\/ingenieria-del-agua\/planificacion-hidrologica\/\" \/>\n<meta property=\"og:site_name\" content=\"Infrastructures\" \/>\n<meta property=\"article:modified_time\" content=\"2021-09-09T09:03:40+00:00\" \/>\n<meta name=\"twitter:card\" content=\"summary_large_image\" \/>\n<meta name=\"twitter:label1\" content=\"Tiempo de lectura\" \/>\n\t<meta name=\"twitter:data1\" content=\"1 minuto\" \/>\n<!-- \/ Yoast SEO plugin. -->","yoast_head_json":{"title":"Planificaci\u00f3n hidrol\u00f3gica - Infrastructures","robots":{"index":"index","follow":"follow","max-snippet":"max-snippet:-1","max-image-preview":"max-image-preview:large","max-video-preview":"max-video-preview:-1"},"canonical":"https:\/\/airtificial.com\/infrastructures\/ingenieria-del-agua\/planificacion-hidrologica\/","og_locale":"es_ES","og_type":"article","og_title":"Planificaci\u00f3n hidrol\u00f3gica - Infrastructures","og_description":"Estudio del balance h\u00eddrico; Demandas; Modelos de gesti\u00f3n de la explotaci\u00f3n; Estudios de inundabilidad; Gesti\u00f3n del dominio p\u00fablico hidr\u00e1ulico; Redes de monitoreo. Elaboraci\u00f3n de Planes (nacionales, de cuenca y maestros) &nbsp;","og_url":"https:\/\/airtificial.com\/infrastructures\/ingenieria-del-agua\/planificacion-hidrologica\/","og_site_name":"Infrastructures","article_modified_time":"2021-09-09T09:03:40+00:00","twitter_card":"summary_large_image","twitter_misc":{"Tiempo de lectura":"1 minuto"},"schema":{"@context":"https:\/\/schema.org","@graph":[{"@type":"WebPage","@id":"https:\/\/airtificial.com\/infrastructures\/ingenieria-del-agua\/planificacion-hidrologica\/","url":"https:\/\/airtificial.com\/infrastructures\/ingenieria-del-agua\/planificacion-hidrologica\/","name":"Planificaci\u00f3n hidrol\u00f3gica - Infrastructures","isPartOf":{"@id":"https:\/\/airtificial.com\/infrastructures\/#website"},"datePublished":"2021-06-16T13:37:59+00:00","dateModified":"2021-09-09T09:03:40+00:00","breadcrumb":{"@id":"https:\/\/airtificial.com\/infrastructures\/ingenieria-del-agua\/planificacion-hidrologica\/#breadcrumb"},"inLanguage":"es","potentialAction":[{"@type":"ReadAction","target":["https:\/\/airtificial.com\/infrastructures\/ingenieria-del-agua\/planificacion-hidrologica\/"]}]},{"@type":"BreadcrumbList","@id":"https:\/\/airtificial.com\/infrastructures\/ingenieria-del-agua\/planificacion-hidrologica\/#breadcrumb","itemListElement":[{"@type":"ListItem","position":1,"name":"Portada","item":"https:\/\/airtificial.com\/infrastructures\/"},{"@type":"ListItem","position":2,"name":"Ingenier\u00eda del agua","item":"https:\/\/airtificial.com\/infrastructures\/ingenieria-del-agua\/"},{"@type":"ListItem","position":3,"name":"Planificaci\u00f3n hidrol\u00f3gica"}]},{"@type":"WebSite","@id":"https:\/\/airtificial.com\/infrastructures\/#website","url":"https:\/\/airtificial.com\/infrastructures\/","name":"Infrastructures","description":"L\u00edder en el sector de la ingenier\u00eda, capaz de implantar servicios y desarrollar tanto productos como patentes propias.","potentialAction":[{"@type":"SearchAction","target":{"@type":"EntryPoint","urlTemplate":"https:\/\/airtificial.com\/infrastructures\/?s={search_term_string}"},"query-input":{"@type":"PropertyValueSpecification","valueRequired":true,"valueName":"search_term_string"}}],"inLanguage":"es"}]}},"_links":{"self":[{"href":"https:\/\/airtificial.com\/infrastructures\/wp-json\/wp\/v2\/pages\/31","targetHints":{"allow":["GET"]}}],"collection":[{"href":"https:\/\/airtificial.com\/infrastructures\/wp-json\/wp\/v2\/pages"}],"about":[{"href":"https:\/\/airtificial.com\/infrastructures\/wp-json\/wp\/v2\/types\/page"}],"author":[{"embeddable":true,"href":"https:\/\/airtificial.com\/infrastructures\/wp-json\/wp\/v2\/users\/1"}],"replies":[{"embeddable":true,"href":"https:\/\/airtificial.com\/infrastructures\/wp-json\/wp\/v2\/comments?post=31"}],"version-history":[{"count":25,"href":"https:\/\/airtificial.com\/infrastructures\/wp-json\/wp\/v2\/pages\/31\/revisions"}],"predecessor-version":[{"id":1146,"href":"https:\/\/airtificial.com\/infrastructures\/wp-json\/wp\/v2\/pages\/31\/revisions\/1146"}],"up":[{"embeddable":true,"href":"https:\/\/airtificial.com\/infrastructures\/wp-json\/wp\/v2\/pages\/5"}],"wp:attachment":[{"href":"https:\/\/airtificial.com\/infrastructures\/wp-json\/wp\/v2\/media?parent=31"}],"curies":[{"name":"wp","href":"https:\/\/api.w.org\/{rel}","templated":true}]}}