{"id":35,"date":"2021-06-16T13:38:31","date_gmt":"2021-06-16T13:38:31","guid":{"rendered":"https:\/\/airtificial.com\/infrastructures\/?page_id=35"},"modified":"2022-09-30T11:06:50","modified_gmt":"2022-09-30T11:06:50","slug":"estudios-y-proyectos-del-ciclo-del-agua","status":"publish","type":"page","link":"https:\/\/airtificial.com\/infrastructures\/ingenieria-del-agua\/estudios-y-proyectos-del-ciclo-del-agua\/","title":{"rendered":"Estudios y proyectos  del ciclo del agua"},"content":{"rendered":"<div class=\"et_pb_module et_pb_text et_pb_text_9 et_pb_text_align_justified et_pb_bg_layout_light\">\n<div class=\"et_pb_text_inner\">\n<p>Estudios de planificaci\u00f3n hidrol\u00f3gica, delimitaci\u00f3n, protecci\u00f3n y gesti\u00f3n del dominio p\u00fablico hidr\u00e1ulico, adecuaci\u00f3n y cumplimiento del reglamento de presas, mantenimiento y rehabilitaci\u00f3n de presas, proyectos constructivos de presas, obras de captaci\u00f3n, abastecimiento y transporte de aguas, obras de saneamiento, depuraci\u00f3n y desalaci\u00f3n, infraestructuras de regad\u00edos, etc.<\/p>\n<\/div>\n<\/div>\n","protected":false},"excerpt":{"rendered":"<p>Estudios de planificaci\u00f3n hidrol\u00f3gica, delimitaci\u00f3n, protecci\u00f3n y gesti\u00f3n del dominio p\u00fablico hidr\u00e1ulico, adecuaci\u00f3n y cumplimiento del reglamento de presas, mantenimiento y rehabilitaci\u00f3n de presas, proyectos constructivos de presas, obras de captaci\u00f3n, abastecimiento y transporte de aguas, obras de saneamiento, depuraci\u00f3n y desalaci\u00f3n, infraestructuras de regad\u00edos, etc.<\/p>\n","protected":false},"author":1,"featured_media":0,"parent":5,"menu_order":16,"comment_status":"closed","ping_status":"closed","template":"t-infrastructures\/template-ingenieria-agua.php","meta":{"_acf_changed":false,"inline_featured_image":false,"footnotes":""},"class_list":["post-35","page","type-page","status-publish","hentry"],"acf":[],"yoast_head":"<!-- This site is optimized with the Yoast SEO plugin v27.3 - https:\/\/yoast.com\/product\/yoast-seo-wordpress\/ -->\n<title>Estudios y proyectos del ciclo del agua - Infrastructures<\/title>\n<meta name=\"robots\" content=\"index, follow, max-snippet:-1, max-image-preview:large, max-video-preview:-1\" \/>\n<link rel=\"canonical\" href=\"https:\/\/airtificial.com\/infrastructures\/ingenieria-del-agua\/estudios-y-proyectos-del-ciclo-del-agua\/\" \/>\n<meta property=\"og:locale\" content=\"es_ES\" \/>\n<meta property=\"og:type\" content=\"article\" \/>\n<meta property=\"og:title\" content=\"Estudios y proyectos del ciclo del agua - Infrastructures\" \/>\n<meta property=\"og:description\" content=\"Estudios de planificaci\u00f3n hidrol\u00f3gica, delimitaci\u00f3n, protecci\u00f3n y gesti\u00f3n del dominio p\u00fablico hidr\u00e1ulico, adecuaci\u00f3n y cumplimiento del reglamento de presas, mantenimiento y rehabilitaci\u00f3n de presas, proyectos constructivos de presas, obras de captaci\u00f3n, abastecimiento y transporte de aguas, obras de saneamiento, depuraci\u00f3n y desalaci\u00f3n, infraestructuras de regad\u00edos, etc.\" \/>\n<meta property=\"og:url\" content=\"https:\/\/airtificial.com\/infrastructures\/ingenieria-del-agua\/estudios-y-proyectos-del-ciclo-del-agua\/\" \/>\n<meta property=\"og:site_name\" content=\"Infrastructures\" \/>\n<meta property=\"article:modified_time\" content=\"2022-09-30T11:06:50+00:00\" \/>\n<meta name=\"twitter:card\" content=\"summary_large_image\" \/>\n<meta name=\"twitter:label1\" content=\"Tiempo de lectura\" \/>\n\t<meta name=\"twitter:data1\" content=\"1 minuto\" \/>\n<!-- \/ Yoast SEO plugin. -->","yoast_head_json":{"title":"Estudios y proyectos del ciclo del agua - Infrastructures","robots":{"index":"index","follow":"follow","max-snippet":"max-snippet:-1","max-image-preview":"max-image-preview:large","max-video-preview":"max-video-preview:-1"},"canonical":"https:\/\/airtificial.com\/infrastructures\/ingenieria-del-agua\/estudios-y-proyectos-del-ciclo-del-agua\/","og_locale":"es_ES","og_type":"article","og_title":"Estudios y proyectos del ciclo del agua - Infrastructures","og_description":"Estudios de planificaci\u00f3n hidrol\u00f3gica, delimitaci\u00f3n, protecci\u00f3n y gesti\u00f3n del dominio p\u00fablico hidr\u00e1ulico, adecuaci\u00f3n y cumplimiento del reglamento de presas, mantenimiento y rehabilitaci\u00f3n de presas, proyectos constructivos de presas, obras de captaci\u00f3n, abastecimiento y transporte de aguas, obras de saneamiento, depuraci\u00f3n y desalaci\u00f3n, infraestructuras de regad\u00edos, etc.","og_url":"https:\/\/airtificial.com\/infrastructures\/ingenieria-del-agua\/estudios-y-proyectos-del-ciclo-del-agua\/","og_site_name":"Infrastructures","article_modified_time":"2022-09-30T11:06:50+00:00","twitter_card":"summary_large_image","twitter_misc":{"Tiempo de lectura":"1 minuto"},"schema":{"@context":"https:\/\/schema.org","@graph":[{"@type":"WebPage","@id":"https:\/\/airtificial.com\/infrastructures\/ingenieria-del-agua\/estudios-y-proyectos-del-ciclo-del-agua\/","url":"https:\/\/airtificial.com\/infrastructures\/ingenieria-del-agua\/estudios-y-proyectos-del-ciclo-del-agua\/","name":"Estudios y proyectos del ciclo del agua - Infrastructures","isPartOf":{"@id":"https:\/\/airtificial.com\/infrastructures\/#website"},"datePublished":"2021-06-16T13:38:31+00:00","dateModified":"2022-09-30T11:06:50+00:00","breadcrumb":{"@id":"https:\/\/airtificial.com\/infrastructures\/ingenieria-del-agua\/estudios-y-proyectos-del-ciclo-del-agua\/#breadcrumb"},"inLanguage":"es","potentialAction":[{"@type":"ReadAction","target":["https:\/\/airtificial.com\/infrastructures\/ingenieria-del-agua\/estudios-y-proyectos-del-ciclo-del-agua\/"]}]},{"@type":"BreadcrumbList","@id":"https:\/\/airtificial.com\/infrastructures\/ingenieria-del-agua\/estudios-y-proyectos-del-ciclo-del-agua\/#breadcrumb","itemListElement":[{"@type":"ListItem","position":1,"name":"Portada","item":"https:\/\/airtificial.com\/infrastructures\/"},{"@type":"ListItem","position":2,"name":"Ingenier\u00eda del agua","item":"https:\/\/airtificial.com\/infrastructures\/ingenieria-del-agua\/"},{"@type":"ListItem","position":3,"name":"Estudios y proyectos del ciclo del agua"}]},{"@type":"WebSite","@id":"https:\/\/airtificial.com\/infrastructures\/#website","url":"https:\/\/airtificial.com\/infrastructures\/","name":"Infrastructures","description":"L\u00edder en el sector de la ingenier\u00eda, capaz de implantar servicios y desarrollar tanto productos como patentes propias.","potentialAction":[{"@type":"SearchAction","target":{"@type":"EntryPoint","urlTemplate":"https:\/\/airtificial.com\/infrastructures\/?s={search_term_string}"},"query-input":{"@type":"PropertyValueSpecification","valueRequired":true,"valueName":"search_term_string"}}],"inLanguage":"es"}]}},"_links":{"self":[{"href":"https:\/\/airtificial.com\/infrastructures\/wp-json\/wp\/v2\/pages\/35","targetHints":{"allow":["GET"]}}],"collection":[{"href":"https:\/\/airtificial.com\/infrastructures\/wp-json\/wp\/v2\/pages"}],"about":[{"href":"https:\/\/airtificial.com\/infrastructures\/wp-json\/wp\/v2\/types\/page"}],"author":[{"embeddable":true,"href":"https:\/\/airtificial.com\/infrastructures\/wp-json\/wp\/v2\/users\/1"}],"replies":[{"embeddable":true,"href":"https:\/\/airtificial.com\/infrastructures\/wp-json\/wp\/v2\/comments?post=35"}],"version-history":[{"count":19,"href":"https:\/\/airtificial.com\/infrastructures\/wp-json\/wp\/v2\/pages\/35\/revisions"}],"predecessor-version":[{"id":1236,"href":"https:\/\/airtificial.com\/infrastructures\/wp-json\/wp\/v2\/pages\/35\/revisions\/1236"}],"up":[{"embeddable":true,"href":"https:\/\/airtificial.com\/infrastructures\/wp-json\/wp\/v2\/pages\/5"}],"wp:attachment":[{"href":"https:\/\/airtificial.com\/infrastructures\/wp-json\/wp\/v2\/media?parent=35"}],"curies":[{"name":"wp","href":"https:\/\/api.w.org\/{rel}","templated":true}]}}