{"id":38,"date":"2021-06-16T13:40:38","date_gmt":"2021-06-16T13:40:38","guid":{"rendered":"https:\/\/airtificial.com\/infrastructures\/?page_id=38"},"modified":"2023-09-13T08:17:28","modified_gmt":"2023-09-13T08:17:28","slug":"mineria-geologia-e-hidrogeologia","status":"publish","type":"page","link":"https:\/\/airtificial.com\/infrastructures\/consultoria\/mineria-geologia-e-hidrogeologia\/","title":{"rendered":"Geolog\u00eda, Hidrogeolog\u00eda y Recursos Minerales y Energ\u00e9ticos"},"content":{"rendered":"<p>Exploraci\u00f3n geol\u00f3gica para hidrocarburos y miner\u00eda (superficie y subsuelo), Elaboraci\u00f3n de estudios hidrogeol\u00f3gicos para los permisos de HC no convencionales; Seguimiento Hidrogeol\u00f3gico de obras civiles; Estudios hidrogeol\u00f3gicos integrales; Planes hidrol\u00f3gicos e hidrogeol\u00f3gicos de cuencas; Estudios de gesti\u00f3n del riesgo geol\u00f3gico; Geotecnia; Riesgos geol\u00f3gicos.<\/p>\n<p><!--more--><\/p>\n<p><strong>Cartograf\u00eda geol\u00f3gica y geotem\u00e1tica, Almacenamiento geol\u00f3gico (selecci\u00f3n, caracterizaci\u00f3n y gesti\u00f3n de permisos)<\/strong><\/p>\n<ul>\n<li>Somos la empresa con mayor superficie de cartograf\u00eda geol\u00f3gica realizada en Espa\u00f1a.<\/li>\n<li>Ejecuci\u00f3n de la cartograf\u00eda geol\u00f3gica y geotem\u00e1tica completa de la Rep. Dominicana. Programa SYSMIN de la UE.<\/li>\n<li>Participaci\u00f3n en los estudios geol\u00f3gicos e hidrogeol\u00f3gicos para almacenes de RRNN para ENRESA, CO2 y energ\u00eda.<\/li>\n<\/ul>\n<p><strong>Geotecnia (estudios de caracterizaci\u00f3n geol\u00f3gica y geot\u00e9cnica para construcci\u00f3n civil)<\/strong><\/p>\n<ul>\n<li>Estudios geot\u00e9cnicos integrales para la el dise\u00f1o y construcci\u00f3n de estructuras de protecci\u00f3n frente a peligros geol\u00f3gicos (defensas ribere\u00f1as, diques de contenci\u00f3n, presas de laminaci\u00f3n) en el marco de reconstrucci\u00f3n con cambios de la ARCC de Per\u00fa.<\/li>\n<li>Estudios geot\u00e9cnicos integrales en colaboraci\u00f3n con el departamento de ingenier\u00eda del agua para el dise\u00f1o de estaciones de depuraci\u00f3n de aguas residuales urbanas e industriales.<\/li>\n<li>Estudios geot\u00e9cnicos integrales para la construcci\u00f3n de puentes, carreteras y obras de ingenier\u00eda en instalaciones nucleares.<\/li>\n<\/ul>\n<p><strong>Hidrolog\u00eda superficial y subterr\u00e1nea<\/strong><\/p>\n<ul>\n<li>Redacci\u00f3n de planes h\u00eddricos integrales<\/li>\n<li>Estudios hidrogeol\u00f3gicos para obra civil (interacci\u00f3n, afectaci\u00f3n y mitigaci\u00f3n acu\u00edfero-obra) en fase de construcci\u00f3n y explotaci\u00f3n.<\/li>\n<li>Estudios hidrogeol\u00f3gicos para gesti\u00f3n cualitativa y cuantitativa de recursos h\u00eddricos<\/li>\n<\/ul>\n","protected":false},"excerpt":{"rendered":"<p>Exploraci\u00f3n geol\u00f3gica para hidrocarburos y miner\u00eda (superficie y subsuelo), Elaboraci\u00f3n de estudios hidrogeol\u00f3gicos para los permisos de HC no convencionales; Seguimiento Hidrogeol\u00f3gico de obras civiles; Estudios hidrogeol\u00f3gicos integrales; Planes hidrol\u00f3gicos e hidrogeol\u00f3gicos de cuencas; Estudios de gesti\u00f3n del riesgo geol\u00f3gico; Geotecnia; Riesgos geol\u00f3gicos.<\/p>\n","protected":false},"author":1,"featured_media":0,"parent":7,"menu_order":20,"comment_status":"closed","ping_status":"closed","template":"t-infrastructures\/template-consultoria.php","meta":{"_acf_changed":false,"inline_featured_image":false,"footnotes":""},"class_list":["post-38","page","type-page","status-publish","hentry"],"acf":[],"yoast_head":"<!-- This site is optimized with the Yoast SEO plugin v27.4 - https:\/\/yoast.com\/product\/yoast-seo-wordpress\/ -->\n<title>Geolog\u00eda, Hidrogeolog\u00eda y Recursos Minerales y Energ\u00e9ticos - Infrastructures<\/title>\n<meta name=\"robots\" content=\"index, follow, max-snippet:-1, max-image-preview:large, max-video-preview:-1\" \/>\n<link rel=\"canonical\" href=\"https:\/\/airtificial.com\/infrastructures\/consultoria\/mineria-geologia-e-hidrogeologia\/\" \/>\n<meta property=\"og:locale\" content=\"es_ES\" \/>\n<meta property=\"og:type\" content=\"article\" \/>\n<meta property=\"og:title\" content=\"Geolog\u00eda, Hidrogeolog\u00eda y Recursos Minerales y Energ\u00e9ticos - Infrastructures\" \/>\n<meta property=\"og:description\" content=\"Exploraci\u00f3n geol\u00f3gica para hidrocarburos y miner\u00eda (superficie y subsuelo), Elaboraci\u00f3n de estudios hidrogeol\u00f3gicos para los permisos de HC no convencionales; Seguimiento Hidrogeol\u00f3gico de obras civiles; Estudios hidrogeol\u00f3gicos integrales; Planes hidrol\u00f3gicos e hidrogeol\u00f3gicos de cuencas; Estudios de gesti\u00f3n del riesgo geol\u00f3gico; Geotecnia; Riesgos geol\u00f3gicos.\" \/>\n<meta property=\"og:url\" content=\"https:\/\/airtificial.com\/infrastructures\/consultoria\/mineria-geologia-e-hidrogeologia\/\" \/>\n<meta property=\"og:site_name\" content=\"Infrastructures\" \/>\n<meta property=\"article:modified_time\" content=\"2023-09-13T08:17:28+00:00\" \/>\n<meta name=\"twitter:card\" content=\"summary_large_image\" \/>\n<meta name=\"twitter:label1\" content=\"Tiempo de lectura\" \/>\n\t<meta name=\"twitter:data1\" content=\"2 minutos\" \/>\n<!-- \/ Yoast SEO plugin. -->","yoast_head_json":{"title":"Geolog\u00eda, Hidrogeolog\u00eda y Recursos Minerales y Energ\u00e9ticos - Infrastructures","robots":{"index":"index","follow":"follow","max-snippet":"max-snippet:-1","max-image-preview":"max-image-preview:large","max-video-preview":"max-video-preview:-1"},"canonical":"https:\/\/airtificial.com\/infrastructures\/consultoria\/mineria-geologia-e-hidrogeologia\/","og_locale":"es_ES","og_type":"article","og_title":"Geolog\u00eda, Hidrogeolog\u00eda y Recursos Minerales y Energ\u00e9ticos - Infrastructures","og_description":"Exploraci\u00f3n geol\u00f3gica para hidrocarburos y miner\u00eda (superficie y subsuelo), Elaboraci\u00f3n de estudios hidrogeol\u00f3gicos para los permisos de HC no convencionales; Seguimiento Hidrogeol\u00f3gico de obras civiles; Estudios hidrogeol\u00f3gicos integrales; Planes hidrol\u00f3gicos e hidrogeol\u00f3gicos de cuencas; Estudios de gesti\u00f3n del riesgo geol\u00f3gico; Geotecnia; Riesgos geol\u00f3gicos.","og_url":"https:\/\/airtificial.com\/infrastructures\/consultoria\/mineria-geologia-e-hidrogeologia\/","og_site_name":"Infrastructures","article_modified_time":"2023-09-13T08:17:28+00:00","twitter_card":"summary_large_image","twitter_misc":{"Tiempo de lectura":"2 minutos"},"schema":{"@context":"https:\/\/schema.org","@graph":[{"@type":"WebPage","@id":"https:\/\/airtificial.com\/infrastructures\/consultoria\/mineria-geologia-e-hidrogeologia\/","url":"https:\/\/airtificial.com\/infrastructures\/consultoria\/mineria-geologia-e-hidrogeologia\/","name":"Geolog\u00eda, Hidrogeolog\u00eda y Recursos Minerales y Energ\u00e9ticos - Infrastructures","isPartOf":{"@id":"https:\/\/airtificial.com\/infrastructures\/#website"},"datePublished":"2021-06-16T13:40:38+00:00","dateModified":"2023-09-13T08:17:28+00:00","breadcrumb":{"@id":"https:\/\/airtificial.com\/infrastructures\/consultoria\/mineria-geologia-e-hidrogeologia\/#breadcrumb"},"inLanguage":"es","potentialAction":[{"@type":"ReadAction","target":["https:\/\/airtificial.com\/infrastructures\/consultoria\/mineria-geologia-e-hidrogeologia\/"]}]},{"@type":"BreadcrumbList","@id":"https:\/\/airtificial.com\/infrastructures\/consultoria\/mineria-geologia-e-hidrogeologia\/#breadcrumb","itemListElement":[{"@type":"ListItem","position":1,"name":"Portada","item":"https:\/\/airtificial.com\/infrastructures\/"},{"@type":"ListItem","position":2,"name":"Consultor\u00eda","item":"https:\/\/airtificial.com\/infrastructures\/consultoria\/"},{"@type":"ListItem","position":3,"name":"Geolog\u00eda, Hidrogeolog\u00eda y Recursos Minerales y Energ\u00e9ticos"}]},{"@type":"WebSite","@id":"https:\/\/airtificial.com\/infrastructures\/#website","url":"https:\/\/airtificial.com\/infrastructures\/","name":"Infrastructures","description":"L\u00edder en el sector de la ingenier\u00eda, capaz de implantar servicios y desarrollar tanto productos como patentes propias.","potentialAction":[{"@type":"SearchAction","target":{"@type":"EntryPoint","urlTemplate":"https:\/\/airtificial.com\/infrastructures\/?s={search_term_string}"},"query-input":{"@type":"PropertyValueSpecification","valueRequired":true,"valueName":"search_term_string"}}],"inLanguage":"es"}]}},"_links":{"self":[{"href":"https:\/\/airtificial.com\/infrastructures\/wp-json\/wp\/v2\/pages\/38","targetHints":{"allow":["GET"]}}],"collection":[{"href":"https:\/\/airtificial.com\/infrastructures\/wp-json\/wp\/v2\/pages"}],"about":[{"href":"https:\/\/airtificial.com\/infrastructures\/wp-json\/wp\/v2\/types\/page"}],"author":[{"embeddable":true,"href":"https:\/\/airtificial.com\/infrastructures\/wp-json\/wp\/v2\/users\/1"}],"replies":[{"embeddable":true,"href":"https:\/\/airtificial.com\/infrastructures\/wp-json\/wp\/v2\/comments?post=38"}],"version-history":[{"count":27,"href":"https:\/\/airtificial.com\/infrastructures\/wp-json\/wp\/v2\/pages\/38\/revisions"}],"predecessor-version":[{"id":1339,"href":"https:\/\/airtificial.com\/infrastructures\/wp-json\/wp\/v2\/pages\/38\/revisions\/1339"}],"up":[{"embeddable":true,"href":"https:\/\/airtificial.com\/infrastructures\/wp-json\/wp\/v2\/pages\/7"}],"wp:attachment":[{"href":"https:\/\/airtificial.com\/infrastructures\/wp-json\/wp\/v2\/media?parent=38"}],"curies":[{"name":"wp","href":"https:\/\/api.w.org\/{rel}","templated":true}]}}