{"id":40,"date":"2021-06-16T13:41:30","date_gmt":"2021-06-16T13:41:30","guid":{"rendered":"https:\/\/airtificial.com\/infrastructures\/?page_id=40"},"modified":"2021-07-14T07:26:48","modified_gmt":"2021-07-14T07:26:48","slug":"infraestructura-del-transporte","status":"publish","type":"page","link":"https:\/\/airtificial.com\/infrastructures\/consultoria\/infraestructura-del-transporte\/","title":{"rendered":"Infraestructura del transporte"},"content":{"rendered":"<p>En AIRTIFICIAL entendemos la infraestructura del transporte como uno de los indicadores principales de desarrollo de las sociedades modernas. A lo largo de los \u00faltimos a\u00f1os, hemos consolidado nuestra posici\u00f3n como proveedor de ingenier\u00eda para la Administraci\u00f3n P\u00fablica espa\u00f1ola, centrando nuestra actividad en la planificaci\u00f3n, dise\u00f1o y desarrollo de infraestructura ferroviaria y de carreteras. Al mismo tiempo que como parte de su actual proceso de internacionalizaci\u00f3n AIRTIFICIAL ha orientado sus esfuerzos en la contrataci\u00f3n de nuevos proyectos internacionales, trabajando actualmente en Bolivia, Colombia, Ecuador, M\u00e9xico y El Salvador.<\/p>\n<p><!--more--><\/p>\n<div class=\"et_pb_module et_pb_text et_pb_text_9 et_pb_text_align_justified et_pb_bg_layout_light\">\n<div class=\"et_pb_text_inner\">\n<p><strong>Carreteras: proyectos y dise\u00f1os.<\/strong><\/p>\n<ul>\n<li>Actuaciones en m\u00e1s de 3.000 km<\/li>\n<li>Con 525 puentes, pasos superiores e inferiores<\/li>\n<\/ul>\n<p><strong>Carreteras: control y vigilancia de obras.<\/strong><\/p>\n<ul>\n<li>Supervisi\u00f3n de m\u00e1s de 1.000 km<\/li>\n<li>Con 200 puentes, pasos superiores e inferiores<\/li>\n<\/ul>\n<p><strong>Ferrocarriles: proyectos, dise\u00f1os y seguimiento de la calidad de obras.<\/strong><\/p>\n<ul>\n<li>Actuaciones en m\u00e1s de 200 km de v\u00eda<\/li>\n<li>Con 82 viaductos, pasos superiores e inferiores<\/li>\n<li>24 t\u00faneles<\/li>\n<\/ul>\n<\/div>\n<\/div>\n","protected":false},"excerpt":{"rendered":"<p>En AIRTIFICIAL entendemos la infraestructura del transporte como uno de los indicadores principales de desarrollo de las sociedades modernas. A lo largo de los \u00faltimos a\u00f1os, hemos consolidado nuestra posici\u00f3n como proveedor de ingenier\u00eda para la Administraci\u00f3n P\u00fablica espa\u00f1ola, centrando nuestra actividad en la planificaci\u00f3n, dise\u00f1o y desarrollo de infraestructura ferroviaria y de carreteras. Al [&hellip;]<\/p>\n","protected":false},"author":1,"featured_media":0,"parent":7,"menu_order":22,"comment_status":"closed","ping_status":"closed","template":"t-infrastructures\/template-consultoria.php","meta":{"_acf_changed":false,"inline_featured_image":false,"footnotes":""},"class_list":["post-40","page","type-page","status-publish","hentry"],"acf":[],"yoast_head":"<!-- This site is optimized with the Yoast SEO plugin v27.3 - https:\/\/yoast.com\/product\/yoast-seo-wordpress\/ -->\n<title>Infraestructura del transporte - Infrastructures<\/title>\n<meta name=\"robots\" content=\"index, follow, max-snippet:-1, max-image-preview:large, max-video-preview:-1\" \/>\n<link rel=\"canonical\" href=\"https:\/\/airtificial.com\/infrastructures\/consultoria\/infraestructura-del-transporte\/\" \/>\n<meta property=\"og:locale\" content=\"es_ES\" \/>\n<meta property=\"og:type\" content=\"article\" \/>\n<meta property=\"og:title\" content=\"Infraestructura del transporte - Infrastructures\" \/>\n<meta property=\"og:description\" content=\"En AIRTIFICIAL entendemos la infraestructura del transporte como uno de los indicadores principales de desarrollo de las sociedades modernas. A lo largo de los \u00faltimos a\u00f1os, hemos consolidado nuestra posici\u00f3n como proveedor de ingenier\u00eda para la Administraci\u00f3n P\u00fablica espa\u00f1ola, centrando nuestra actividad en la planificaci\u00f3n, dise\u00f1o y desarrollo de infraestructura ferroviaria y de carreteras. Al [&hellip;]\" \/>\n<meta property=\"og:url\" content=\"https:\/\/airtificial.com\/infrastructures\/consultoria\/infraestructura-del-transporte\/\" \/>\n<meta property=\"og:site_name\" content=\"Infrastructures\" \/>\n<meta property=\"article:modified_time\" content=\"2021-07-14T07:26:48+00:00\" \/>\n<meta name=\"twitter:card\" content=\"summary_large_image\" \/>\n<meta name=\"twitter:label1\" content=\"Tiempo de lectura\" \/>\n\t<meta name=\"twitter:data1\" content=\"1 minuto\" \/>\n<!-- \/ Yoast SEO plugin. -->","yoast_head_json":{"title":"Infraestructura del transporte - Infrastructures","robots":{"index":"index","follow":"follow","max-snippet":"max-snippet:-1","max-image-preview":"max-image-preview:large","max-video-preview":"max-video-preview:-1"},"canonical":"https:\/\/airtificial.com\/infrastructures\/consultoria\/infraestructura-del-transporte\/","og_locale":"es_ES","og_type":"article","og_title":"Infraestructura del transporte - Infrastructures","og_description":"En AIRTIFICIAL entendemos la infraestructura del transporte como uno de los indicadores principales de desarrollo de las sociedades modernas. A lo largo de los \u00faltimos a\u00f1os, hemos consolidado nuestra posici\u00f3n como proveedor de ingenier\u00eda para la Administraci\u00f3n P\u00fablica espa\u00f1ola, centrando nuestra actividad en la planificaci\u00f3n, dise\u00f1o y desarrollo de infraestructura ferroviaria y de carreteras. Al [&hellip;]","og_url":"https:\/\/airtificial.com\/infrastructures\/consultoria\/infraestructura-del-transporte\/","og_site_name":"Infrastructures","article_modified_time":"2021-07-14T07:26:48+00:00","twitter_card":"summary_large_image","twitter_misc":{"Tiempo de lectura":"1 minuto"},"schema":{"@context":"https:\/\/schema.org","@graph":[{"@type":"WebPage","@id":"https:\/\/airtificial.com\/infrastructures\/consultoria\/infraestructura-del-transporte\/","url":"https:\/\/airtificial.com\/infrastructures\/consultoria\/infraestructura-del-transporte\/","name":"Infraestructura del transporte - Infrastructures","isPartOf":{"@id":"https:\/\/airtificial.com\/infrastructures\/#website"},"datePublished":"2021-06-16T13:41:30+00:00","dateModified":"2021-07-14T07:26:48+00:00","breadcrumb":{"@id":"https:\/\/airtificial.com\/infrastructures\/consultoria\/infraestructura-del-transporte\/#breadcrumb"},"inLanguage":"es","potentialAction":[{"@type":"ReadAction","target":["https:\/\/airtificial.com\/infrastructures\/consultoria\/infraestructura-del-transporte\/"]}]},{"@type":"BreadcrumbList","@id":"https:\/\/airtificial.com\/infrastructures\/consultoria\/infraestructura-del-transporte\/#breadcrumb","itemListElement":[{"@type":"ListItem","position":1,"name":"Portada","item":"https:\/\/airtificial.com\/infrastructures\/"},{"@type":"ListItem","position":2,"name":"Consultor\u00eda","item":"https:\/\/airtificial.com\/infrastructures\/consultoria\/"},{"@type":"ListItem","position":3,"name":"Infraestructura del transporte"}]},{"@type":"WebSite","@id":"https:\/\/airtificial.com\/infrastructures\/#website","url":"https:\/\/airtificial.com\/infrastructures\/","name":"Infrastructures","description":"L\u00edder en el sector de la ingenier\u00eda, capaz de implantar servicios y desarrollar tanto productos como patentes propias.","potentialAction":[{"@type":"SearchAction","target":{"@type":"EntryPoint","urlTemplate":"https:\/\/airtificial.com\/infrastructures\/?s={search_term_string}"},"query-input":{"@type":"PropertyValueSpecification","valueRequired":true,"valueName":"search_term_string"}}],"inLanguage":"es"}]}},"_links":{"self":[{"href":"https:\/\/airtificial.com\/infrastructures\/wp-json\/wp\/v2\/pages\/40","targetHints":{"allow":["GET"]}}],"collection":[{"href":"https:\/\/airtificial.com\/infrastructures\/wp-json\/wp\/v2\/pages"}],"about":[{"href":"https:\/\/airtificial.com\/infrastructures\/wp-json\/wp\/v2\/types\/page"}],"author":[{"embeddable":true,"href":"https:\/\/airtificial.com\/infrastructures\/wp-json\/wp\/v2\/users\/1"}],"replies":[{"embeddable":true,"href":"https:\/\/airtificial.com\/infrastructures\/wp-json\/wp\/v2\/comments?post=40"}],"version-history":[{"count":8,"href":"https:\/\/airtificial.com\/infrastructures\/wp-json\/wp\/v2\/pages\/40\/revisions"}],"predecessor-version":[{"id":926,"href":"https:\/\/airtificial.com\/infrastructures\/wp-json\/wp\/v2\/pages\/40\/revisions\/926"}],"up":[{"embeddable":true,"href":"https:\/\/airtificial.com\/infrastructures\/wp-json\/wp\/v2\/pages\/7"}],"wp:attachment":[{"href":"https:\/\/airtificial.com\/infrastructures\/wp-json\/wp\/v2\/media?parent=40"}],"curies":[{"name":"wp","href":"https:\/\/api.w.org\/{rel}","templated":true}]}}