{"id":5,"date":"2021-06-16T12:26:07","date_gmt":"2021-06-16T12:26:07","guid":{"rendered":"https:\/\/airtificial.com\/infrastructures\/?page_id=5"},"modified":"2021-07-12T08:10:56","modified_gmt":"2021-07-12T08:10:56","slug":"ingenieria-del-agua","status":"publish","type":"page","link":"https:\/\/airtificial.com\/infrastructures\/ingenieria-del-agua\/","title":{"rendered":"Ingenier\u00eda del agua"},"content":{"rendered":"<p>Somos referente en la gesti\u00f3n, planificaci\u00f3n y desarrollo de grandes infraestructuras hidr\u00e1ulicas. La empresa opera en el \u00e1mbito de la planificaci\u00f3n hidrol\u00f3gica, la gesti\u00f3n del dominio hidr\u00e1ulico, el manejo integral de cuencas, la explotaci\u00f3n y mantenimiento de grandes infraestructuras, y ejecuta proyectos y direcciones de obra en materia de desalaci\u00f3n, abastecimientos de agua, saneamiento, depuraci\u00f3n y potabilizaci\u00f3n, presas y encauzamientos fluviales.<\/p>\n<p><!--more--><\/p>\n<ul>\n<li>M\u00e1s de 100 millones de m<sup>3<\/sup>\u00a0diarios de aguas residuales tratadas.<\/li>\n<li>Autorizaci\u00f3n de vertidos de m\u00e1s de 8.000 instalaciones de depuraci\u00f3n.<\/li>\n<li>M\u00e1s de 100 estudios, dise\u00f1os y\/o supervisiones de presas.<\/li>\n<li>M\u00e1s de 1.650 km de redes de distribuci\u00f3n de agua potable.<\/li>\n<\/ul>\n<p>&nbsp;<\/p>\n","protected":false},"excerpt":{"rendered":"<p>Somos referente en la gesti\u00f3n, planificaci\u00f3n y desarrollo de grandes infraestructuras hidr\u00e1ulicas. La empresa opera en el \u00e1mbito de la planificaci\u00f3n hidrol\u00f3gica, la gesti\u00f3n del dominio hidr\u00e1ulico, el manejo integral de cuencas, la explotaci\u00f3n y mantenimiento de grandes infraestructuras, y ejecuta proyectos y direcciones de obra en materia de desalaci\u00f3n, abastecimientos de agua, saneamiento, depuraci\u00f3n [&hellip;]<\/p>\n","protected":false},"author":1,"featured_media":0,"parent":0,"menu_order":9,"comment_status":"closed","ping_status":"closed","template":"t-infrastructures\/template-ingenieria-agua.php","meta":{"_acf_changed":false,"inline_featured_image":false,"footnotes":""},"class_list":["post-5","page","type-page","status-publish","hentry"],"acf":[],"yoast_head":"<!-- This site is optimized with the Yoast SEO plugin v27.3 - https:\/\/yoast.com\/product\/yoast-seo-wordpress\/ -->\n<title>Ingenier\u00eda del agua - Infrastructures<\/title>\n<meta name=\"robots\" content=\"index, follow, max-snippet:-1, max-image-preview:large, max-video-preview:-1\" \/>\n<link rel=\"canonical\" href=\"https:\/\/airtificial.com\/infrastructures\/ingenieria-del-agua\/\" \/>\n<meta property=\"og:locale\" content=\"es_ES\" \/>\n<meta property=\"og:type\" content=\"article\" \/>\n<meta property=\"og:title\" content=\"Ingenier\u00eda del agua - Infrastructures\" \/>\n<meta property=\"og:description\" content=\"Somos referente en la gesti\u00f3n, planificaci\u00f3n y desarrollo de grandes infraestructuras hidr\u00e1ulicas. La empresa opera en el \u00e1mbito de la planificaci\u00f3n hidrol\u00f3gica, la gesti\u00f3n del dominio hidr\u00e1ulico, el manejo integral de cuencas, la explotaci\u00f3n y mantenimiento de grandes infraestructuras, y ejecuta proyectos y direcciones de obra en materia de desalaci\u00f3n, abastecimientos de agua, saneamiento, depuraci\u00f3n [&hellip;]\" \/>\n<meta property=\"og:url\" content=\"https:\/\/airtificial.com\/infrastructures\/ingenieria-del-agua\/\" \/>\n<meta property=\"og:site_name\" content=\"Infrastructures\" \/>\n<meta property=\"article:modified_time\" content=\"2021-07-12T08:10:56+00:00\" \/>\n<meta name=\"twitter:card\" content=\"summary_large_image\" \/>\n<meta name=\"twitter:label1\" content=\"Tiempo de lectura\" \/>\n\t<meta name=\"twitter:data1\" content=\"1 minuto\" \/>\n<!-- \/ Yoast SEO plugin. -->","yoast_head_json":{"title":"Ingenier\u00eda del agua - Infrastructures","robots":{"index":"index","follow":"follow","max-snippet":"max-snippet:-1","max-image-preview":"max-image-preview:large","max-video-preview":"max-video-preview:-1"},"canonical":"https:\/\/airtificial.com\/infrastructures\/ingenieria-del-agua\/","og_locale":"es_ES","og_type":"article","og_title":"Ingenier\u00eda del agua - Infrastructures","og_description":"Somos referente en la gesti\u00f3n, planificaci\u00f3n y desarrollo de grandes infraestructuras hidr\u00e1ulicas. La empresa opera en el \u00e1mbito de la planificaci\u00f3n hidrol\u00f3gica, la gesti\u00f3n del dominio hidr\u00e1ulico, el manejo integral de cuencas, la explotaci\u00f3n y mantenimiento de grandes infraestructuras, y ejecuta proyectos y direcciones de obra en materia de desalaci\u00f3n, abastecimientos de agua, saneamiento, depuraci\u00f3n [&hellip;]","og_url":"https:\/\/airtificial.com\/infrastructures\/ingenieria-del-agua\/","og_site_name":"Infrastructures","article_modified_time":"2021-07-12T08:10:56+00:00","twitter_card":"summary_large_image","twitter_misc":{"Tiempo de lectura":"1 minuto"},"schema":{"@context":"https:\/\/schema.org","@graph":[{"@type":"WebPage","@id":"https:\/\/airtificial.com\/infrastructures\/ingenieria-del-agua\/","url":"https:\/\/airtificial.com\/infrastructures\/ingenieria-del-agua\/","name":"Ingenier\u00eda del agua - Infrastructures","isPartOf":{"@id":"https:\/\/airtificial.com\/infrastructures\/#website"},"datePublished":"2021-06-16T12:26:07+00:00","dateModified":"2021-07-12T08:10:56+00:00","breadcrumb":{"@id":"https:\/\/airtificial.com\/infrastructures\/ingenieria-del-agua\/#breadcrumb"},"inLanguage":"es","potentialAction":[{"@type":"ReadAction","target":["https:\/\/airtificial.com\/infrastructures\/ingenieria-del-agua\/"]}]},{"@type":"BreadcrumbList","@id":"https:\/\/airtificial.com\/infrastructures\/ingenieria-del-agua\/#breadcrumb","itemListElement":[{"@type":"ListItem","position":1,"name":"Portada","item":"https:\/\/airtificial.com\/infrastructures\/"},{"@type":"ListItem","position":2,"name":"Ingenier\u00eda del agua"}]},{"@type":"WebSite","@id":"https:\/\/airtificial.com\/infrastructures\/#website","url":"https:\/\/airtificial.com\/infrastructures\/","name":"Infrastructures","description":"L\u00edder en el sector de la ingenier\u00eda, capaz de implantar servicios y desarrollar tanto productos como patentes propias.","potentialAction":[{"@type":"SearchAction","target":{"@type":"EntryPoint","urlTemplate":"https:\/\/airtificial.com\/infrastructures\/?s={search_term_string}"},"query-input":{"@type":"PropertyValueSpecification","valueRequired":true,"valueName":"search_term_string"}}],"inLanguage":"es"}]}},"_links":{"self":[{"href":"https:\/\/airtificial.com\/infrastructures\/wp-json\/wp\/v2\/pages\/5","targetHints":{"allow":["GET"]}}],"collection":[{"href":"https:\/\/airtificial.com\/infrastructures\/wp-json\/wp\/v2\/pages"}],"about":[{"href":"https:\/\/airtificial.com\/infrastructures\/wp-json\/wp\/v2\/types\/page"}],"author":[{"embeddable":true,"href":"https:\/\/airtificial.com\/infrastructures\/wp-json\/wp\/v2\/users\/1"}],"replies":[{"embeddable":true,"href":"https:\/\/airtificial.com\/infrastructures\/wp-json\/wp\/v2\/comments?post=5"}],"version-history":[{"count":7,"href":"https:\/\/airtificial.com\/infrastructures\/wp-json\/wp\/v2\/pages\/5\/revisions"}],"predecessor-version":[{"id":796,"href":"https:\/\/airtificial.com\/infrastructures\/wp-json\/wp\/v2\/pages\/5\/revisions\/796"}],"wp:attachment":[{"href":"https:\/\/airtificial.com\/infrastructures\/wp-json\/wp\/v2\/media?parent=5"}],"curies":[{"name":"wp","href":"https:\/\/api.w.org\/{rel}","templated":true}]}}