{"id":9,"date":"2021-06-16T12:26:43","date_gmt":"2021-06-16T12:26:43","guid":{"rendered":"https:\/\/airtificial.com\/infrastructures\/?page_id=9"},"modified":"2021-09-16T11:31:17","modified_gmt":"2021-09-16T11:31:17","slug":"epc","status":"publish","type":"page","link":"https:\/\/airtificial.com\/infrastructures\/epc\/","title":{"rendered":"EPC"},"content":{"rendered":"<p>Expertos en el desarrollo de proyectos llave en mano de alto valor a\u00f1adido, agrupando los trabajos de ingenier\u00eda, suministro y construcci\u00f3n de infraestructuras civiles, as\u00ed como de instalaciones de captaci\u00f3n, tratamiento, transporte y evacuaci\u00f3n de aguas.<\/p>\n<p><!--more--><\/p>\n<p>Project Management de alto valor a\u00f1adido, cuyas actividades abarcan los sectores de arquitectura y urbanismo, project y construction management, direcciones de ejecuci\u00f3n, e ingenier\u00eda de instalaciones y facility management.<\/p>\n<p>Proyectos de due diligence t\u00e9cnicas y financieras, monitorings y estudios de viabilidad para los diferentes promotores y entidades financieras.<\/p>\n<ul>\n<li>Ingenier\u00eda y Construcci\u00f3n de la Planta Fotovoltaica de 6,3 MW en San Luis Talpa (El Salvador).<\/li>\n<li>Construcci\u00f3n de centros educativos en Tegucigalpa (Honduras)<\/li>\n<li>Construcci\u00f3n y equipamiento de instalaciones para manejo de residuos en el Pinalito (Honduras). 100.000 hab.<\/li>\n<li>Construcci\u00f3n de la P.T.A.R. del R\u00edo Ozama (Santo Domingo. Rep\u00fablica Dominicana). 450.000 hab\/eq<\/li>\n<\/ul>\n","protected":false},"excerpt":{"rendered":"<p>Expertos en el desarrollo de proyectos llave en mano de alto valor a\u00f1adido, agrupando los trabajos de ingenier\u00eda, suministro y construcci\u00f3n de infraestructuras civiles, as\u00ed como de instalaciones de captaci\u00f3n, tratamiento, transporte y evacuaci\u00f3n de aguas.<\/p>\n","protected":false},"author":1,"featured_media":0,"parent":0,"menu_order":29,"comment_status":"closed","ping_status":"closed","template":"t-intelligent-robots\/template-product-index.php","meta":{"_acf_changed":false,"inline_featured_image":false,"footnotes":""},"class_list":["post-9","page","type-page","status-publish","hentry"],"acf":[],"yoast_head":"<!-- This site is optimized with the Yoast SEO plugin v27.4 - https:\/\/yoast.com\/product\/yoast-seo-wordpress\/ -->\n<title>EPC - Infrastructures<\/title>\n<meta name=\"robots\" content=\"index, follow, max-snippet:-1, max-image-preview:large, max-video-preview:-1\" \/>\n<link rel=\"canonical\" href=\"https:\/\/airtificial.com\/infrastructures\/epc\/\" \/>\n<meta property=\"og:locale\" content=\"es_ES\" \/>\n<meta property=\"og:type\" content=\"article\" \/>\n<meta property=\"og:title\" content=\"EPC - Infrastructures\" \/>\n<meta property=\"og:description\" content=\"Expertos en el desarrollo de proyectos llave en mano de alto valor a\u00f1adido, agrupando los trabajos de ingenier\u00eda, suministro y construcci\u00f3n de infraestructuras civiles, as\u00ed como de instalaciones de captaci\u00f3n, tratamiento, transporte y evacuaci\u00f3n de aguas.\" \/>\n<meta property=\"og:url\" content=\"https:\/\/airtificial.com\/infrastructures\/epc\/\" \/>\n<meta property=\"og:site_name\" content=\"Infrastructures\" \/>\n<meta property=\"article:modified_time\" content=\"2021-09-16T11:31:17+00:00\" \/>\n<meta name=\"twitter:card\" content=\"summary_large_image\" \/>\n<meta name=\"twitter:label1\" content=\"Tiempo de lectura\" \/>\n\t<meta name=\"twitter:data1\" content=\"1 minuto\" \/>\n<!-- \/ Yoast SEO plugin. -->","yoast_head_json":{"title":"EPC - Infrastructures","robots":{"index":"index","follow":"follow","max-snippet":"max-snippet:-1","max-image-preview":"max-image-preview:large","max-video-preview":"max-video-preview:-1"},"canonical":"https:\/\/airtificial.com\/infrastructures\/epc\/","og_locale":"es_ES","og_type":"article","og_title":"EPC - Infrastructures","og_description":"Expertos en el desarrollo de proyectos llave en mano de alto valor a\u00f1adido, agrupando los trabajos de ingenier\u00eda, suministro y construcci\u00f3n de infraestructuras civiles, as\u00ed como de instalaciones de captaci\u00f3n, tratamiento, transporte y evacuaci\u00f3n de aguas.","og_url":"https:\/\/airtificial.com\/infrastructures\/epc\/","og_site_name":"Infrastructures","article_modified_time":"2021-09-16T11:31:17+00:00","twitter_card":"summary_large_image","twitter_misc":{"Tiempo de lectura":"1 minuto"},"schema":{"@context":"https:\/\/schema.org","@graph":[{"@type":"WebPage","@id":"https:\/\/airtificial.com\/infrastructures\/epc\/","url":"https:\/\/airtificial.com\/infrastructures\/epc\/","name":"EPC - Infrastructures","isPartOf":{"@id":"https:\/\/airtificial.com\/infrastructures\/#website"},"datePublished":"2021-06-16T12:26:43+00:00","dateModified":"2021-09-16T11:31:17+00:00","breadcrumb":{"@id":"https:\/\/airtificial.com\/infrastructures\/epc\/#breadcrumb"},"inLanguage":"es","potentialAction":[{"@type":"ReadAction","target":["https:\/\/airtificial.com\/infrastructures\/epc\/"]}]},{"@type":"BreadcrumbList","@id":"https:\/\/airtificial.com\/infrastructures\/epc\/#breadcrumb","itemListElement":[{"@type":"ListItem","position":1,"name":"Portada","item":"https:\/\/airtificial.com\/infrastructures\/"},{"@type":"ListItem","position":2,"name":"EPC"}]},{"@type":"WebSite","@id":"https:\/\/airtificial.com\/infrastructures\/#website","url":"https:\/\/airtificial.com\/infrastructures\/","name":"Infrastructures","description":"L\u00edder en el sector de la ingenier\u00eda, capaz de implantar servicios y desarrollar tanto productos como patentes propias.","potentialAction":[{"@type":"SearchAction","target":{"@type":"EntryPoint","urlTemplate":"https:\/\/airtificial.com\/infrastructures\/?s={search_term_string}"},"query-input":{"@type":"PropertyValueSpecification","valueRequired":true,"valueName":"search_term_string"}}],"inLanguage":"es"}]}},"_links":{"self":[{"href":"https:\/\/airtificial.com\/infrastructures\/wp-json\/wp\/v2\/pages\/9","targetHints":{"allow":["GET"]}}],"collection":[{"href":"https:\/\/airtificial.com\/infrastructures\/wp-json\/wp\/v2\/pages"}],"about":[{"href":"https:\/\/airtificial.com\/infrastructures\/wp-json\/wp\/v2\/types\/page"}],"author":[{"embeddable":true,"href":"https:\/\/airtificial.com\/infrastructures\/wp-json\/wp\/v2\/users\/1"}],"replies":[{"embeddable":true,"href":"https:\/\/airtificial.com\/infrastructures\/wp-json\/wp\/v2\/comments?post=9"}],"version-history":[{"count":11,"href":"https:\/\/airtificial.com\/infrastructures\/wp-json\/wp\/v2\/pages\/9\/revisions"}],"predecessor-version":[{"id":1162,"href":"https:\/\/airtificial.com\/infrastructures\/wp-json\/wp\/v2\/pages\/9\/revisions\/1162"}],"wp:attachment":[{"href":"https:\/\/airtificial.com\/infrastructures\/wp-json\/wp\/v2\/media?parent=9"}],"curies":[{"name":"wp","href":"https:\/\/api.w.org\/{rel}","templated":true}]}}