{"id":846,"date":"2021-08-03T09:21:50","date_gmt":"2021-08-03T09:21:50","guid":{"rendered":"https:\/\/airtificial.com\/intelligent-robots\/home\/"},"modified":"2025-05-20T14:22:43","modified_gmt":"2025-05-20T14:22:43","slug":"home","status":"publish","type":"page","link":"https:\/\/airtificial.com\/intelligent-robots\/en\/","title":{"rendered":"Home"},"content":{"rendered":"<h3>Airtificial Intelligent Robots is an engineering company focused on implementing advanced robotic, artificial vision, and AI technology to design and manufacture innovative <strong>testing equipment and assembly line solutions for major automotive parts manufacturers<\/strong> and other industry groups.<\/h3>\n","protected":false},"excerpt":{"rendered":"<p>Airtificial Intelligent Robots is an engineering company focused on implementing advanced robotic, artificial vision, and AI technology to design and manufacture innovative testing equipment and assembly line solutions for major automotive parts manufacturers and other industry groups.<\/p>\n","protected":false},"author":1,"featured_media":0,"parent":0,"menu_order":4,"comment_status":"closed","ping_status":"closed","template":"","meta":{"_acf_changed":false,"inline_featured_image":false,"footnotes":""},"class_list":["post-846","page","type-page","status-publish","hentry"],"acf":[],"yoast_head":"<!-- This site is optimized with the Yoast SEO plugin v27.4 - https:\/\/yoast.com\/product\/yoast-seo-wordpress\/ -->\n<title>Airtificial Intelligent Robots | Innovaci\u00f3n y Tecnolog\u00eda, nuestros impulsores<\/title>\n<meta name=\"description\" content=\"Airtificial Intelligent Robots, empresa de ingenier\u00eda especializada en el dise\u00f1o y fabricaci\u00f3n de equipos de verificaci\u00f3n y l\u00edneas de montaje\" \/>\n<meta name=\"robots\" content=\"index, follow, max-snippet:-1, max-image-preview:large, max-video-preview:-1\" \/>\n<link rel=\"canonical\" href=\"https:\/\/airtificial.com\/intelligent-robots\/en\/\" \/>\n<meta property=\"og:locale\" content=\"en_US\" \/>\n<meta property=\"og:type\" content=\"article\" \/>\n<meta property=\"og:title\" content=\"Airtificial Intelligent Robots | Innovaci\u00f3n y Tecnolog\u00eda, nuestros impulsores\" \/>\n<meta property=\"og:description\" content=\"Airtificial Intelligent Robots, empresa de ingenier\u00eda especializada en el dise\u00f1o y fabricaci\u00f3n de equipos de verificaci\u00f3n y l\u00edneas de montaje\" \/>\n<meta property=\"og:url\" content=\"https:\/\/airtificial.com\/intelligent-robots\/en\/\" \/>\n<meta property=\"og:site_name\" content=\"Intelligent Robots\" \/>\n<meta property=\"article:modified_time\" content=\"2025-05-20T14:22:43+00:00\" \/>\n<meta name=\"twitter:card\" content=\"summary_large_image\" \/>\n<meta name=\"twitter:label1\" content=\"Est. reading time\" \/>\n\t<meta name=\"twitter:data1\" content=\"1 minute\" \/>\n<!-- \/ Yoast SEO plugin. -->","yoast_head_json":{"title":"Airtificial Intelligent Robots | Innovaci\u00f3n y Tecnolog\u00eda, nuestros impulsores","description":"Airtificial Intelligent Robots, empresa de ingenier\u00eda especializada en el dise\u00f1o y fabricaci\u00f3n de equipos de verificaci\u00f3n y l\u00edneas de montaje","robots":{"index":"index","follow":"follow","max-snippet":"max-snippet:-1","max-image-preview":"max-image-preview:large","max-video-preview":"max-video-preview:-1"},"canonical":"https:\/\/airtificial.com\/intelligent-robots\/en\/","og_locale":"en_US","og_type":"article","og_title":"Airtificial Intelligent Robots | Innovaci\u00f3n y Tecnolog\u00eda, nuestros impulsores","og_description":"Airtificial Intelligent Robots, empresa de ingenier\u00eda especializada en el dise\u00f1o y fabricaci\u00f3n de equipos de verificaci\u00f3n y l\u00edneas de montaje","og_url":"https:\/\/airtificial.com\/intelligent-robots\/en\/","og_site_name":"Intelligent Robots","article_modified_time":"2025-05-20T14:22:43+00:00","twitter_card":"summary_large_image","twitter_misc":{"Est. reading time":"1 minute"},"schema":{"@context":"https:\/\/schema.org","@graph":[{"@type":"WebPage","@id":"https:\/\/airtificial.com\/intelligent-robots\/en\/","url":"https:\/\/airtificial.com\/intelligent-robots\/en\/","name":"Airtificial Intelligent Robots | Innovaci\u00f3n y Tecnolog\u00eda, nuestros impulsores","isPartOf":{"@id":"https:\/\/airtificial.com\/intelligent-robots\/#website"},"datePublished":"2021-08-03T09:21:50+00:00","dateModified":"2025-05-20T14:22:43+00:00","description":"Airtificial Intelligent Robots, empresa de ingenier\u00eda especializada en el dise\u00f1o y fabricaci\u00f3n de equipos de verificaci\u00f3n y l\u00edneas de montaje","breadcrumb":{"@id":"https:\/\/airtificial.com\/intelligent-robots\/en\/#breadcrumb"},"inLanguage":"en-US","potentialAction":[{"@type":"ReadAction","target":["https:\/\/airtificial.com\/intelligent-robots\/en\/"]}]},{"@type":"BreadcrumbList","@id":"https:\/\/airtificial.com\/intelligent-robots\/en\/#breadcrumb","itemListElement":[{"@type":"ListItem","position":1,"name":"Portada","item":"https:\/\/airtificial.com\/intelligent-robots\/en\/"},{"@type":"ListItem","position":2,"name":"Home"}]},{"@type":"WebSite","@id":"https:\/\/airtificial.com\/intelligent-robots\/#website","url":"https:\/\/airtificial.com\/intelligent-robots\/","name":"Intelligent Robots","description":"Otro sitio m\u00e1s de Airtificial sitios","potentialAction":[{"@type":"SearchAction","target":{"@type":"EntryPoint","urlTemplate":"https:\/\/airtificial.com\/intelligent-robots\/?s={search_term_string}"},"query-input":{"@type":"PropertyValueSpecification","valueRequired":true,"valueName":"search_term_string"}}],"inLanguage":"en-US"}]}},"_links":{"self":[{"href":"https:\/\/airtificial.com\/intelligent-robots\/en\/wp-json\/wp\/v2\/pages\/846","targetHints":{"allow":["GET"]}}],"collection":[{"href":"https:\/\/airtificial.com\/intelligent-robots\/en\/wp-json\/wp\/v2\/pages"}],"about":[{"href":"https:\/\/airtificial.com\/intelligent-robots\/en\/wp-json\/wp\/v2\/types\/page"}],"author":[{"embeddable":true,"href":"https:\/\/airtificial.com\/intelligent-robots\/en\/wp-json\/wp\/v2\/users\/1"}],"replies":[{"embeddable":true,"href":"https:\/\/airtificial.com\/intelligent-robots\/en\/wp-json\/wp\/v2\/comments?post=846"}],"version-history":[{"count":31,"href":"https:\/\/airtificial.com\/intelligent-robots\/en\/wp-json\/wp\/v2\/pages\/846\/revisions"}],"predecessor-version":[{"id":8741,"href":"https:\/\/airtificial.com\/intelligent-robots\/en\/wp-json\/wp\/v2\/pages\/846\/revisions\/8741"}],"wp:attachment":[{"href":"https:\/\/airtificial.com\/intelligent-robots\/en\/wp-json\/wp\/v2\/media?parent=846"}],"curies":[{"name":"wp","href":"https:\/\/api.w.org\/{rel}","templated":true}]}}