{"id":110,"date":"2021-03-16T15:35:24","date_gmt":"2021-03-16T15:35:24","guid":{"rendered":"https:\/\/airtificial.com\/intelligent-robots\/?page_id=110"},"modified":"2022-06-21T08:05:43","modified_gmt":"2022-06-21T08:05:43","slug":"sistemas-de-direccion","status":"publish","type":"page","link":"https:\/\/airtificial.com\/intelligent-robots\/aplicaciones-en-automocion\/sistemas-de-direccion\/","title":{"rendered":"Sistemas de direcci\u00f3n"},"content":{"rendered":"<p>En t\u00e9rminos de sistemas de direcci\u00f3n, Airtificial Intelligent Robots ha estado suministrando equipos de ensamble y prueba en casi todas las tecnolog\u00edas desde que aparecieron las primeras generaciones de EPS (direcci\u00f3n el\u00e9ctrica) en el mercado:<br \/>\n<!--more--><\/p>\n<ul>\n<li>Direcci\u00f3n el\u00e9ctrica (transmisi\u00f3n por columna, transmisi\u00f3n por cremallera, transmisi\u00f3n por pi\u00f1\u00f3n, EHPS)<\/li>\n<li>Direcci\u00f3n mec\u00e1nica (R&amp;P)<\/li>\n<li>Direcci\u00f3n hidr\u00e1ulica (PR&amp;P)<\/li>\n<\/ul>\n","protected":false},"excerpt":{"rendered":"<p>En t\u00e9rminos de sistemas de direcci\u00f3n, Airtificial Intelligent Robots ha estado suministrando equipos de ensamble y prueba en casi todas las tecnolog\u00edas desde que aparecieron las primeras generaciones de EPS (direcci\u00f3n el\u00e9ctrica) en el mercado:<\/p>\n","protected":false},"author":1,"featured_media":0,"parent":50,"menu_order":26,"comment_status":"closed","ping_status":"closed","template":"t-intelligent-robots\/template-applications.php","meta":{"_acf_changed":false,"inline_featured_image":false,"footnotes":""},"class_list":["post-110","page","type-page","status-publish","hentry"],"acf":[],"yoast_head":"<!-- This site is optimized with the Yoast SEO plugin v27.3 - https:\/\/yoast.com\/product\/yoast-seo-wordpress\/ -->\n<title>Sistemas de direcci\u00f3n - Intelligent Robots<\/title>\n<meta name=\"robots\" content=\"index, follow, max-snippet:-1, max-image-preview:large, max-video-preview:-1\" \/>\n<link rel=\"canonical\" href=\"https:\/\/airtificial.com\/intelligent-robots\/aplicaciones-en-automocion\/sistemas-de-direccion\/\" \/>\n<meta property=\"og:locale\" content=\"es_ES\" \/>\n<meta property=\"og:type\" content=\"article\" \/>\n<meta property=\"og:title\" content=\"Sistemas de direcci\u00f3n - Intelligent Robots\" \/>\n<meta property=\"og:description\" content=\"En t\u00e9rminos de sistemas de direcci\u00f3n, Airtificial Intelligent Robots ha estado suministrando equipos de ensamble y prueba en casi todas las tecnolog\u00edas desde que aparecieron las primeras generaciones de EPS (direcci\u00f3n el\u00e9ctrica) en el mercado:\" \/>\n<meta property=\"og:url\" content=\"https:\/\/airtificial.com\/intelligent-robots\/aplicaciones-en-automocion\/sistemas-de-direccion\/\" \/>\n<meta property=\"og:site_name\" content=\"Intelligent Robots\" \/>\n<meta property=\"article:modified_time\" content=\"2022-06-21T08:05:43+00:00\" \/>\n<meta name=\"twitter:card\" content=\"summary_large_image\" \/>\n<meta name=\"twitter:label1\" content=\"Tiempo de lectura\" \/>\n\t<meta name=\"twitter:data1\" content=\"1 minuto\" \/>\n<!-- \/ Yoast SEO plugin. -->","yoast_head_json":{"title":"Sistemas de direcci\u00f3n - Intelligent Robots","robots":{"index":"index","follow":"follow","max-snippet":"max-snippet:-1","max-image-preview":"max-image-preview:large","max-video-preview":"max-video-preview:-1"},"canonical":"https:\/\/airtificial.com\/intelligent-robots\/aplicaciones-en-automocion\/sistemas-de-direccion\/","og_locale":"es_ES","og_type":"article","og_title":"Sistemas de direcci\u00f3n - Intelligent Robots","og_description":"En t\u00e9rminos de sistemas de direcci\u00f3n, Airtificial Intelligent Robots ha estado suministrando equipos de ensamble y prueba en casi todas las tecnolog\u00edas desde que aparecieron las primeras generaciones de EPS (direcci\u00f3n el\u00e9ctrica) en el mercado:","og_url":"https:\/\/airtificial.com\/intelligent-robots\/aplicaciones-en-automocion\/sistemas-de-direccion\/","og_site_name":"Intelligent Robots","article_modified_time":"2022-06-21T08:05:43+00:00","twitter_card":"summary_large_image","twitter_misc":{"Tiempo de lectura":"1 minuto"},"schema":{"@context":"https:\/\/schema.org","@graph":[{"@type":"WebPage","@id":"https:\/\/airtificial.com\/intelligent-robots\/aplicaciones-en-automocion\/sistemas-de-direccion\/","url":"https:\/\/airtificial.com\/intelligent-robots\/aplicaciones-en-automocion\/sistemas-de-direccion\/","name":"Sistemas de direcci\u00f3n - Intelligent Robots","isPartOf":{"@id":"https:\/\/airtificial.com\/intelligent-robots\/#website"},"datePublished":"2021-03-16T15:35:24+00:00","dateModified":"2022-06-21T08:05:43+00:00","breadcrumb":{"@id":"https:\/\/airtificial.com\/intelligent-robots\/aplicaciones-en-automocion\/sistemas-de-direccion\/#breadcrumb"},"inLanguage":"es","potentialAction":[{"@type":"ReadAction","target":["https:\/\/airtificial.com\/intelligent-robots\/aplicaciones-en-automocion\/sistemas-de-direccion\/"]}]},{"@type":"BreadcrumbList","@id":"https:\/\/airtificial.com\/intelligent-robots\/aplicaciones-en-automocion\/sistemas-de-direccion\/#breadcrumb","itemListElement":[{"@type":"ListItem","position":1,"name":"Portada","item":"https:\/\/airtificial.com\/intelligent-robots\/"},{"@type":"ListItem","position":2,"name":"Aplicaciones en automoci\u00f3n","item":"https:\/\/airtificial.com\/intelligent-robots\/aplicaciones-en-automocion\/"},{"@type":"ListItem","position":3,"name":"Sistemas de direcci\u00f3n"}]},{"@type":"WebSite","@id":"https:\/\/airtificial.com\/intelligent-robots\/#website","url":"https:\/\/airtificial.com\/intelligent-robots\/","name":"Intelligent Robots","description":"Otro sitio m\u00e1s de Airtificial sitios","potentialAction":[{"@type":"SearchAction","target":{"@type":"EntryPoint","urlTemplate":"https:\/\/airtificial.com\/intelligent-robots\/?s={search_term_string}"},"query-input":{"@type":"PropertyValueSpecification","valueRequired":true,"valueName":"search_term_string"}}],"inLanguage":"es"}]}},"_links":{"self":[{"href":"https:\/\/airtificial.com\/intelligent-robots\/wp-json\/wp\/v2\/pages\/110","targetHints":{"allow":["GET"]}}],"collection":[{"href":"https:\/\/airtificial.com\/intelligent-robots\/wp-json\/wp\/v2\/pages"}],"about":[{"href":"https:\/\/airtificial.com\/intelligent-robots\/wp-json\/wp\/v2\/types\/page"}],"author":[{"embeddable":true,"href":"https:\/\/airtificial.com\/intelligent-robots\/wp-json\/wp\/v2\/users\/1"}],"replies":[{"embeddable":true,"href":"https:\/\/airtificial.com\/intelligent-robots\/wp-json\/wp\/v2\/comments?post=110"}],"version-history":[{"count":3,"href":"https:\/\/airtificial.com\/intelligent-robots\/wp-json\/wp\/v2\/pages\/110\/revisions"}],"predecessor-version":[{"id":763,"href":"https:\/\/airtificial.com\/intelligent-robots\/wp-json\/wp\/v2\/pages\/110\/revisions\/763"}],"up":[{"embeddable":true,"href":"https:\/\/airtificial.com\/intelligent-robots\/wp-json\/wp\/v2\/pages\/50"}],"wp:attachment":[{"href":"https:\/\/airtificial.com\/intelligent-robots\/wp-json\/wp\/v2\/media?parent=110"}],"curies":[{"name":"wp","href":"https:\/\/api.w.org\/{rel}","templated":true}]}}