{"id":112,"date":"2021-03-16T15:35:45","date_gmt":"2021-03-16T15:35:45","guid":{"rendered":"https:\/\/airtificial.com\/intelligent-robots\/?page_id=112"},"modified":"2022-06-21T08:05:37","modified_gmt":"2022-06-21T08:05:37","slug":"grupo-motopropulsor-y-tecnico","status":"publish","type":"page","link":"https:\/\/airtificial.com\/intelligent-robots\/aplicaciones-en-automocion\/grupo-motopropulsor-y-tecnico\/","title":{"rendered":"Grupo motopropulsor y t\u00e9rmico"},"content":{"rendered":"<p>En los productos de Powertrain &amp; Thermal, la experiencia de Airtificial Intelligent Robots abarca un amplio conjunto de tecnolog\u00edas y componentes. Nuestro enfoque principal es la transmisi\u00f3n, el suministro de combustible y los sistemas t\u00e9rmicos.<\/p>\n<p><!--more--><\/p>\n<p>La entrega de combustible proporciona sistemas integrados de gesti\u00f3n de motores de gasolina y Diesel, haciendo de estos procesos lo que hace que se precisen de operaciones complejas en la que nuestra experiencia y conocimiento en la utilizaci\u00f3n de tecnolog\u00edas sea un factor decisivo.<\/p>\n<p>Los sistemas t\u00e9rmicos incluyen compresores electr\u00f3nicos, enfriamiento del tren motriz a trav\u00e9s de sistemas de intercambiador de calor, as\u00ed como sistemas de calefacci\u00f3n, ventilaci\u00f3n y aire acondicionado (HVAC) para la cabina del ocupante. La capacidad de desarrollar desde los equipos de test para los centros t\u00e9cnicos como las l\u00edneas de producci\u00f3n en serie han permitido el desarrollo de l\u00edneas robustas y de alta calidad en muchos productos.<\/p>\n<p>Los sistemas de transmisi\u00f3n objetivo son los E-Superchargers, as\u00ed como los diferenciales electr\u00f3nicos y las nuevas generaciones de embrague (DCT).<\/p>\n","protected":false},"excerpt":{"rendered":"<p>En los productos de Powertrain &amp; Thermal, la experiencia de Airtificial Intelligent Robots abarca un amplio conjunto de tecnolog\u00edas y componentes. Nuestro enfoque principal es la transmisi\u00f3n, el suministro de combustible y los sistemas t\u00e9rmicos.<\/p>\n","protected":false},"author":1,"featured_media":0,"parent":50,"menu_order":24,"comment_status":"closed","ping_status":"closed","template":"t-intelligent-robots\/template-applications.php","meta":{"_acf_changed":false,"inline_featured_image":false,"footnotes":""},"class_list":["post-112","page","type-page","status-publish","hentry"],"acf":[],"yoast_head":"<!-- This site is optimized with the Yoast SEO plugin v27.4 - https:\/\/yoast.com\/product\/yoast-seo-wordpress\/ -->\n<title>Grupo motopropulsor y t\u00e9rmico - Intelligent Robots<\/title>\n<meta name=\"robots\" content=\"index, follow, max-snippet:-1, max-image-preview:large, max-video-preview:-1\" \/>\n<link rel=\"canonical\" href=\"https:\/\/airtificial.com\/intelligent-robots\/aplicaciones-en-automocion\/grupo-motopropulsor-y-tecnico\/\" \/>\n<meta property=\"og:locale\" content=\"es_ES\" \/>\n<meta property=\"og:type\" content=\"article\" \/>\n<meta property=\"og:title\" content=\"Grupo motopropulsor y t\u00e9rmico - Intelligent Robots\" \/>\n<meta property=\"og:description\" content=\"En los productos de Powertrain &amp; Thermal, la experiencia de Airtificial Intelligent Robots abarca un amplio conjunto de tecnolog\u00edas y componentes. Nuestro enfoque principal es la transmisi\u00f3n, el suministro de combustible y los sistemas t\u00e9rmicos.\" \/>\n<meta property=\"og:url\" content=\"https:\/\/airtificial.com\/intelligent-robots\/aplicaciones-en-automocion\/grupo-motopropulsor-y-tecnico\/\" \/>\n<meta property=\"og:site_name\" content=\"Intelligent Robots\" \/>\n<meta property=\"article:modified_time\" content=\"2022-06-21T08:05:37+00:00\" \/>\n<meta name=\"twitter:card\" content=\"summary_large_image\" \/>\n<meta name=\"twitter:label1\" content=\"Tiempo de lectura\" \/>\n\t<meta name=\"twitter:data1\" content=\"1 minuto\" \/>\n<!-- \/ Yoast SEO plugin. -->","yoast_head_json":{"title":"Grupo motopropulsor y t\u00e9rmico - Intelligent Robots","robots":{"index":"index","follow":"follow","max-snippet":"max-snippet:-1","max-image-preview":"max-image-preview:large","max-video-preview":"max-video-preview:-1"},"canonical":"https:\/\/airtificial.com\/intelligent-robots\/aplicaciones-en-automocion\/grupo-motopropulsor-y-tecnico\/","og_locale":"es_ES","og_type":"article","og_title":"Grupo motopropulsor y t\u00e9rmico - Intelligent Robots","og_description":"En los productos de Powertrain &amp; Thermal, la experiencia de Airtificial Intelligent Robots abarca un amplio conjunto de tecnolog\u00edas y componentes. Nuestro enfoque principal es la transmisi\u00f3n, el suministro de combustible y los sistemas t\u00e9rmicos.","og_url":"https:\/\/airtificial.com\/intelligent-robots\/aplicaciones-en-automocion\/grupo-motopropulsor-y-tecnico\/","og_site_name":"Intelligent Robots","article_modified_time":"2022-06-21T08:05:37+00:00","twitter_card":"summary_large_image","twitter_misc":{"Tiempo de lectura":"1 minuto"},"schema":{"@context":"https:\/\/schema.org","@graph":[{"@type":"WebPage","@id":"https:\/\/airtificial.com\/intelligent-robots\/aplicaciones-en-automocion\/grupo-motopropulsor-y-tecnico\/","url":"https:\/\/airtificial.com\/intelligent-robots\/aplicaciones-en-automocion\/grupo-motopropulsor-y-tecnico\/","name":"Grupo motopropulsor y t\u00e9rmico - Intelligent Robots","isPartOf":{"@id":"https:\/\/airtificial.com\/intelligent-robots\/#website"},"datePublished":"2021-03-16T15:35:45+00:00","dateModified":"2022-06-21T08:05:37+00:00","breadcrumb":{"@id":"https:\/\/airtificial.com\/intelligent-robots\/aplicaciones-en-automocion\/grupo-motopropulsor-y-tecnico\/#breadcrumb"},"inLanguage":"es","potentialAction":[{"@type":"ReadAction","target":["https:\/\/airtificial.com\/intelligent-robots\/aplicaciones-en-automocion\/grupo-motopropulsor-y-tecnico\/"]}]},{"@type":"BreadcrumbList","@id":"https:\/\/airtificial.com\/intelligent-robots\/aplicaciones-en-automocion\/grupo-motopropulsor-y-tecnico\/#breadcrumb","itemListElement":[{"@type":"ListItem","position":1,"name":"Portada","item":"https:\/\/airtificial.com\/intelligent-robots\/"},{"@type":"ListItem","position":2,"name":"Aplicaciones en automoci\u00f3n","item":"https:\/\/airtificial.com\/intelligent-robots\/aplicaciones-en-automocion\/"},{"@type":"ListItem","position":3,"name":"Grupo motopropulsor y t\u00e9rmico"}]},{"@type":"WebSite","@id":"https:\/\/airtificial.com\/intelligent-robots\/#website","url":"https:\/\/airtificial.com\/intelligent-robots\/","name":"Intelligent Robots","description":"Otro sitio m\u00e1s de Airtificial sitios","potentialAction":[{"@type":"SearchAction","target":{"@type":"EntryPoint","urlTemplate":"https:\/\/airtificial.com\/intelligent-robots\/?s={search_term_string}"},"query-input":{"@type":"PropertyValueSpecification","valueRequired":true,"valueName":"search_term_string"}}],"inLanguage":"es"}]}},"_links":{"self":[{"href":"https:\/\/airtificial.com\/intelligent-robots\/wp-json\/wp\/v2\/pages\/112","targetHints":{"allow":["GET"]}}],"collection":[{"href":"https:\/\/airtificial.com\/intelligent-robots\/wp-json\/wp\/v2\/pages"}],"about":[{"href":"https:\/\/airtificial.com\/intelligent-robots\/wp-json\/wp\/v2\/types\/page"}],"author":[{"embeddable":true,"href":"https:\/\/airtificial.com\/intelligent-robots\/wp-json\/wp\/v2\/users\/1"}],"replies":[{"embeddable":true,"href":"https:\/\/airtificial.com\/intelligent-robots\/wp-json\/wp\/v2\/comments?post=112"}],"version-history":[{"count":9,"href":"https:\/\/airtificial.com\/intelligent-robots\/wp-json\/wp\/v2\/pages\/112\/revisions"}],"predecessor-version":[{"id":1197,"href":"https:\/\/airtificial.com\/intelligent-robots\/wp-json\/wp\/v2\/pages\/112\/revisions\/1197"}],"up":[{"embeddable":true,"href":"https:\/\/airtificial.com\/intelligent-robots\/wp-json\/wp\/v2\/pages\/50"}],"wp:attachment":[{"href":"https:\/\/airtificial.com\/intelligent-robots\/wp-json\/wp\/v2\/media?parent=112"}],"curies":[{"name":"wp","href":"https:\/\/api.w.org\/{rel}","templated":true}]}}