{"id":116,"date":"2021-03-16T15:36:11","date_gmt":"2021-03-16T15:36:11","guid":{"rendered":"https:\/\/airtificial.com\/intelligent-robots\/?page_id=116"},"modified":"2022-06-21T08:09:10","modified_gmt":"2022-06-21T08:09:10","slug":"frenos","status":"publish","type":"page","link":"https:\/\/airtificial.com\/intelligent-robots\/aplicaciones-en-automocion\/frenos\/","title":{"rendered":"Frenos"},"content":{"rendered":"<p>Nuestra experiencia en este producto relacionado con la seguridad abarca desde l\u00edneas de montaje y verificaci\u00f3n para producci\u00f3n hasta equipos de prueba avanzados para laboratorios.<br \/>\n<!--more--><\/p>\n<h4>Los productos ensamblados y probados en nuestros equipos incluyen:<\/h4>\n<ul>\n<li style=\"text-align: left;\">Frenos de mordazas<\/li>\n<li style=\"text-align: left;\">Cilindros maestros<\/li>\n<li style=\"text-align: left;\">Freno de estacionamiento el\u00e9ctrico<\/li>\n<li>Actuadores para el accionamiento del frenado<\/li>\n<\/ul>\n","protected":false},"excerpt":{"rendered":"<p>Nuestra experiencia en este producto relacionado con la seguridad abarca desde l\u00edneas de montaje y verificaci\u00f3n para producci\u00f3n hasta equipos de prueba avanzados para laboratorios.<\/p>\n","protected":false},"author":1,"featured_media":0,"parent":50,"menu_order":22,"comment_status":"closed","ping_status":"closed","template":"t-intelligent-robots\/template-applications.php","meta":{"_acf_changed":false,"inline_featured_image":false,"footnotes":""},"class_list":["post-116","page","type-page","status-publish","hentry"],"acf":[],"yoast_head":"<!-- This site is optimized with the Yoast SEO plugin v27.4 - https:\/\/yoast.com\/product\/yoast-seo-wordpress\/ -->\n<title>Frenos - Intelligent Robots<\/title>\n<meta name=\"robots\" content=\"index, follow, max-snippet:-1, max-image-preview:large, max-video-preview:-1\" \/>\n<link rel=\"canonical\" href=\"https:\/\/airtificial.com\/intelligent-robots\/aplicaciones-en-automocion\/frenos\/\" \/>\n<meta property=\"og:locale\" content=\"es_ES\" \/>\n<meta property=\"og:type\" content=\"article\" \/>\n<meta property=\"og:title\" content=\"Frenos - Intelligent Robots\" \/>\n<meta property=\"og:description\" content=\"Nuestra experiencia en este producto relacionado con la seguridad abarca desde l\u00edneas de montaje y verificaci\u00f3n para producci\u00f3n hasta equipos de prueba avanzados para laboratorios.\" \/>\n<meta property=\"og:url\" content=\"https:\/\/airtificial.com\/intelligent-robots\/aplicaciones-en-automocion\/frenos\/\" \/>\n<meta property=\"og:site_name\" content=\"Intelligent Robots\" \/>\n<meta property=\"article:modified_time\" content=\"2022-06-21T08:09:10+00:00\" \/>\n<meta name=\"twitter:card\" content=\"summary_large_image\" \/>\n<meta name=\"twitter:label1\" content=\"Tiempo de lectura\" \/>\n\t<meta name=\"twitter:data1\" content=\"1 minuto\" \/>\n<!-- \/ Yoast SEO plugin. -->","yoast_head_json":{"title":"Frenos - Intelligent Robots","robots":{"index":"index","follow":"follow","max-snippet":"max-snippet:-1","max-image-preview":"max-image-preview:large","max-video-preview":"max-video-preview:-1"},"canonical":"https:\/\/airtificial.com\/intelligent-robots\/aplicaciones-en-automocion\/frenos\/","og_locale":"es_ES","og_type":"article","og_title":"Frenos - Intelligent Robots","og_description":"Nuestra experiencia en este producto relacionado con la seguridad abarca desde l\u00edneas de montaje y verificaci\u00f3n para producci\u00f3n hasta equipos de prueba avanzados para laboratorios.","og_url":"https:\/\/airtificial.com\/intelligent-robots\/aplicaciones-en-automocion\/frenos\/","og_site_name":"Intelligent Robots","article_modified_time":"2022-06-21T08:09:10+00:00","twitter_card":"summary_large_image","twitter_misc":{"Tiempo de lectura":"1 minuto"},"schema":{"@context":"https:\/\/schema.org","@graph":[{"@type":"WebPage","@id":"https:\/\/airtificial.com\/intelligent-robots\/aplicaciones-en-automocion\/frenos\/","url":"https:\/\/airtificial.com\/intelligent-robots\/aplicaciones-en-automocion\/frenos\/","name":"Frenos - Intelligent Robots","isPartOf":{"@id":"https:\/\/airtificial.com\/intelligent-robots\/#website"},"datePublished":"2021-03-16T15:36:11+00:00","dateModified":"2022-06-21T08:09:10+00:00","breadcrumb":{"@id":"https:\/\/airtificial.com\/intelligent-robots\/aplicaciones-en-automocion\/frenos\/#breadcrumb"},"inLanguage":"es","potentialAction":[{"@type":"ReadAction","target":["https:\/\/airtificial.com\/intelligent-robots\/aplicaciones-en-automocion\/frenos\/"]}]},{"@type":"BreadcrumbList","@id":"https:\/\/airtificial.com\/intelligent-robots\/aplicaciones-en-automocion\/frenos\/#breadcrumb","itemListElement":[{"@type":"ListItem","position":1,"name":"Portada","item":"https:\/\/airtificial.com\/intelligent-robots\/"},{"@type":"ListItem","position":2,"name":"Aplicaciones en automoci\u00f3n","item":"https:\/\/airtificial.com\/intelligent-robots\/aplicaciones-en-automocion\/"},{"@type":"ListItem","position":3,"name":"Frenos"}]},{"@type":"WebSite","@id":"https:\/\/airtificial.com\/intelligent-robots\/#website","url":"https:\/\/airtificial.com\/intelligent-robots\/","name":"Intelligent Robots","description":"Otro sitio m\u00e1s de Airtificial sitios","potentialAction":[{"@type":"SearchAction","target":{"@type":"EntryPoint","urlTemplate":"https:\/\/airtificial.com\/intelligent-robots\/?s={search_term_string}"},"query-input":{"@type":"PropertyValueSpecification","valueRequired":true,"valueName":"search_term_string"}}],"inLanguage":"es"}]}},"_links":{"self":[{"href":"https:\/\/airtificial.com\/intelligent-robots\/wp-json\/wp\/v2\/pages\/116","targetHints":{"allow":["GET"]}}],"collection":[{"href":"https:\/\/airtificial.com\/intelligent-robots\/wp-json\/wp\/v2\/pages"}],"about":[{"href":"https:\/\/airtificial.com\/intelligent-robots\/wp-json\/wp\/v2\/types\/page"}],"author":[{"embeddable":true,"href":"https:\/\/airtificial.com\/intelligent-robots\/wp-json\/wp\/v2\/users\/1"}],"replies":[{"embeddable":true,"href":"https:\/\/airtificial.com\/intelligent-robots\/wp-json\/wp\/v2\/comments?post=116"}],"version-history":[{"count":0,"href":"https:\/\/airtificial.com\/intelligent-robots\/wp-json\/wp\/v2\/pages\/116\/revisions"}],"up":[{"embeddable":true,"href":"https:\/\/airtificial.com\/intelligent-robots\/wp-json\/wp\/v2\/pages\/50"}],"wp:attachment":[{"href":"https:\/\/airtificial.com\/intelligent-robots\/wp-json\/wp\/v2\/media?parent=116"}],"curies":[{"name":"wp","href":"https:\/\/api.w.org\/{rel}","templated":true}]}}