{"id":144,"date":"2021-03-17T10:43:27","date_gmt":"2021-03-17T10:43:27","guid":{"rendered":"https:\/\/airtificial.com\/intelligent-robots\/?page_id=144"},"modified":"2021-07-21T11:25:57","modified_gmt":"2021-07-21T11:25:57","slug":"simulation-technologies","status":"publish","type":"page","link":"https:\/\/airtificial.com\/intelligent-robots\/innovacion-continua\/simulation-technologies\/","title":{"rendered":"Simulaciones VR\/AR"},"content":{"rendered":"<p>Las nuevas tecnolog\u00edas de digitalizaci\u00f3n permiten aplicar herramientas de revisi\u00f3n y validaci\u00f3n de conceptos en entornos virtuales con videoconferencias sin la necesidad de desplazamientos aumentando significativamente la eficiencia del proceso. Del mismo modo, la tecnolog\u00eda de realidad aumentada nos permite dar asistencia y soporte en diferentes fases del proyecto de una forma mucho m\u00e1s r\u00e1pida y eficiente. Otro aspecto relevante dentro de esta iniciativa de innovaci\u00f3n son las plataformas de simulaci\u00f3n que nos permiten validar procesos y estimar de forma mucho m\u00e1s racional aspectos relevantes del proceso a solucionar.<\/p>\n<p>La experiencia y aplicaci\u00f3n de todas estas herramientas a permitido a Airtificial Intelligent Robots superar las restricciones globales debidas al COVID19 cumpliendo con nuestros acuerdos con los clientes, excediendo as\u00ed todas sus expectativas.<\/p>\n","protected":false},"excerpt":{"rendered":"<p>Las nuevas tecnolog\u00edas de digitalizaci\u00f3n permiten aplicar herramientas de revisi\u00f3n y validaci\u00f3n de conceptos en entornos virtuales con videoconferencias sin la necesidad de desplazamientos aumentando significativamente la eficiencia del proceso. Del mismo modo, la tecnolog\u00eda de realidad aumentada nos permite dar asistencia y soporte en diferentes fases del proyecto de una forma mucho m\u00e1s r\u00e1pida [&hellip;]<\/p>\n","protected":false},"author":1,"featured_media":0,"parent":52,"menu_order":39,"comment_status":"closed","ping_status":"closed","template":"t-intelligent-robots\/template-innovation.php","meta":{"_acf_changed":false,"inline_featured_image":false,"footnotes":""},"class_list":["post-144","page","type-page","status-publish","hentry"],"acf":[],"yoast_head":"<!-- This site is optimized with the Yoast SEO plugin v27.4 - https:\/\/yoast.com\/product\/yoast-seo-wordpress\/ -->\n<title>Simulaciones VR\/AR - Intelligent Robots<\/title>\n<meta name=\"robots\" content=\"index, follow, max-snippet:-1, max-image-preview:large, max-video-preview:-1\" \/>\n<link rel=\"canonical\" href=\"https:\/\/airtificial.com\/intelligent-robots\/innovacion-continua\/simulation-technologies\/\" \/>\n<meta property=\"og:locale\" content=\"es_ES\" \/>\n<meta property=\"og:type\" content=\"article\" \/>\n<meta property=\"og:title\" content=\"Simulaciones VR\/AR - Intelligent Robots\" \/>\n<meta property=\"og:description\" content=\"Las nuevas tecnolog\u00edas de digitalizaci\u00f3n permiten aplicar herramientas de revisi\u00f3n y validaci\u00f3n de conceptos en entornos virtuales con videoconferencias sin la necesidad de desplazamientos aumentando significativamente la eficiencia del proceso. Del mismo modo, la tecnolog\u00eda de realidad aumentada nos permite dar asistencia y soporte en diferentes fases del proyecto de una forma mucho m\u00e1s r\u00e1pida [&hellip;]\" \/>\n<meta property=\"og:url\" content=\"https:\/\/airtificial.com\/intelligent-robots\/innovacion-continua\/simulation-technologies\/\" \/>\n<meta property=\"og:site_name\" content=\"Intelligent Robots\" \/>\n<meta property=\"article:modified_time\" content=\"2021-07-21T11:25:57+00:00\" \/>\n<meta name=\"twitter:card\" content=\"summary_large_image\" \/>\n<meta name=\"twitter:label1\" content=\"Tiempo de lectura\" \/>\n\t<meta name=\"twitter:data1\" content=\"1 minuto\" \/>\n<!-- \/ Yoast SEO plugin. -->","yoast_head_json":{"title":"Simulaciones VR\/AR - Intelligent Robots","robots":{"index":"index","follow":"follow","max-snippet":"max-snippet:-1","max-image-preview":"max-image-preview:large","max-video-preview":"max-video-preview:-1"},"canonical":"https:\/\/airtificial.com\/intelligent-robots\/innovacion-continua\/simulation-technologies\/","og_locale":"es_ES","og_type":"article","og_title":"Simulaciones VR\/AR - Intelligent Robots","og_description":"Las nuevas tecnolog\u00edas de digitalizaci\u00f3n permiten aplicar herramientas de revisi\u00f3n y validaci\u00f3n de conceptos en entornos virtuales con videoconferencias sin la necesidad de desplazamientos aumentando significativamente la eficiencia del proceso. Del mismo modo, la tecnolog\u00eda de realidad aumentada nos permite dar asistencia y soporte en diferentes fases del proyecto de una forma mucho m\u00e1s r\u00e1pida [&hellip;]","og_url":"https:\/\/airtificial.com\/intelligent-robots\/innovacion-continua\/simulation-technologies\/","og_site_name":"Intelligent Robots","article_modified_time":"2021-07-21T11:25:57+00:00","twitter_card":"summary_large_image","twitter_misc":{"Tiempo de lectura":"1 minuto"},"schema":{"@context":"https:\/\/schema.org","@graph":[{"@type":"WebPage","@id":"https:\/\/airtificial.com\/intelligent-robots\/innovacion-continua\/simulation-technologies\/","url":"https:\/\/airtificial.com\/intelligent-robots\/innovacion-continua\/simulation-technologies\/","name":"Simulaciones VR\/AR - Intelligent Robots","isPartOf":{"@id":"https:\/\/airtificial.com\/intelligent-robots\/#website"},"datePublished":"2021-03-17T10:43:27+00:00","dateModified":"2021-07-21T11:25:57+00:00","breadcrumb":{"@id":"https:\/\/airtificial.com\/intelligent-robots\/innovacion-continua\/simulation-technologies\/#breadcrumb"},"inLanguage":"es","potentialAction":[{"@type":"ReadAction","target":["https:\/\/airtificial.com\/intelligent-robots\/innovacion-continua\/simulation-technologies\/"]}]},{"@type":"BreadcrumbList","@id":"https:\/\/airtificial.com\/intelligent-robots\/innovacion-continua\/simulation-technologies\/#breadcrumb","itemListElement":[{"@type":"ListItem","position":1,"name":"Portada","item":"https:\/\/airtificial.com\/intelligent-robots\/"},{"@type":"ListItem","position":2,"name":"Innovaci\u00f3n Continua","item":"https:\/\/airtificial.com\/intelligent-robots\/innovacion-continua\/"},{"@type":"ListItem","position":3,"name":"Simulaciones VR\/AR"}]},{"@type":"WebSite","@id":"https:\/\/airtificial.com\/intelligent-robots\/#website","url":"https:\/\/airtificial.com\/intelligent-robots\/","name":"Intelligent Robots","description":"Otro sitio m\u00e1s de Airtificial sitios","potentialAction":[{"@type":"SearchAction","target":{"@type":"EntryPoint","urlTemplate":"https:\/\/airtificial.com\/intelligent-robots\/?s={search_term_string}"},"query-input":{"@type":"PropertyValueSpecification","valueRequired":true,"valueName":"search_term_string"}}],"inLanguage":"es"}]}},"_links":{"self":[{"href":"https:\/\/airtificial.com\/intelligent-robots\/wp-json\/wp\/v2\/pages\/144","targetHints":{"allow":["GET"]}}],"collection":[{"href":"https:\/\/airtificial.com\/intelligent-robots\/wp-json\/wp\/v2\/pages"}],"about":[{"href":"https:\/\/airtificial.com\/intelligent-robots\/wp-json\/wp\/v2\/types\/page"}],"author":[{"embeddable":true,"href":"https:\/\/airtificial.com\/intelligent-robots\/wp-json\/wp\/v2\/users\/1"}],"replies":[{"embeddable":true,"href":"https:\/\/airtificial.com\/intelligent-robots\/wp-json\/wp\/v2\/comments?post=144"}],"version-history":[{"count":6,"href":"https:\/\/airtificial.com\/intelligent-robots\/wp-json\/wp\/v2\/pages\/144\/revisions"}],"predecessor-version":[{"id":828,"href":"https:\/\/airtificial.com\/intelligent-robots\/wp-json\/wp\/v2\/pages\/144\/revisions\/828"}],"up":[{"embeddable":true,"href":"https:\/\/airtificial.com\/intelligent-robots\/wp-json\/wp\/v2\/pages\/52"}],"wp:attachment":[{"href":"https:\/\/airtificial.com\/intelligent-robots\/wp-json\/wp\/v2\/media?parent=144"}],"curies":[{"name":"wp","href":"https:\/\/api.w.org\/{rel}","templated":true}]}}