{"id":146,"date":"2021-03-17T10:43:55","date_gmt":"2021-03-17T10:43:55","guid":{"rendered":"https:\/\/airtificial.com\/intelligent-robots\/?page_id=146"},"modified":"2021-07-12T14:33:45","modified_gmt":"2021-07-12T14:33:45","slug":"main-innovation-catalysts","status":"publish","type":"page","link":"https:\/\/airtificial.com\/intelligent-robots\/innovacion-continua\/main-innovation-catalysts\/","title":{"rendered":"Catalizadores Principales de la Innovaci\u00f3n"},"content":{"rendered":"<p>En este pilar de innovaci\u00f3n entendemos que no hay mejor dinamizador para la innovaci\u00f3n que nuestra iniciativa Partnership con los clientes adem\u00e1s de utilizar el proyecto piloto para el desarrollo de las soluciones con mayor velocidad (factor cr\u00edtico en los proyectos actuales). El programa de colaboraci\u00f3n para encontrar soluciones complejas, juntamente con el cliente, proporciona un valor muy elevado para ambos, permitiendo afrontar as\u00ed retos estrat\u00e9gicos con garant\u00edas de \u00e9xito. Adem\u00e1s, la metodolog\u00eda Lean 6 sigma, impregnada en los procesos de ejecuci\u00f3n, nos proporciona robustez las soluciones obteniendo resultados s\u00f3lidos.<\/p>\n","protected":false},"excerpt":{"rendered":"<p>En este pilar de innovaci\u00f3n entendemos que no hay mejor dinamizador para la innovaci\u00f3n que nuestra iniciativa Partnership con los clientes adem\u00e1s de utilizar el proyecto piloto para el desarrollo de las soluciones con mayor velocidad (factor cr\u00edtico en los proyectos actuales). El programa de colaboraci\u00f3n para encontrar soluciones complejas, juntamente con el cliente, proporciona [&hellip;]<\/p>\n","protected":false},"author":1,"featured_media":0,"parent":52,"menu_order":37,"comment_status":"closed","ping_status":"closed","template":"","meta":{"_acf_changed":false,"inline_featured_image":false,"footnotes":""},"class_list":["post-146","page","type-page","status-publish","hentry"],"acf":[],"yoast_head":"<!-- This site is optimized with the Yoast SEO plugin v27.3 - https:\/\/yoast.com\/product\/yoast-seo-wordpress\/ -->\n<title>Catalizadores Principales de la Innovaci\u00f3n - Intelligent Robots<\/title>\n<meta name=\"robots\" content=\"index, follow, max-snippet:-1, max-image-preview:large, max-video-preview:-1\" \/>\n<link rel=\"canonical\" href=\"https:\/\/airtificial.com\/intelligent-robots\/innovacion-continua\/main-innovation-catalysts\/\" \/>\n<meta property=\"og:locale\" content=\"es_ES\" \/>\n<meta property=\"og:type\" content=\"article\" \/>\n<meta property=\"og:title\" content=\"Catalizadores Principales de la Innovaci\u00f3n - Intelligent Robots\" \/>\n<meta property=\"og:description\" content=\"En este pilar de innovaci\u00f3n entendemos que no hay mejor dinamizador para la innovaci\u00f3n que nuestra iniciativa Partnership con los clientes adem\u00e1s de utilizar el proyecto piloto para el desarrollo de las soluciones con mayor velocidad (factor cr\u00edtico en los proyectos actuales). El programa de colaboraci\u00f3n para encontrar soluciones complejas, juntamente con el cliente, proporciona [&hellip;]\" \/>\n<meta property=\"og:url\" content=\"https:\/\/airtificial.com\/intelligent-robots\/innovacion-continua\/main-innovation-catalysts\/\" \/>\n<meta property=\"og:site_name\" content=\"Intelligent Robots\" \/>\n<meta property=\"article:modified_time\" content=\"2021-07-12T14:33:45+00:00\" \/>\n<meta name=\"twitter:card\" content=\"summary_large_image\" \/>\n<meta name=\"twitter:label1\" content=\"Tiempo de lectura\" \/>\n\t<meta name=\"twitter:data1\" content=\"1 minuto\" \/>\n<!-- \/ Yoast SEO plugin. -->","yoast_head_json":{"title":"Catalizadores Principales de la Innovaci\u00f3n - Intelligent Robots","robots":{"index":"index","follow":"follow","max-snippet":"max-snippet:-1","max-image-preview":"max-image-preview:large","max-video-preview":"max-video-preview:-1"},"canonical":"https:\/\/airtificial.com\/intelligent-robots\/innovacion-continua\/main-innovation-catalysts\/","og_locale":"es_ES","og_type":"article","og_title":"Catalizadores Principales de la Innovaci\u00f3n - Intelligent Robots","og_description":"En este pilar de innovaci\u00f3n entendemos que no hay mejor dinamizador para la innovaci\u00f3n que nuestra iniciativa Partnership con los clientes adem\u00e1s de utilizar el proyecto piloto para el desarrollo de las soluciones con mayor velocidad (factor cr\u00edtico en los proyectos actuales). El programa de colaboraci\u00f3n para encontrar soluciones complejas, juntamente con el cliente, proporciona [&hellip;]","og_url":"https:\/\/airtificial.com\/intelligent-robots\/innovacion-continua\/main-innovation-catalysts\/","og_site_name":"Intelligent Robots","article_modified_time":"2021-07-12T14:33:45+00:00","twitter_card":"summary_large_image","twitter_misc":{"Tiempo de lectura":"1 minuto"},"schema":{"@context":"https:\/\/schema.org","@graph":[{"@type":"WebPage","@id":"https:\/\/airtificial.com\/intelligent-robots\/innovacion-continua\/main-innovation-catalysts\/","url":"https:\/\/airtificial.com\/intelligent-robots\/innovacion-continua\/main-innovation-catalysts\/","name":"Catalizadores Principales de la Innovaci\u00f3n - Intelligent Robots","isPartOf":{"@id":"https:\/\/airtificial.com\/intelligent-robots\/#website"},"datePublished":"2021-03-17T10:43:55+00:00","dateModified":"2021-07-12T14:33:45+00:00","breadcrumb":{"@id":"https:\/\/airtificial.com\/intelligent-robots\/innovacion-continua\/main-innovation-catalysts\/#breadcrumb"},"inLanguage":"es","potentialAction":[{"@type":"ReadAction","target":["https:\/\/airtificial.com\/intelligent-robots\/innovacion-continua\/main-innovation-catalysts\/"]}]},{"@type":"BreadcrumbList","@id":"https:\/\/airtificial.com\/intelligent-robots\/innovacion-continua\/main-innovation-catalysts\/#breadcrumb","itemListElement":[{"@type":"ListItem","position":1,"name":"Portada","item":"https:\/\/airtificial.com\/intelligent-robots\/"},{"@type":"ListItem","position":2,"name":"Innovaci\u00f3n Continua","item":"https:\/\/airtificial.com\/intelligent-robots\/innovacion-continua\/"},{"@type":"ListItem","position":3,"name":"Catalizadores Principales de la Innovaci\u00f3n"}]},{"@type":"WebSite","@id":"https:\/\/airtificial.com\/intelligent-robots\/#website","url":"https:\/\/airtificial.com\/intelligent-robots\/","name":"Intelligent Robots","description":"Otro sitio m\u00e1s de Airtificial sitios","potentialAction":[{"@type":"SearchAction","target":{"@type":"EntryPoint","urlTemplate":"https:\/\/airtificial.com\/intelligent-robots\/?s={search_term_string}"},"query-input":{"@type":"PropertyValueSpecification","valueRequired":true,"valueName":"search_term_string"}}],"inLanguage":"es"}]}},"_links":{"self":[{"href":"https:\/\/airtificial.com\/intelligent-robots\/wp-json\/wp\/v2\/pages\/146","targetHints":{"allow":["GET"]}}],"collection":[{"href":"https:\/\/airtificial.com\/intelligent-robots\/wp-json\/wp\/v2\/pages"}],"about":[{"href":"https:\/\/airtificial.com\/intelligent-robots\/wp-json\/wp\/v2\/types\/page"}],"author":[{"embeddable":true,"href":"https:\/\/airtificial.com\/intelligent-robots\/wp-json\/wp\/v2\/users\/1"}],"replies":[{"embeddable":true,"href":"https:\/\/airtificial.com\/intelligent-robots\/wp-json\/wp\/v2\/comments?post=146"}],"version-history":[{"count":5,"href":"https:\/\/airtificial.com\/intelligent-robots\/wp-json\/wp\/v2\/pages\/146\/revisions"}],"predecessor-version":[{"id":1059,"href":"https:\/\/airtificial.com\/intelligent-robots\/wp-json\/wp\/v2\/pages\/146\/revisions\/1059"}],"up":[{"embeddable":true,"href":"https:\/\/airtificial.com\/intelligent-robots\/wp-json\/wp\/v2\/pages\/52"}],"wp:attachment":[{"href":"https:\/\/airtificial.com\/intelligent-robots\/wp-json\/wp\/v2\/media?parent=146"}],"curies":[{"name":"wp","href":"https:\/\/api.w.org\/{rel}","templated":true}]}}