{"id":2,"date":"2021-01-29T10:44:07","date_gmt":"2021-01-29T10:44:07","guid":{"rendered":"https:\/\/airtificial.com\/intelligent-robots\/?page_id=2"},"modified":"2025-11-18T14:08:13","modified_gmt":"2025-11-18T14:08:13","slug":"pagina-ejemplo","status":"publish","type":"page","link":"https:\/\/airtificial.com\/intelligent-robots\/","title":{"rendered":"Inicio"},"content":{"rendered":"<h3><strong>Airtificial Intelligent Robots<\/strong> es una empresa de ingenier\u00eda que centra su actividad en el dise\u00f1o y fabricaci\u00f3n de soluciones innovadoras de equipos de <strong>verificaci\u00f3n y l\u00edneas de montaje para los principales fabricantes de componentes de automoci\u00f3n<\/strong> y otros sectores industriales, integrando tecnolog\u00edas avanzadas de rob\u00f3tica, visi\u00f3n y tecnolog\u00eda IA entre otras.<\/h3>\n","protected":false},"excerpt":{"rendered":"<p>Airtificial Intelligent Robots es una empresa de ingenier\u00eda que centra su actividad en el dise\u00f1o y fabricaci\u00f3n de soluciones innovadoras de equipos de verificaci\u00f3n y l\u00edneas de montaje para los principales fabricantes de componentes de automoci\u00f3n y otros sectores industriales, integrando tecnolog\u00edas avanzadas de rob\u00f3tica, visi\u00f3n y tecnolog\u00eda IA entre otras.<\/p>\n","protected":false},"author":1,"featured_media":0,"parent":0,"menu_order":3,"comment_status":"closed","ping_status":"closed","template":"","meta":{"_acf_changed":false,"inline_featured_image":false,"footnotes":""},"class_list":["post-2","page","type-page","status-publish","hentry"],"acf":[],"yoast_head":"<!-- This site is optimized with the Yoast SEO plugin v27.4 - https:\/\/yoast.com\/product\/yoast-seo-wordpress\/ -->\n<title>Airtificial Intelligent Robots | Innovaci\u00f3n y Tecnolog\u00eda, nuestros impulsores<\/title>\n<meta name=\"description\" content=\"Airtificial Intelligent Robots, empresa de ingenier\u00eda especializada en el dise\u00f1o y fabricaci\u00f3n de equipos de verificaci\u00f3n y l\u00edneas de montaje\" \/>\n<meta name=\"robots\" content=\"index, follow, max-snippet:-1, max-image-preview:large, max-video-preview:-1\" \/>\n<link rel=\"canonical\" href=\"https:\/\/airtificial.com\/intelligent-robots\/\" \/>\n<meta property=\"og:locale\" content=\"es_ES\" \/>\n<meta property=\"og:type\" content=\"article\" \/>\n<meta property=\"og:title\" content=\"Airtificial Intelligent Robots | Innovaci\u00f3n y Tecnolog\u00eda, nuestros impulsores\" \/>\n<meta property=\"og:description\" content=\"Airtificial Intelligent Robots, empresa de ingenier\u00eda especializada en el dise\u00f1o y fabricaci\u00f3n de equipos de verificaci\u00f3n y l\u00edneas de montaje\" \/>\n<meta property=\"og:url\" content=\"https:\/\/airtificial.com\/intelligent-robots\/\" \/>\n<meta property=\"og:site_name\" content=\"Intelligent Robots\" \/>\n<meta property=\"article:modified_time\" content=\"2025-11-18T14:08:13+00:00\" \/>\n<meta name=\"twitter:card\" content=\"summary_large_image\" \/>\n<meta name=\"twitter:label1\" content=\"Tiempo de lectura\" \/>\n\t<meta name=\"twitter:data1\" content=\"1 minuto\" \/>\n<!-- \/ Yoast SEO plugin. -->","yoast_head_json":{"title":"Airtificial Intelligent Robots | Innovaci\u00f3n y Tecnolog\u00eda, nuestros impulsores","description":"Airtificial Intelligent Robots, empresa de ingenier\u00eda especializada en el dise\u00f1o y fabricaci\u00f3n de equipos de verificaci\u00f3n y l\u00edneas de montaje","robots":{"index":"index","follow":"follow","max-snippet":"max-snippet:-1","max-image-preview":"max-image-preview:large","max-video-preview":"max-video-preview:-1"},"canonical":"https:\/\/airtificial.com\/intelligent-robots\/","og_locale":"es_ES","og_type":"article","og_title":"Airtificial Intelligent Robots | Innovaci\u00f3n y Tecnolog\u00eda, nuestros impulsores","og_description":"Airtificial Intelligent Robots, empresa de ingenier\u00eda especializada en el dise\u00f1o y fabricaci\u00f3n de equipos de verificaci\u00f3n y l\u00edneas de montaje","og_url":"https:\/\/airtificial.com\/intelligent-robots\/","og_site_name":"Intelligent Robots","article_modified_time":"2025-11-18T14:08:13+00:00","twitter_card":"summary_large_image","twitter_misc":{"Tiempo de lectura":"1 minuto"},"schema":{"@context":"https:\/\/schema.org","@graph":[{"@type":"WebPage","@id":"https:\/\/airtificial.com\/intelligent-robots\/","url":"https:\/\/airtificial.com\/intelligent-robots\/","name":"Airtificial Intelligent Robots | Innovaci\u00f3n y Tecnolog\u00eda, nuestros impulsores","isPartOf":{"@id":"https:\/\/airtificial.com\/intelligent-robots\/#website"},"datePublished":"2021-01-29T10:44:07+00:00","dateModified":"2025-11-18T14:08:13+00:00","description":"Airtificial Intelligent Robots, empresa de ingenier\u00eda especializada en el dise\u00f1o y fabricaci\u00f3n de equipos de verificaci\u00f3n y l\u00edneas de montaje","breadcrumb":{"@id":"https:\/\/airtificial.com\/intelligent-robots\/#breadcrumb"},"inLanguage":"es","potentialAction":[{"@type":"ReadAction","target":["https:\/\/airtificial.com\/intelligent-robots\/"]}]},{"@type":"BreadcrumbList","@id":"https:\/\/airtificial.com\/intelligent-robots\/#breadcrumb","itemListElement":[{"@type":"ListItem","position":1,"name":"Portada","item":"https:\/\/airtificial.com\/intelligent-robots\/"},{"@type":"ListItem","position":2,"name":"Inicio"}]},{"@type":"WebSite","@id":"https:\/\/airtificial.com\/intelligent-robots\/#website","url":"https:\/\/airtificial.com\/intelligent-robots\/","name":"Intelligent Robots","description":"Otro sitio m\u00e1s de Airtificial sitios","potentialAction":[{"@type":"SearchAction","target":{"@type":"EntryPoint","urlTemplate":"https:\/\/airtificial.com\/intelligent-robots\/?s={search_term_string}"},"query-input":{"@type":"PropertyValueSpecification","valueRequired":true,"valueName":"search_term_string"}}],"inLanguage":"es"}]}},"_links":{"self":[{"href":"https:\/\/airtificial.com\/intelligent-robots\/wp-json\/wp\/v2\/pages\/2","targetHints":{"allow":["GET"]}}],"collection":[{"href":"https:\/\/airtificial.com\/intelligent-robots\/wp-json\/wp\/v2\/pages"}],"about":[{"href":"https:\/\/airtificial.com\/intelligent-robots\/wp-json\/wp\/v2\/types\/page"}],"author":[{"embeddable":true,"href":"https:\/\/airtificial.com\/intelligent-robots\/wp-json\/wp\/v2\/users\/1"}],"replies":[{"embeddable":true,"href":"https:\/\/airtificial.com\/intelligent-robots\/wp-json\/wp\/v2\/comments?post=2"}],"version-history":[{"count":55,"href":"https:\/\/airtificial.com\/intelligent-robots\/wp-json\/wp\/v2\/pages\/2\/revisions"}],"predecessor-version":[{"id":8901,"href":"https:\/\/airtificial.com\/intelligent-robots\/wp-json\/wp\/v2\/pages\/2\/revisions\/8901"}],"wp:attachment":[{"href":"https:\/\/airtificial.com\/intelligent-robots\/wp-json\/wp\/v2\/media?parent=2"}],"curies":[{"name":"wp","href":"https:\/\/api.w.org\/{rel}","templated":true}]}}