{"id":50,"date":"2021-03-08T10:52:55","date_gmt":"2021-03-08T10:52:55","guid":{"rendered":"https:\/\/airtificial.com\/intelligent-robots\/?page_id=50"},"modified":"2021-07-05T12:38:25","modified_gmt":"2021-07-05T12:38:25","slug":"aplicaciones-en-automocion","status":"publish","type":"page","link":"https:\/\/airtificial.com\/intelligent-robots\/aplicaciones-en-automocion\/","title":{"rendered":"Aplicaciones en automoci\u00f3n"},"content":{"rendered":"<p>Airtificial Intelligent Robots tiene una amplia experiencia en el dise\u00f1o y suministro de equipos para el montaje y test de componentes en la industria automotriz. Los sistemas desarrollados abarcan desde l\u00edneas completas de ensamblaje y verificaci\u00f3n hasta bancos de laboratorio para pruebas de durabilidad, desarrollo o caracterizaci\u00f3n de producto.<!--more--><br \/>\nLa experiencia de Airtificial Intelligent Robots en sistemas activos (mecatr\u00f3nica) integra tecnolog\u00edas de comunicaci\u00f3n del veh\u00edculo (CAN, LIN, FlexRay, etc.) con tecnolog\u00edas de equipos de ensamblaje y prueba (sistemas de medici\u00f3n y control). Componentes para automoci\u00f3n que incluyen sistemas de direcci\u00f3n (direcci\u00f3n asistida el\u00e9ctrica EPS, hidr\u00e1ulica y mec\u00e1nica), m\u00f3dulos de puertas, amortiguadores, asientos, frenos, radiadores y sistemas de seguridad para ocupantes.<\/p>\n","protected":false},"excerpt":{"rendered":"<p>Airtificial Intelligent Robots tiene una amplia experiencia en el dise\u00f1o y suministro de equipos para el montaje y test de componentes en la industria automotriz. Los sistemas desarrollados abarcan desde l\u00edneas completas de ensamblaje y verificaci\u00f3n hasta bancos de laboratorio para pruebas de durabilidad, desarrollo o caracterizaci\u00f3n de producto.<\/p>\n","protected":false},"author":1,"featured_media":0,"parent":0,"menu_order":16,"comment_status":"closed","ping_status":"closed","template":"t-intelligent-robots\/template-applications.php","meta":{"_acf_changed":false,"inline_featured_image":false,"footnotes":""},"class_list":["post-50","page","type-page","status-publish","hentry"],"acf":[],"yoast_head":"<!-- This site is optimized with the Yoast SEO plugin v27.3 - https:\/\/yoast.com\/product\/yoast-seo-wordpress\/ -->\n<title>Aplicaciones en automoci\u00f3n - Intelligent Robots<\/title>\n<meta name=\"robots\" content=\"index, follow, max-snippet:-1, max-image-preview:large, max-video-preview:-1\" \/>\n<link rel=\"canonical\" href=\"https:\/\/airtificial.com\/intelligent-robots\/aplicaciones-en-automocion\/\" \/>\n<meta property=\"og:locale\" content=\"es_ES\" \/>\n<meta property=\"og:type\" content=\"article\" \/>\n<meta property=\"og:title\" content=\"Aplicaciones en automoci\u00f3n - Intelligent Robots\" \/>\n<meta property=\"og:description\" content=\"Airtificial Intelligent Robots tiene una amplia experiencia en el dise\u00f1o y suministro de equipos para el montaje y test de componentes en la industria automotriz. Los sistemas desarrollados abarcan desde l\u00edneas completas de ensamblaje y verificaci\u00f3n hasta bancos de laboratorio para pruebas de durabilidad, desarrollo o caracterizaci\u00f3n de producto.\" \/>\n<meta property=\"og:url\" content=\"https:\/\/airtificial.com\/intelligent-robots\/aplicaciones-en-automocion\/\" \/>\n<meta property=\"og:site_name\" content=\"Intelligent Robots\" \/>\n<meta property=\"article:modified_time\" content=\"2021-07-05T12:38:25+00:00\" \/>\n<meta name=\"twitter:card\" content=\"summary_large_image\" \/>\n<meta name=\"twitter:label1\" content=\"Tiempo de lectura\" \/>\n\t<meta name=\"twitter:data1\" content=\"1 minuto\" \/>\n<!-- \/ Yoast SEO plugin. -->","yoast_head_json":{"title":"Aplicaciones en automoci\u00f3n - Intelligent Robots","robots":{"index":"index","follow":"follow","max-snippet":"max-snippet:-1","max-image-preview":"max-image-preview:large","max-video-preview":"max-video-preview:-1"},"canonical":"https:\/\/airtificial.com\/intelligent-robots\/aplicaciones-en-automocion\/","og_locale":"es_ES","og_type":"article","og_title":"Aplicaciones en automoci\u00f3n - Intelligent Robots","og_description":"Airtificial Intelligent Robots tiene una amplia experiencia en el dise\u00f1o y suministro de equipos para el montaje y test de componentes en la industria automotriz. Los sistemas desarrollados abarcan desde l\u00edneas completas de ensamblaje y verificaci\u00f3n hasta bancos de laboratorio para pruebas de durabilidad, desarrollo o caracterizaci\u00f3n de producto.","og_url":"https:\/\/airtificial.com\/intelligent-robots\/aplicaciones-en-automocion\/","og_site_name":"Intelligent Robots","article_modified_time":"2021-07-05T12:38:25+00:00","twitter_card":"summary_large_image","twitter_misc":{"Tiempo de lectura":"1 minuto"},"schema":{"@context":"https:\/\/schema.org","@graph":[{"@type":"WebPage","@id":"https:\/\/airtificial.com\/intelligent-robots\/aplicaciones-en-automocion\/","url":"https:\/\/airtificial.com\/intelligent-robots\/aplicaciones-en-automocion\/","name":"Aplicaciones en automoci\u00f3n - Intelligent Robots","isPartOf":{"@id":"https:\/\/airtificial.com\/intelligent-robots\/#website"},"datePublished":"2021-03-08T10:52:55+00:00","dateModified":"2021-07-05T12:38:25+00:00","breadcrumb":{"@id":"https:\/\/airtificial.com\/intelligent-robots\/aplicaciones-en-automocion\/#breadcrumb"},"inLanguage":"es","potentialAction":[{"@type":"ReadAction","target":["https:\/\/airtificial.com\/intelligent-robots\/aplicaciones-en-automocion\/"]}]},{"@type":"BreadcrumbList","@id":"https:\/\/airtificial.com\/intelligent-robots\/aplicaciones-en-automocion\/#breadcrumb","itemListElement":[{"@type":"ListItem","position":1,"name":"Portada","item":"https:\/\/airtificial.com\/intelligent-robots\/"},{"@type":"ListItem","position":2,"name":"Aplicaciones en automoci\u00f3n"}]},{"@type":"WebSite","@id":"https:\/\/airtificial.com\/intelligent-robots\/#website","url":"https:\/\/airtificial.com\/intelligent-robots\/","name":"Intelligent Robots","description":"Otro sitio m\u00e1s de Airtificial sitios","potentialAction":[{"@type":"SearchAction","target":{"@type":"EntryPoint","urlTemplate":"https:\/\/airtificial.com\/intelligent-robots\/?s={search_term_string}"},"query-input":{"@type":"PropertyValueSpecification","valueRequired":true,"valueName":"search_term_string"}}],"inLanguage":"es"}]}},"_links":{"self":[{"href":"https:\/\/airtificial.com\/intelligent-robots\/wp-json\/wp\/v2\/pages\/50","targetHints":{"allow":["GET"]}}],"collection":[{"href":"https:\/\/airtificial.com\/intelligent-robots\/wp-json\/wp\/v2\/pages"}],"about":[{"href":"https:\/\/airtificial.com\/intelligent-robots\/wp-json\/wp\/v2\/types\/page"}],"author":[{"embeddable":true,"href":"https:\/\/airtificial.com\/intelligent-robots\/wp-json\/wp\/v2\/users\/1"}],"replies":[{"embeddable":true,"href":"https:\/\/airtificial.com\/intelligent-robots\/wp-json\/wp\/v2\/comments?post=50"}],"version-history":[{"count":3,"href":"https:\/\/airtificial.com\/intelligent-robots\/wp-json\/wp\/v2\/pages\/50\/revisions"}],"predecessor-version":[{"id":457,"href":"https:\/\/airtificial.com\/intelligent-robots\/wp-json\/wp\/v2\/pages\/50\/revisions\/457"}],"wp:attachment":[{"href":"https:\/\/airtificial.com\/intelligent-robots\/wp-json\/wp\/v2\/media?parent=50"}],"curies":[{"name":"wp","href":"https:\/\/api.w.org\/{rel}","templated":true}]}}