{"id":52,"date":"2021-03-08T10:53:09","date_gmt":"2021-03-08T10:53:09","guid":{"rendered":"https:\/\/airtificial.com\/intelligent-robots\/?page_id=52"},"modified":"2022-08-11T07:20:28","modified_gmt":"2022-08-11T07:20:28","slug":"innovacion-continua","status":"publish","type":"page","link":"https:\/\/airtificial.com\/intelligent-robots\/innovacion-continua\/","title":{"rendered":"Innovaci\u00f3n Continua"},"content":{"rendered":"<p>La innovaci\u00f3n constante es una de las estrategias clave para la empresa ya que nos permite adaptarnos a la constante evoluci\u00f3n del mercado de forma pionera. Innovaci\u00f3n operativa y de producto para suministrar soluciones y tecnolog\u00edas de servicio de alto nivel a los clientes.<\/p>\n<p><!--more--><\/p>\n<div class=\"et_pb_module et_pb_text et_pb_text_9 et_pb_text_align_left et_pb_bg_layout_light\">\n<div class=\"et_pb_text_inner\">\n<p>Airtificial Intelligent Robots somos una empresa comprometida en la aportaci\u00f3n de valor para el cliente en todas las etapas de nuestros proyectos adem\u00e1s de ofrecer la cultura de mejora continua.<\/p>\n<p>Por este motivo, tenemos un foco importante en las colaboraciones con clientes, proveedores y colaboradores, para el desarrollo de soluciones aplicando las \u00faltimas tecnolog\u00edas, adem\u00e1s de tener implementados procesos de mejora lean 6 sigma en todas las fases de la gesti\u00f3n de proyectos.<\/p>\n<\/div>\n<\/div>\n","protected":false},"excerpt":{"rendered":"<p>La innovaci\u00f3n constante es una de las estrategias clave para la empresa ya que nos permite adaptarnos a la constante evoluci\u00f3n del mercado de forma pionera. Innovaci\u00f3n operativa y de producto para suministrar soluciones y tecnolog\u00edas de servicio de alto nivel a los clientes.<\/p>\n","protected":false},"author":1,"featured_media":0,"parent":0,"menu_order":30,"comment_status":"closed","ping_status":"closed","template":"t-intelligent-robots\/template-innovation.php","meta":{"_acf_changed":false,"inline_featured_image":false,"footnotes":""},"class_list":["post-52","page","type-page","status-publish","hentry"],"acf":[],"yoast_head":"<!-- This site is optimized with the Yoast SEO plugin v27.3 - https:\/\/yoast.com\/product\/yoast-seo-wordpress\/ -->\n<title>Innovaci\u00f3n Continua - Intelligent Robots<\/title>\n<meta name=\"robots\" content=\"index, follow, max-snippet:-1, max-image-preview:large, max-video-preview:-1\" \/>\n<link rel=\"canonical\" href=\"https:\/\/airtificial.com\/intelligent-robots\/innovacion-continua\/\" \/>\n<meta property=\"og:locale\" content=\"es_ES\" \/>\n<meta property=\"og:type\" content=\"article\" \/>\n<meta property=\"og:title\" content=\"Innovaci\u00f3n Continua - Intelligent Robots\" \/>\n<meta property=\"og:description\" content=\"La innovaci\u00f3n constante es una de las estrategias clave para la empresa ya que nos permite adaptarnos a la constante evoluci\u00f3n del mercado de forma pionera. Innovaci\u00f3n operativa y de producto para suministrar soluciones y tecnolog\u00edas de servicio de alto nivel a los clientes.\" \/>\n<meta property=\"og:url\" content=\"https:\/\/airtificial.com\/intelligent-robots\/innovacion-continua\/\" \/>\n<meta property=\"og:site_name\" content=\"Intelligent Robots\" \/>\n<meta property=\"article:modified_time\" content=\"2022-08-11T07:20:28+00:00\" \/>\n<meta name=\"twitter:card\" content=\"summary_large_image\" \/>\n<meta name=\"twitter:label1\" content=\"Tiempo de lectura\" \/>\n\t<meta name=\"twitter:data1\" content=\"1 minuto\" \/>\n<!-- \/ Yoast SEO plugin. -->","yoast_head_json":{"title":"Innovaci\u00f3n Continua - Intelligent Robots","robots":{"index":"index","follow":"follow","max-snippet":"max-snippet:-1","max-image-preview":"max-image-preview:large","max-video-preview":"max-video-preview:-1"},"canonical":"https:\/\/airtificial.com\/intelligent-robots\/innovacion-continua\/","og_locale":"es_ES","og_type":"article","og_title":"Innovaci\u00f3n Continua - Intelligent Robots","og_description":"La innovaci\u00f3n constante es una de las estrategias clave para la empresa ya que nos permite adaptarnos a la constante evoluci\u00f3n del mercado de forma pionera. Innovaci\u00f3n operativa y de producto para suministrar soluciones y tecnolog\u00edas de servicio de alto nivel a los clientes.","og_url":"https:\/\/airtificial.com\/intelligent-robots\/innovacion-continua\/","og_site_name":"Intelligent Robots","article_modified_time":"2022-08-11T07:20:28+00:00","twitter_card":"summary_large_image","twitter_misc":{"Tiempo de lectura":"1 minuto"},"schema":{"@context":"https:\/\/schema.org","@graph":[{"@type":"WebPage","@id":"https:\/\/airtificial.com\/intelligent-robots\/innovacion-continua\/","url":"https:\/\/airtificial.com\/intelligent-robots\/innovacion-continua\/","name":"Innovaci\u00f3n Continua - Intelligent Robots","isPartOf":{"@id":"https:\/\/airtificial.com\/intelligent-robots\/#website"},"datePublished":"2021-03-08T10:53:09+00:00","dateModified":"2022-08-11T07:20:28+00:00","breadcrumb":{"@id":"https:\/\/airtificial.com\/intelligent-robots\/innovacion-continua\/#breadcrumb"},"inLanguage":"es","potentialAction":[{"@type":"ReadAction","target":["https:\/\/airtificial.com\/intelligent-robots\/innovacion-continua\/"]}]},{"@type":"BreadcrumbList","@id":"https:\/\/airtificial.com\/intelligent-robots\/innovacion-continua\/#breadcrumb","itemListElement":[{"@type":"ListItem","position":1,"name":"Portada","item":"https:\/\/airtificial.com\/intelligent-robots\/"},{"@type":"ListItem","position":2,"name":"Innovaci\u00f3n Continua"}]},{"@type":"WebSite","@id":"https:\/\/airtificial.com\/intelligent-robots\/#website","url":"https:\/\/airtificial.com\/intelligent-robots\/","name":"Intelligent Robots","description":"Otro sitio m\u00e1s de Airtificial sitios","potentialAction":[{"@type":"SearchAction","target":{"@type":"EntryPoint","urlTemplate":"https:\/\/airtificial.com\/intelligent-robots\/?s={search_term_string}"},"query-input":{"@type":"PropertyValueSpecification","valueRequired":true,"valueName":"search_term_string"}}],"inLanguage":"es"}]}},"_links":{"self":[{"href":"https:\/\/airtificial.com\/intelligent-robots\/wp-json\/wp\/v2\/pages\/52","targetHints":{"allow":["GET"]}}],"collection":[{"href":"https:\/\/airtificial.com\/intelligent-robots\/wp-json\/wp\/v2\/pages"}],"about":[{"href":"https:\/\/airtificial.com\/intelligent-robots\/wp-json\/wp\/v2\/types\/page"}],"author":[{"embeddable":true,"href":"https:\/\/airtificial.com\/intelligent-robots\/wp-json\/wp\/v2\/users\/1"}],"replies":[{"embeddable":true,"href":"https:\/\/airtificial.com\/intelligent-robots\/wp-json\/wp\/v2\/comments?post=52"}],"version-history":[{"count":3,"href":"https:\/\/airtificial.com\/intelligent-robots\/wp-json\/wp\/v2\/pages\/52\/revisions"}],"predecessor-version":[{"id":1260,"href":"https:\/\/airtificial.com\/intelligent-robots\/wp-json\/wp\/v2\/pages\/52\/revisions\/1260"}],"wp:attachment":[{"href":"https:\/\/airtificial.com\/intelligent-robots\/wp-json\/wp\/v2\/media?parent=52"}],"curies":[{"name":"wp","href":"https:\/\/api.w.org\/{rel}","templated":true}]}}