{"id":55,"date":"2021-03-08T10:53:25","date_gmt":"2021-03-08T10:53:25","guid":{"rendered":"https:\/\/airtificial.com\/intelligent-robots\/?page_id=55"},"modified":"2025-11-18T14:01:39","modified_gmt":"2025-11-18T14:01:39","slug":"sobre-intelligent-robots","status":"publish","type":"page","link":"https:\/\/airtificial.com\/intelligent-robots\/sobre-intelligent-robots\/","title":{"rendered":"Sobre Intelligent Robots"},"content":{"rendered":"<h3>Intelligent Robots centra su actividad en el dise\u00f1o y fabricaci\u00f3n de <strong>soluciones innovadoras <\/strong>de sistemas de Ensayo y Montaje <strong>para todo tipo de procesos industriales<\/strong>. El<strong> conocimiento t\u00e9cnico, experiencia, capacidad de gesti\u00f3n y la aplicaci\u00f3n de tecnolog\u00eda avanzada<\/strong> como inteligencia artificial, rob\u00f3tica colaborativa y visi\u00f3n, entre otras, son aspectos diferenciadores que nos permiten proponer soluciones \u00fanicas adaptadas a los retos a los que se enfrentan nuestros clientes.<!--more--><\/h3>\n<p>Fundada en 1998 por un grupo de ingenieros con 20 a\u00f1os de experiencia en la industria. Actualmente cuenta con m\u00e1s de 200 profesionales de diferentes pa\u00edses, que son su principal activo, fortaleciendo as\u00ed el multiculturalismo en la empresa. La v<strong>ocaci\u00f3n de empresa tecnol\u00f3gica<\/strong> de referencia en las \u00e1reas de <strong>rob\u00f3tica e inteligencia artificial<\/strong>, nos permite adaptarnos a las necesidades de nuestros clientes y se centra en <strong>economizar sus procesos y optimizar la productividad<\/strong>.<\/p>\n<p>Acompa\u00f1amos a nuestros clientes con propuestas de valor desde la fase de dise\u00f1o, fabricaci\u00f3n, puesta a punto y futuras optimizaciones del rendimiento de las l\u00edneas y las plantas, monitorizando <strong>el comportamiento \u00f3ptimo de las l\u00edneas que producimos o que son propiedad del cliente <\/strong>y han sido elaboradas por otros fabricantes.<\/p>\n<p>Nuestra <strong>estrategia empresarial <\/strong>de convertirnos en un socio para nuestros clientes y <strong>trabajar conjuntamente, junto con <\/strong>la experiencia de AIRTIFICIAL en el sector de la automoci\u00f3n (uno de los m\u00e1s exigentes y tecnol\u00f3gicamente avanzados del mundo), ofrece una <strong>ventaja competitiva para encontrar la soluci\u00f3n m\u00e1s adecuada a los desaf\u00edos aportando distintas alternativas basadas en <\/strong>\u00a0<strong>la simplicidad, funcionalidad, robustez y eficacia, superando as\u00ed las expectativas de nuestros clientes.<\/strong><\/p>\n<p>Nuestra propuesta de valor se basa en un <strong>enfoque orientado a ser competitivos a trav\u00e9s de nuestros aspectos diferenciales <\/strong>que son: estrategia global, innovaci\u00f3n continua, ingenier\u00eda de partnership, gesti\u00f3n de proyectos, solidez t\u00e9cnica y liderazgo. Estos elementos diferenciales <strong>nos dan la capacidad para afrontar proyectos de ingenier\u00eda <\/strong>de alto valor agregado y soluciones robustas mediante el uso de tecnolog\u00edas punteras.<\/p>\n<p>Trabajamos con una perspectiva de <strong>pensamiento Lean <\/strong>ofreciendo servicios complementarios como <strong>metodolog\u00edas de simulaci\u00f3n<\/strong> para an\u00e1lisis de tiempo de ciclo de fabricaci\u00f3n, balanceo de l\u00ednea, asistencia presencial y remota aplicando tecnolog\u00edas como realidad virtual y realidad aumentada, metodolog\u00edas de resoluci\u00f3n de problemas para encontrar las causas fundamentales de las bajas eficiencias y problemas de calidad, entre otros.<\/p>\n<p>Airtificial Intelligent Robots est\u00e1 comprometido con la innovaci\u00f3n, la calidad (ISO 9001) y la integraci\u00f3n de las \u00faltimas tecnolog\u00edas. Su presencia internacional (oficinas en EE. UU., Polonia, M\u00e9xico, China e India) permite a Airtificial Intelligent Robots ser un proveedor global y proporcionar el mejor servicio global y soporte local a sus clientes.<\/p>\n<p>Establecer oficinas de ventas t\u00e9cnicas en pa\u00edses estrat\u00e9gicamente clave asegura un servicio de asistencia t\u00e9cnica \u00f3ptimo para nuestros clientes, ofreci\u00e9ndoles alta calidad en el dise\u00f1o y construcci\u00f3n de equipos y reduciendo los costes y el tiempo de entrega.<\/p>\n","protected":false},"excerpt":{"rendered":"<p>Intelligent Robots centra su actividad en el dise\u00f1o y fabricaci\u00f3n de soluciones innovadoras de sistemas de Ensayo y Montaje para todo tipo de procesos industriales. El conocimiento t\u00e9cnico, experiencia, capacidad de gesti\u00f3n y la aplicaci\u00f3n de tecnolog\u00eda avanzada como inteligencia artificial, rob\u00f3tica colaborativa y visi\u00f3n, entre otras, son aspectos diferenciadores que nos permiten proponer soluciones [&hellip;]<\/p>\n","protected":false},"author":1,"featured_media":0,"parent":0,"menu_order":35,"comment_status":"closed","ping_status":"closed","template":"template-about-us.php","meta":{"_acf_changed":false,"inline_featured_image":false,"footnotes":""},"class_list":["post-55","page","type-page","status-publish","hentry"],"acf":[],"yoast_head":"<!-- This site is optimized with the Yoast SEO plugin v27.3 - https:\/\/yoast.com\/product\/yoast-seo-wordpress\/ -->\n<title>Sobre Intelligent Robots - Intelligent Robots<\/title>\n<meta name=\"robots\" content=\"index, follow, max-snippet:-1, max-image-preview:large, max-video-preview:-1\" \/>\n<link rel=\"canonical\" href=\"https:\/\/airtificial.com\/intelligent-robots\/sobre-intelligent-robots\/\" \/>\n<meta property=\"og:locale\" content=\"es_ES\" \/>\n<meta property=\"og:type\" content=\"article\" \/>\n<meta property=\"og:title\" content=\"Sobre Intelligent Robots - Intelligent Robots\" \/>\n<meta property=\"og:description\" content=\"Intelligent Robots centra su actividad en el dise\u00f1o y fabricaci\u00f3n de soluciones innovadoras de sistemas de Ensayo y Montaje para todo tipo de procesos industriales. El conocimiento t\u00e9cnico, experiencia, capacidad de gesti\u00f3n y la aplicaci\u00f3n de tecnolog\u00eda avanzada como inteligencia artificial, rob\u00f3tica colaborativa y visi\u00f3n, entre otras, son aspectos diferenciadores que nos permiten proponer soluciones [&hellip;]\" \/>\n<meta property=\"og:url\" content=\"https:\/\/airtificial.com\/intelligent-robots\/sobre-intelligent-robots\/\" \/>\n<meta property=\"og:site_name\" content=\"Intelligent Robots\" \/>\n<meta property=\"article:modified_time\" content=\"2025-11-18T14:01:39+00:00\" \/>\n<meta name=\"twitter:card\" content=\"summary_large_image\" \/>\n<meta name=\"twitter:label1\" content=\"Tiempo de lectura\" \/>\n\t<meta name=\"twitter:data1\" content=\"3 minutos\" \/>\n<!-- \/ Yoast SEO plugin. -->","yoast_head_json":{"title":"Sobre Intelligent Robots - Intelligent Robots","robots":{"index":"index","follow":"follow","max-snippet":"max-snippet:-1","max-image-preview":"max-image-preview:large","max-video-preview":"max-video-preview:-1"},"canonical":"https:\/\/airtificial.com\/intelligent-robots\/sobre-intelligent-robots\/","og_locale":"es_ES","og_type":"article","og_title":"Sobre Intelligent Robots - Intelligent Robots","og_description":"Intelligent Robots centra su actividad en el dise\u00f1o y fabricaci\u00f3n de soluciones innovadoras de sistemas de Ensayo y Montaje para todo tipo de procesos industriales. El conocimiento t\u00e9cnico, experiencia, capacidad de gesti\u00f3n y la aplicaci\u00f3n de tecnolog\u00eda avanzada como inteligencia artificial, rob\u00f3tica colaborativa y visi\u00f3n, entre otras, son aspectos diferenciadores que nos permiten proponer soluciones [&hellip;]","og_url":"https:\/\/airtificial.com\/intelligent-robots\/sobre-intelligent-robots\/","og_site_name":"Intelligent Robots","article_modified_time":"2025-11-18T14:01:39+00:00","twitter_card":"summary_large_image","twitter_misc":{"Tiempo de lectura":"3 minutos"},"schema":{"@context":"https:\/\/schema.org","@graph":[{"@type":"WebPage","@id":"https:\/\/airtificial.com\/intelligent-robots\/sobre-intelligent-robots\/","url":"https:\/\/airtificial.com\/intelligent-robots\/sobre-intelligent-robots\/","name":"Sobre Intelligent Robots - Intelligent Robots","isPartOf":{"@id":"https:\/\/airtificial.com\/intelligent-robots\/#website"},"datePublished":"2021-03-08T10:53:25+00:00","dateModified":"2025-11-18T14:01:39+00:00","breadcrumb":{"@id":"https:\/\/airtificial.com\/intelligent-robots\/sobre-intelligent-robots\/#breadcrumb"},"inLanguage":"es","potentialAction":[{"@type":"ReadAction","target":["https:\/\/airtificial.com\/intelligent-robots\/sobre-intelligent-robots\/"]}]},{"@type":"BreadcrumbList","@id":"https:\/\/airtificial.com\/intelligent-robots\/sobre-intelligent-robots\/#breadcrumb","itemListElement":[{"@type":"ListItem","position":1,"name":"Portada","item":"https:\/\/airtificial.com\/intelligent-robots\/"},{"@type":"ListItem","position":2,"name":"Sobre Intelligent Robots"}]},{"@type":"WebSite","@id":"https:\/\/airtificial.com\/intelligent-robots\/#website","url":"https:\/\/airtificial.com\/intelligent-robots\/","name":"Intelligent Robots","description":"Otro sitio m\u00e1s de Airtificial sitios","potentialAction":[{"@type":"SearchAction","target":{"@type":"EntryPoint","urlTemplate":"https:\/\/airtificial.com\/intelligent-robots\/?s={search_term_string}"},"query-input":{"@type":"PropertyValueSpecification","valueRequired":true,"valueName":"search_term_string"}}],"inLanguage":"es"}]}},"_links":{"self":[{"href":"https:\/\/airtificial.com\/intelligent-robots\/wp-json\/wp\/v2\/pages\/55","targetHints":{"allow":["GET"]}}],"collection":[{"href":"https:\/\/airtificial.com\/intelligent-robots\/wp-json\/wp\/v2\/pages"}],"about":[{"href":"https:\/\/airtificial.com\/intelligent-robots\/wp-json\/wp\/v2\/types\/page"}],"author":[{"embeddable":true,"href":"https:\/\/airtificial.com\/intelligent-robots\/wp-json\/wp\/v2\/users\/1"}],"replies":[{"embeddable":true,"href":"https:\/\/airtificial.com\/intelligent-robots\/wp-json\/wp\/v2\/comments?post=55"}],"version-history":[{"count":53,"href":"https:\/\/airtificial.com\/intelligent-robots\/wp-json\/wp\/v2\/pages\/55\/revisions"}],"predecessor-version":[{"id":8900,"href":"https:\/\/airtificial.com\/intelligent-robots\/wp-json\/wp\/v2\/pages\/55\/revisions\/8900"}],"wp:attachment":[{"href":"https:\/\/airtificial.com\/intelligent-robots\/wp-json\/wp\/v2\/media?parent=55"}],"curies":[{"name":"wp","href":"https:\/\/api.w.org\/{rel}","templated":true}]}}