{"id":76,"date":"2021-03-09T16:09:55","date_gmt":"2021-03-09T16:09:55","guid":{"rendered":"https:\/\/airtificial.com\/intelligent-robots\/?page_id=76"},"modified":"2021-09-17T09:09:01","modified_gmt":"2021-09-17T09:09:01","slug":"tecnologias-de-robotica-vision-y-montaje","status":"publish","type":"page","link":"https:\/\/airtificial.com\/intelligent-robots\/productos\/tecnologias-de-robotica-vision-y-montaje\/","title":{"rendered":"L\u00edneas de montaje, automatizaci\u00f3n, rob\u00f3tica y visi\u00f3n"},"content":{"rendered":"<p><strong>El equipo de ingenier\u00eda dise\u00f1a soluciones a medida para resolver procesos de ensamble, desde l\u00edneas paletizadas (con ensambles autom\u00e1ticos o manuales) hasta sistemas \u2018lean\u2019 (basados \u200b\u200ben estaciones independientes), desde l\u00edneas a gran escala para ensambles complejos (integrando robots y dispositivos de manipulaci\u00f3n) a m\u00e1quinas giratorias para procesos m\u00e1s simples.<\/strong><\/p>\n<p><!--more--><\/p>\n<p>Para todo ello, Airtificial Intelligent Robots utiliza el conocimiento y experiencia en la integraci\u00f3n de nuevas tecnolog\u00edas en \u00e1rea de rob\u00f3tica, visi\u00f3n y automatizaci\u00f3n entre otras.<\/p>\n<p>Nuestra experiencia en test tambi\u00e9n significa que podemos proporcionar soluciones completas, incluida la verificaci\u00f3n de las diferentes etapas del ensamble y las pruebas funcionales que garantizan que las piezas suministradas al cliente tengan \u201ccero defectos\u201d, con sistemas de trazabilidad de piezas que lo aseguran y, software operativo para posterior control y an\u00e1lisis.<\/p>\n","protected":false},"excerpt":{"rendered":"<p>El equipo de ingenier\u00eda dise\u00f1a soluciones a medida para resolver procesos de ensamble, desde l\u00edneas paletizadas (con ensambles autom\u00e1ticos o manuales) hasta sistemas \u2018lean\u2019 (basados \u200b\u200ben estaciones independientes), desde l\u00edneas a gran escala para ensambles complejos (integrando robots y dispositivos de manipulaci\u00f3n) a m\u00e1quinas giratorias para procesos m\u00e1s simples.<\/p>\n","protected":false},"author":1,"featured_media":0,"parent":8,"menu_order":8,"comment_status":"closed","ping_status":"closed","template":"t-intelligent-robots\/template-product-index.php","meta":{"_acf_changed":false,"inline_featured_image":false,"footnotes":""},"class_list":["post-76","page","type-page","status-publish","hentry"],"acf":[],"yoast_head":"<!-- This site is optimized with the Yoast SEO plugin v27.4 - https:\/\/yoast.com\/product\/yoast-seo-wordpress\/ -->\n<title>L\u00edneas de montaje, automatizaci\u00f3n, rob\u00f3tica y visi\u00f3n - Intelligent Robots<\/title>\n<meta name=\"robots\" content=\"index, follow, max-snippet:-1, max-image-preview:large, max-video-preview:-1\" \/>\n<link rel=\"canonical\" href=\"https:\/\/airtificial.com\/intelligent-robots\/productos\/tecnologias-de-robotica-vision-y-montaje\/\" \/>\n<meta property=\"og:locale\" content=\"es_ES\" \/>\n<meta property=\"og:type\" content=\"article\" \/>\n<meta property=\"og:title\" content=\"L\u00edneas de montaje, automatizaci\u00f3n, rob\u00f3tica y visi\u00f3n - Intelligent Robots\" \/>\n<meta property=\"og:description\" content=\"El equipo de ingenier\u00eda dise\u00f1a soluciones a medida para resolver procesos de ensamble, desde l\u00edneas paletizadas (con ensambles autom\u00e1ticos o manuales) hasta sistemas \u2018lean\u2019 (basados \u200b\u200ben estaciones independientes), desde l\u00edneas a gran escala para ensambles complejos (integrando robots y dispositivos de manipulaci\u00f3n) a m\u00e1quinas giratorias para procesos m\u00e1s simples.\" \/>\n<meta property=\"og:url\" content=\"https:\/\/airtificial.com\/intelligent-robots\/productos\/tecnologias-de-robotica-vision-y-montaje\/\" \/>\n<meta property=\"og:site_name\" content=\"Intelligent Robots\" \/>\n<meta property=\"article:modified_time\" content=\"2021-09-17T09:09:01+00:00\" \/>\n<meta name=\"twitter:card\" content=\"summary_large_image\" \/>\n<meta name=\"twitter:label1\" content=\"Tiempo de lectura\" \/>\n\t<meta name=\"twitter:data1\" content=\"1 minuto\" \/>\n<!-- \/ Yoast SEO plugin. -->","yoast_head_json":{"title":"L\u00edneas de montaje, automatizaci\u00f3n, rob\u00f3tica y visi\u00f3n - Intelligent Robots","robots":{"index":"index","follow":"follow","max-snippet":"max-snippet:-1","max-image-preview":"max-image-preview:large","max-video-preview":"max-video-preview:-1"},"canonical":"https:\/\/airtificial.com\/intelligent-robots\/productos\/tecnologias-de-robotica-vision-y-montaje\/","og_locale":"es_ES","og_type":"article","og_title":"L\u00edneas de montaje, automatizaci\u00f3n, rob\u00f3tica y visi\u00f3n - Intelligent Robots","og_description":"El equipo de ingenier\u00eda dise\u00f1a soluciones a medida para resolver procesos de ensamble, desde l\u00edneas paletizadas (con ensambles autom\u00e1ticos o manuales) hasta sistemas \u2018lean\u2019 (basados \u200b\u200ben estaciones independientes), desde l\u00edneas a gran escala para ensambles complejos (integrando robots y dispositivos de manipulaci\u00f3n) a m\u00e1quinas giratorias para procesos m\u00e1s simples.","og_url":"https:\/\/airtificial.com\/intelligent-robots\/productos\/tecnologias-de-robotica-vision-y-montaje\/","og_site_name":"Intelligent Robots","article_modified_time":"2021-09-17T09:09:01+00:00","twitter_card":"summary_large_image","twitter_misc":{"Tiempo de lectura":"1 minuto"},"schema":{"@context":"https:\/\/schema.org","@graph":[{"@type":"WebPage","@id":"https:\/\/airtificial.com\/intelligent-robots\/productos\/tecnologias-de-robotica-vision-y-montaje\/","url":"https:\/\/airtificial.com\/intelligent-robots\/productos\/tecnologias-de-robotica-vision-y-montaje\/","name":"L\u00edneas de montaje, automatizaci\u00f3n, rob\u00f3tica y visi\u00f3n - Intelligent Robots","isPartOf":{"@id":"https:\/\/airtificial.com\/intelligent-robots\/#website"},"datePublished":"2021-03-09T16:09:55+00:00","dateModified":"2021-09-17T09:09:01+00:00","breadcrumb":{"@id":"https:\/\/airtificial.com\/intelligent-robots\/productos\/tecnologias-de-robotica-vision-y-montaje\/#breadcrumb"},"inLanguage":"es","potentialAction":[{"@type":"ReadAction","target":["https:\/\/airtificial.com\/intelligent-robots\/productos\/tecnologias-de-robotica-vision-y-montaje\/"]}]},{"@type":"BreadcrumbList","@id":"https:\/\/airtificial.com\/intelligent-robots\/productos\/tecnologias-de-robotica-vision-y-montaje\/#breadcrumb","itemListElement":[{"@type":"ListItem","position":1,"name":"Portada","item":"https:\/\/airtificial.com\/intelligent-robots\/"},{"@type":"ListItem","position":2,"name":"Productos","item":"https:\/\/airtificial.com\/intelligent-robots\/productos\/"},{"@type":"ListItem","position":3,"name":"L\u00edneas de montaje, automatizaci\u00f3n, rob\u00f3tica y visi\u00f3n"}]},{"@type":"WebSite","@id":"https:\/\/airtificial.com\/intelligent-robots\/#website","url":"https:\/\/airtificial.com\/intelligent-robots\/","name":"Intelligent Robots","description":"Otro sitio m\u00e1s de Airtificial sitios","potentialAction":[{"@type":"SearchAction","target":{"@type":"EntryPoint","urlTemplate":"https:\/\/airtificial.com\/intelligent-robots\/?s={search_term_string}"},"query-input":{"@type":"PropertyValueSpecification","valueRequired":true,"valueName":"search_term_string"}}],"inLanguage":"es"}]}},"_links":{"self":[{"href":"https:\/\/airtificial.com\/intelligent-robots\/wp-json\/wp\/v2\/pages\/76","targetHints":{"allow":["GET"]}}],"collection":[{"href":"https:\/\/airtificial.com\/intelligent-robots\/wp-json\/wp\/v2\/pages"}],"about":[{"href":"https:\/\/airtificial.com\/intelligent-robots\/wp-json\/wp\/v2\/types\/page"}],"author":[{"embeddable":true,"href":"https:\/\/airtificial.com\/intelligent-robots\/wp-json\/wp\/v2\/users\/1"}],"replies":[{"embeddable":true,"href":"https:\/\/airtificial.com\/intelligent-robots\/wp-json\/wp\/v2\/comments?post=76"}],"version-history":[{"count":18,"href":"https:\/\/airtificial.com\/intelligent-robots\/wp-json\/wp\/v2\/pages\/76\/revisions"}],"predecessor-version":[{"id":1006,"href":"https:\/\/airtificial.com\/intelligent-robots\/wp-json\/wp\/v2\/pages\/76\/revisions\/1006"}],"up":[{"embeddable":true,"href":"https:\/\/airtificial.com\/intelligent-robots\/wp-json\/wp\/v2\/pages\/8"}],"wp:attachment":[{"href":"https:\/\/airtificial.com\/intelligent-robots\/wp-json\/wp\/v2\/media?parent=76"}],"curies":[{"name":"wp","href":"https:\/\/api.w.org\/{rel}","templated":true}]}}