{"id":82,"date":"2021-03-09T16:10:45","date_gmt":"2021-03-09T16:10:45","guid":{"rendered":"https:\/\/airtificial.com\/intelligent-robots\/?page_id=82"},"modified":"2022-04-25T08:33:55","modified_gmt":"2022-04-25T08:33:55","slug":"optimizacion-de-lineas-y-procesos","status":"publish","type":"page","link":"https:\/\/airtificial.com\/intelligent-robots\/productos\/optimizacion-de-lineas-y-procesos\/","title":{"rendered":"Optimizaci\u00f3n de l\u00edneas y procesos"},"content":{"rendered":"<h2><strong>\u00bfComo mantener las plantas al optimo nivel operativo?<\/strong><\/h2>\n<p><!--more--><\/p>\n<p>AI-IR ofrece proyectos especiales para la optimizaci\u00f3n del rendimiento de las l\u00edneas y plantas de producci\u00f3n a trav\u00e9s de los m\u00e1s de 20 a\u00f1os de experiencia en procesos de automatizaci\u00f3n e integraci\u00f3n de nuevas tecnolog\u00edas.<\/p>\n<p>Estas mejoras pueden consistir en:<\/p>\n<ul>\n<li>Reducci\u00f3n de la obsolescencia de los procesos tanto manuales como autom\u00e1ticos a trav\u00e9s de la automatizaci\u00f3n e integraci\u00f3n de nuevas tecnolog\u00edas.<\/li>\n<li>Aumento de la flexibilidad de las operaciones y posibilidad de utilizar procesos multi-producto.<\/li>\n<li>Mejora de la utilizaci\u00f3n del espacio a trav\u00e9s de reducciones de layouts.<\/li>\n<li>Incremento de los ratios de producci\u00f3n y calidad como el OEE, FTQ o reducci\u00f3n de tiempos de ciclo.<\/li>\n<\/ul>\n<p>Nuestras propuestas est\u00e1n soportadas por nuestros pilares de competitividad que incluyen la innovaci\u00f3n, integraci\u00f3n de nuevas tecnolog\u00edas, nuestra experiencia en el dise\u00f1o y fabricaci\u00f3n de procesos de montaje y test, as\u00ed como las metodolog\u00edas Lean Six Sigma.<\/p>\n<p>La base de nuestros estudios incluye an\u00e1lisis y soluciones para tiempos de ciclos, n\u00famero de operarios, flexibilidad, estandarizaci\u00f3n, calidad (OEE) y optimizaci\u00f3n de procesos entre otros.<\/p>\n","protected":false},"excerpt":{"rendered":"<p>\u00bfComo mantener las plantas al optimo nivel operativo?<\/p>\n","protected":false},"author":1,"featured_media":0,"parent":8,"menu_order":13,"comment_status":"closed","ping_status":"closed","template":"t-intelligent-robots\/template-product-index.php","meta":{"_acf_changed":false,"inline_featured_image":false,"footnotes":""},"class_list":["post-82","page","type-page","status-publish","hentry"],"acf":[],"yoast_head":"<!-- This site is optimized with the Yoast SEO plugin v27.3 - https:\/\/yoast.com\/product\/yoast-seo-wordpress\/ -->\n<title>Optimizaci\u00f3n de l\u00edneas y procesos - Intelligent Robots<\/title>\n<meta name=\"robots\" content=\"index, follow, max-snippet:-1, max-image-preview:large, max-video-preview:-1\" \/>\n<link rel=\"canonical\" href=\"https:\/\/airtificial.com\/intelligent-robots\/productos\/optimizacion-de-lineas-y-procesos\/\" \/>\n<meta property=\"og:locale\" content=\"es_ES\" \/>\n<meta property=\"og:type\" content=\"article\" \/>\n<meta property=\"og:title\" content=\"Optimizaci\u00f3n de l\u00edneas y procesos - Intelligent Robots\" \/>\n<meta property=\"og:description\" content=\"\u00bfComo mantener las plantas al optimo nivel operativo?\" \/>\n<meta property=\"og:url\" content=\"https:\/\/airtificial.com\/intelligent-robots\/productos\/optimizacion-de-lineas-y-procesos\/\" \/>\n<meta property=\"og:site_name\" content=\"Intelligent Robots\" \/>\n<meta property=\"article:modified_time\" content=\"2022-04-25T08:33:55+00:00\" \/>\n<meta name=\"twitter:card\" content=\"summary_large_image\" \/>\n<meta name=\"twitter:label1\" content=\"Tiempo de lectura\" \/>\n\t<meta name=\"twitter:data1\" content=\"1 minuto\" \/>\n<!-- \/ Yoast SEO plugin. -->","yoast_head_json":{"title":"Optimizaci\u00f3n de l\u00edneas y procesos - Intelligent Robots","robots":{"index":"index","follow":"follow","max-snippet":"max-snippet:-1","max-image-preview":"max-image-preview:large","max-video-preview":"max-video-preview:-1"},"canonical":"https:\/\/airtificial.com\/intelligent-robots\/productos\/optimizacion-de-lineas-y-procesos\/","og_locale":"es_ES","og_type":"article","og_title":"Optimizaci\u00f3n de l\u00edneas y procesos - Intelligent Robots","og_description":"\u00bfComo mantener las plantas al optimo nivel operativo?","og_url":"https:\/\/airtificial.com\/intelligent-robots\/productos\/optimizacion-de-lineas-y-procesos\/","og_site_name":"Intelligent Robots","article_modified_time":"2022-04-25T08:33:55+00:00","twitter_card":"summary_large_image","twitter_misc":{"Tiempo de lectura":"1 minuto"},"schema":{"@context":"https:\/\/schema.org","@graph":[{"@type":"WebPage","@id":"https:\/\/airtificial.com\/intelligent-robots\/productos\/optimizacion-de-lineas-y-procesos\/","url":"https:\/\/airtificial.com\/intelligent-robots\/productos\/optimizacion-de-lineas-y-procesos\/","name":"Optimizaci\u00f3n de l\u00edneas y procesos - Intelligent Robots","isPartOf":{"@id":"https:\/\/airtificial.com\/intelligent-robots\/#website"},"datePublished":"2021-03-09T16:10:45+00:00","dateModified":"2022-04-25T08:33:55+00:00","breadcrumb":{"@id":"https:\/\/airtificial.com\/intelligent-robots\/productos\/optimizacion-de-lineas-y-procesos\/#breadcrumb"},"inLanguage":"es","potentialAction":[{"@type":"ReadAction","target":["https:\/\/airtificial.com\/intelligent-robots\/productos\/optimizacion-de-lineas-y-procesos\/"]}]},{"@type":"BreadcrumbList","@id":"https:\/\/airtificial.com\/intelligent-robots\/productos\/optimizacion-de-lineas-y-procesos\/#breadcrumb","itemListElement":[{"@type":"ListItem","position":1,"name":"Portada","item":"https:\/\/airtificial.com\/intelligent-robots\/"},{"@type":"ListItem","position":2,"name":"Productos","item":"https:\/\/airtificial.com\/intelligent-robots\/productos\/"},{"@type":"ListItem","position":3,"name":"Optimizaci\u00f3n de l\u00edneas y procesos"}]},{"@type":"WebSite","@id":"https:\/\/airtificial.com\/intelligent-robots\/#website","url":"https:\/\/airtificial.com\/intelligent-robots\/","name":"Intelligent Robots","description":"Otro sitio m\u00e1s de Airtificial sitios","potentialAction":[{"@type":"SearchAction","target":{"@type":"EntryPoint","urlTemplate":"https:\/\/airtificial.com\/intelligent-robots\/?s={search_term_string}"},"query-input":{"@type":"PropertyValueSpecification","valueRequired":true,"valueName":"search_term_string"}}],"inLanguage":"es"}]}},"_links":{"self":[{"href":"https:\/\/airtificial.com\/intelligent-robots\/wp-json\/wp\/v2\/pages\/82","targetHints":{"allow":["GET"]}}],"collection":[{"href":"https:\/\/airtificial.com\/intelligent-robots\/wp-json\/wp\/v2\/pages"}],"about":[{"href":"https:\/\/airtificial.com\/intelligent-robots\/wp-json\/wp\/v2\/types\/page"}],"author":[{"embeddable":true,"href":"https:\/\/airtificial.com\/intelligent-robots\/wp-json\/wp\/v2\/users\/1"}],"replies":[{"embeddable":true,"href":"https:\/\/airtificial.com\/intelligent-robots\/wp-json\/wp\/v2\/comments?post=82"}],"version-history":[{"count":7,"href":"https:\/\/airtificial.com\/intelligent-robots\/wp-json\/wp\/v2\/pages\/82\/revisions"}],"predecessor-version":[{"id":1156,"href":"https:\/\/airtificial.com\/intelligent-robots\/wp-json\/wp\/v2\/pages\/82\/revisions\/1156"}],"up":[{"embeddable":true,"href":"https:\/\/airtificial.com\/intelligent-robots\/wp-json\/wp\/v2\/pages\/8"}],"wp:attachment":[{"href":"https:\/\/airtificial.com\/intelligent-robots\/wp-json\/wp\/v2\/media?parent=82"}],"curies":[{"name":"wp","href":"https:\/\/api.w.org\/{rel}","templated":true}]}}